{"id":1063,"date":"2022-12-19T12:26:46","date_gmt":"2022-12-19T11:26:46","guid":{"rendered":"https:\/\/lesdeclenches.info\/?page_id=1063"},"modified":"2025-10-08T14:10:49","modified_gmt":"2025-10-08T12:10:49","slug":"entresorts","status":"publish","type":"page","link":"https:\/\/lesdeclenches.info\/index.php\/les-associes\/entresorts\/","title":{"rendered":"Entresorts"},"content":{"rendered":"<h2>ANIMAL GREEN WASH \/ Cr\u00e9ation 2025<\/h2>\n<h4>Tunnel Chamanique 6.0\/Entre-Sort<\/h4>\n<p style=\"text-align: justify;\">Dans un monde en perp\u00e9tuel mouvement o\u00f9 le Roi dollar transforme nos for\u00eats ancestrales en Center Parcs et nos sources mill\u00e9naires en piscines de refroidissement pour centrales nucl\u00e9aires, il est important que des entreprises du CAC40 se penchent sur la spiritualit\u00e9 d\u2019une g\u00e9n\u00e9ration en pleine perdition.<\/p>\n<p style=\"text-align: justify;\">Envie de trouver votre place dans ce monde f\u00e9roce pareil \u00e0 une jungle\u00a0?<br \/>\nD\u2019adopter les bons r\u00e9flexes : sortir les griffes, donner des coups de corne, montrer les dents dans un monde qui s&rsquo;\u00e9croule ? <i><\/i><\/p>\n<p style=\"text-align: justify;\">Les valeurs et l\u2019expertise de la Chamane Corporation\u00a9 &#8211; multinationale aux<br \/>\nnombreuses filiales pharmaceutiques et de d\u00e9veloppement personnel &#8211; permettent de<br \/>\nreprendre votre Pacha Mama int\u00e9rieure par la main pour la guider sur le vert<br \/>\nchemin de la r\u00e9ussite.<\/p>\n<p style=\"text-align: justify;\">Nos collaborateur-trice-s seront l\u00e0 pour vous guider dans un tunnel d\u2019une dizaine de<br \/>\nm\u00e8tres au bout duquel jaillira \u2013 apr\u00e8s une longue et technique transformation<br \/>\nfaisant appel \u00e0 de nouvelles technologies mais aussi des connaissances<br \/>\nchamaniques et spirituelles ancestrales \u2013 votre animal totem. Ou plut\u00f4t vous en votre animal totem face au public et une myriade de miroirs.<\/p>\n<p style=\"text-align: justify;\">En r\u00e9v\u00e9lant votre cr\u00e9ature enfouie, vous d\u00e9couvrirez les nouvelles ressources<br \/>\nvous permettant enfin de trouver votre place dans ce monde de serpents en constante mutation.<\/p>\n<p style=\"text-align: justify;\">Animal GreenWash (AGW) est un entre-sort cr\u00e9\u00e9 pour l\u2019espace public et pens\u00e9 comme une<br \/>\nexp\u00e9rience immersive, participative et inclusive.<\/p>\n<p style=\"text-align: justify;\">Cet entre-sort est destin\u00e9 aux adolescents et adultes en pleine conscience.<\/p>\n<p><strong>D\u00e8s 8 ans\u00a0 &#8211; 4 heures -Jour\/Nuit &#8211; 8 \u00e0 10 passages\/heure<\/strong><\/p>\n<p><iframe loading=\"lazy\" title=\"ANIMAL GREEN WASH TEASER \/ CIE LES D\u00c9CLENCH\u00c9S ASSOCI\u00c9S\" width=\"640\" height=\"360\" src=\"https:\/\/www.youtube.com\/embed\/b7mXQvM2_lw?feature=oembed\" frameborder=\"0\" allow=\"accelerometer; autoplay; clipboard-write; encrypted-media; gyroscope; picture-in-picture; web-share\" referrerpolicy=\"strict-origin-when-cross-origin\" allowfullscreen><\/iframe><br \/>\n<img decoding=\"async\" width=\"640\" height=\"480\" src=\"https:\/\/lesdeclenches.info\/wp-content\/uploads\/2024\/09\/IMG_8924-1024x768.jpeg\" alt=\"\" loading=\"lazy\" srcset=\"https:\/\/lesdeclenches.info\/wp-content\/uploads\/2024\/09\/IMG_8924-1024x768.jpeg 1024w, https:\/\/lesdeclenches.info\/wp-content\/uploads\/2024\/09\/IMG_8924-300x225.jpeg 300w, https:\/\/lesdeclenches.info\/wp-content\/uploads\/2024\/09\/IMG_8924-768x576.jpeg 768w, https:\/\/lesdeclenches.info\/wp-content\/uploads\/2024\/09\/IMG_8924-1536x1152.jpeg 1536w\" sizes=\"(max-width: 640px) 100vw, 640px\" \/><br \/>\n<img decoding=\"async\" width=\"640\" height=\"480\" src=\"https:\/\/lesdeclenches.info\/wp-content\/uploads\/2024\/09\/IMG_9021-1024x768.jpeg\" alt=\"\" loading=\"lazy\" srcset=\"https:\/\/lesdeclenches.info\/wp-content\/uploads\/2024\/09\/IMG_9021-1024x768.jpeg 1024w, https:\/\/lesdeclenches.info\/wp-content\/uploads\/2024\/09\/IMG_9021-300x225.jpeg 300w, https:\/\/lesdeclenches.info\/wp-content\/uploads\/2024\/09\/IMG_9021-768x576.jpeg 768w, https:\/\/lesdeclenches.info\/wp-content\/uploads\/2024\/09\/IMG_9021-1536x1152.jpeg 1536w, https:\/\/lesdeclenches.info\/wp-content\/uploads\/2024\/09\/IMG_9021-2048x1536.jpeg 2048w\" sizes=\"(max-width: 640px) 100vw, 640px\" \/><br \/>\n<img decoding=\"async\" width=\"169\" height=\"300\" src=\"https:\/\/lesdeclenches.info\/wp-content\/uploads\/2024\/09\/IMG_8957-169x300.jpeg\" alt=\"\" loading=\"lazy\" srcset=\"https:\/\/lesdeclenches.info\/wp-content\/uploads\/2024\/09\/IMG_8957-169x300.jpeg 169w, https:\/\/lesdeclenches.info\/wp-content\/uploads\/2024\/09\/IMG_8957-576x1024.jpeg 576w, https:\/\/lesdeclenches.info\/wp-content\/uploads\/2024\/09\/IMG_8957-768x1365.jpeg 768w, https:\/\/lesdeclenches.info\/wp-content\/uploads\/2024\/09\/IMG_8957-864x1536.jpeg 864w, https:\/\/lesdeclenches.info\/wp-content\/uploads\/2024\/09\/IMG_8957-1152x2048.jpeg 1152w, https:\/\/lesdeclenches.info\/wp-content\/uploads\/2024\/09\/IMG_8957-scaled.jpeg 1440w\" sizes=\"(max-width: 169px) 100vw, 169px\" \/><\/p>\n<h2>Hymne Aux Monstres Marins<\/h2>\n<h4>Projection Super8, Musique des Profondeurs et Po\u00e9sies Abyssales<\/h4>\n<h2>Forme compacte en caravane &#8211; Grande jauge In-Situ<\/h2>\n<p>Entrez dans le ventre de cette baleine m\u00e9canique o\u00f9 Pinocchio en personne aurait \u00e9t\u00e9 ravi de se faire filtrer. Les 8 projecteurs Super 8 malgr\u00e9 leur immersion prolong\u00e9e vont se mettre \u00e0 ronronner !<\/p>\n<p>Un cin\u00e9ma embarqu\u00e9 o\u00f9 le matelot projectionniste et le capitaine po\u00e8te vous accueillent dans les cales enfum\u00e9es de leur vieux voilier. Lieu sombre et p\u00e9tri d&rsquo;aventure o\u00f9 les voix poissonneuses se m\u00ealent aux images des tr\u00e9fonds des abysses.<\/p>\n<p>Cette projection en Super 8 de films anciens d\u00e9di\u00e9s \u00e0 la mer et \u00e0 l\u2019univers oc\u00e9anique d\u00e9ferle sur le public o\u00f9 l\u2019\u00e9cho de la po\u00e9sie des textes d\u2019Alessandro Baricco, d\u2019Ernest Hemingway, d\u2019Alphonse de Lamartine, d&rsquo;Antonin Artaud entre autres r\u00e9pondent \u00e0 l\u2019\u00e9cho des vagues et du son des projecteurs Super8 amplifi\u00e9s et loop\u00e9s &#8211; en live &#8211; par des musicien.nes.<\/p>\n<p>Raz de mar\u00e9e infini.<\/p>\n<p align=\"justify\"><strong>Tout Public &#8211; 1 \u00e0 6 personnes &#8211;\u00a06 passages par heure &#8211;\u00a0<\/strong><strong>Jour\/Nuit en caravane ou lieu clos<\/strong>\u00a0<strong>&#8211; 48<\/strong><\/p>\n<p>\t\t\t\t\t\t\t\t\t\t\t\t\t\t\t<img decoding=\"async\" width=\"640\" height=\"853\" src=\"https:\/\/lesdeclenches.info\/wp-content\/uploads\/2024\/09\/IMG-20240617-WA0032-768x1024.jpg\" alt=\"\" loading=\"lazy\" srcset=\"https:\/\/lesdeclenches.info\/wp-content\/uploads\/2024\/09\/IMG-20240617-WA0032-768x1024.jpg 768w, https:\/\/lesdeclenches.info\/wp-content\/uploads\/2024\/09\/IMG-20240617-WA0032-225x300.jpg 225w, https:\/\/lesdeclenches.info\/wp-content\/uploads\/2024\/09\/IMG-20240617-WA0032-1152x1536.jpg 1152w, https:\/\/lesdeclenches.info\/wp-content\/uploads\/2024\/09\/IMG-20240617-WA0032.jpg 1536w\" sizes=\"(max-width: 640px) 100vw, 640px\" \/><br \/>\n<img decoding=\"async\" width=\"640\" height=\"480\" src=\"https:\/\/lesdeclenches.info\/wp-content\/uploads\/2024\/09\/IMG-20240617-WA0052-1024x768.jpg\" alt=\"\" loading=\"lazy\" srcset=\"https:\/\/lesdeclenches.info\/wp-content\/uploads\/2024\/09\/IMG-20240617-WA0052-1024x768.jpg 1024w, https:\/\/lesdeclenches.info\/wp-content\/uploads\/2024\/09\/IMG-20240617-WA0052-300x225.jpg 300w, https:\/\/lesdeclenches.info\/wp-content\/uploads\/2024\/09\/IMG-20240617-WA0052-768x576.jpg 768w, https:\/\/lesdeclenches.info\/wp-content\/uploads\/2024\/09\/IMG-20240617-WA0052-1536x1152.jpg 1536w, https:\/\/lesdeclenches.info\/wp-content\/uploads\/2024\/09\/IMG-20240617-WA0052.jpg 2048w\" sizes=\"(max-width: 640px) 100vw, 640px\" \/><br \/>\n<img decoding=\"async\" width=\"640\" height=\"360\" src=\"https:\/\/lesdeclenches.info\/wp-content\/uploads\/2023\/11\/vlcsnap-2023-08-16-18h12m59s151-1024x576.png\" alt=\"\" loading=\"lazy\" srcset=\"https:\/\/lesdeclenches.info\/wp-content\/uploads\/2023\/11\/vlcsnap-2023-08-16-18h12m59s151-1024x576.png 1024w, https:\/\/lesdeclenches.info\/wp-content\/uploads\/2023\/11\/vlcsnap-2023-08-16-18h12m59s151-300x169.png 300w, https:\/\/lesdeclenches.info\/wp-content\/uploads\/2023\/11\/vlcsnap-2023-08-16-18h12m59s151-768x432.png 768w, https:\/\/lesdeclenches.info\/wp-content\/uploads\/2023\/11\/vlcsnap-2023-08-16-18h12m59s151-1536x864.png 1536w, https:\/\/lesdeclenches.info\/wp-content\/uploads\/2023\/11\/vlcsnap-2023-08-16-18h12m59s151.png 1920w\" sizes=\"(max-width: 640px) 100vw, 640px\" \/><br \/>\n<img decoding=\"async\" width=\"640\" height=\"360\" src=\"https:\/\/lesdeclenches.info\/wp-content\/uploads\/2023\/11\/vlcsnap-2023-08-16-22h22m32s205-1024x576.png\" alt=\"\" loading=\"lazy\" srcset=\"https:\/\/lesdeclenches.info\/wp-content\/uploads\/2023\/11\/vlcsnap-2023-08-16-22h22m32s205-1024x576.png 1024w, https:\/\/lesdeclenches.info\/wp-content\/uploads\/2023\/11\/vlcsnap-2023-08-16-22h22m32s205-300x169.png 300w, https:\/\/lesdeclenches.info\/wp-content\/uploads\/2023\/11\/vlcsnap-2023-08-16-22h22m32s205-768x432.png 768w, https:\/\/lesdeclenches.info\/wp-content\/uploads\/2023\/11\/vlcsnap-2023-08-16-22h22m32s205-1536x864.png 1536w, https:\/\/lesdeclenches.info\/wp-content\/uploads\/2023\/11\/vlcsnap-2023-08-16-22h22m32s205.png 1920w\" sizes=\"(max-width: 640px) 100vw, 640px\" \/><\/p>\n<h3>L&rsquo;AGENCE TOURISTE<\/h3>\n<h4>Voyagez aux quatre coins du monde de votre Canap\u00e9 (N\u00b01 au concourt L\u00e9pine)<\/h4>\n<p><iframe loading=\"lazy\" title=\"AGENCE TOURISTES\" src=\"https:\/\/player.vimeo.com\/video\/488061313?dnt=1&amp;app_id=122963\" width=\"540\" height=\"360\" frameborder=\"0\" allow=\"autoplay; fullscreen; picture-in-picture; clipboard-write; encrypted-media; web-share\" referrerpolicy=\"strict-origin-when-cross-origin\"><\/iframe><br \/>\n<img decoding=\"async\" width=\"640\" height=\"454\" src=\"https:\/\/lesdeclenches.info\/wp-content\/uploads\/2020\/12\/2-1024x726.jpg\" alt=\"\" loading=\"lazy\" srcset=\"https:\/\/lesdeclenches.info\/wp-content\/uploads\/2020\/12\/2-1024x726.jpg 1024w, https:\/\/lesdeclenches.info\/wp-content\/uploads\/2020\/12\/2-300x213.jpg 300w, https:\/\/lesdeclenches.info\/wp-content\/uploads\/2020\/12\/2-768x545.jpg 768w, https:\/\/lesdeclenches.info\/wp-content\/uploads\/2020\/12\/2-1536x1090.jpg 1536w, https:\/\/lesdeclenches.info\/wp-content\/uploads\/2020\/12\/2.jpg 1748w\" sizes=\"(max-width: 640px) 100vw, 640px\" \/><\/p>\n<p>Jean-Michel et Jean-Luc vous accueillent au Salon de l&rsquo;Innovation de Saint-Etienne 1984 dans leur stand r\u00e9volutionnaire de l&rsquo;AGENCE TOURISTE.<\/p>\n<p>Non loin des stands Minitel France T\u00e9l\u00e9com, des presses jus \u00e9lectriques auto-reverses de chez Tefal,&nbsp; des WalkMan avec tourne disque int\u00e9gr\u00e9 de chez Somy, ils vous pr\u00e9senteront leur invention r\u00e9volutionnaire sur fond vert. Le brevet \u00e0 peine d\u00e9pos\u00e9 &#8211; forts de leurs parutions dans les magazines sp\u00e9cialis\u00e9s Les Inventions Inventives et Le Fugaro Business &#8211; ils vous invitent maintenant pour un tour du monde au fin des contr\u00e9es de vos r\u00eaves.<\/p>\n<p>Voyagez vers le Cap Vert, Les Marquises, La Zone Artisanale de Sochaux, Le PMU chez Janine \u00e0 Saint-Etienne. Devenez parrain du T\u00e9l\u00e9thon ou de la SPA au c\u00f4t\u00e9s de Naguy et de Sylvie Vartan. Reprenez Sous le Vent en duo avec Garou ou C\u00e9line D.<\/p>\n<p>Ces photographies une fois trait\u00e9es par notre Ordinateur de 4m3 &#8211; le IBN 46X3 &#8211; se transformeront en cartes postales derri\u00e8res lesquelles vous pourrez venir apposer quelques mots tendre pour faire jalouser vos proches d&rsquo;\u00eatre rest\u00e9s ferm\u00e9s chez eux.&nbsp;<\/p>\n<p>Venez voyager (du moins le faire croire), vivre vos r\u00eaves et changer de vie gr\u00e2ce \u00e0 la r\u00e9volution num\u00e9rique \u00e0 la Fran\u00e7aise.&nbsp;<\/p>\n<p><b>D\u00e8s 10 ans &#8211; 3 \u00e0 6 personnes &#8211; 6 sessions par heure d&rsquo;environ 10 min &#8211; Jour\/Nuit<\/b><\/p>\n<p><img decoding=\"async\" width=\"640\" height=\"430\" src=\"https:\/\/lesdeclenches.info\/wp-content\/uploads\/2023\/11\/Capture-decran-2021-09-28-a-14.33.24-1024x688.png\" alt=\"\" loading=\"lazy\" srcset=\"https:\/\/lesdeclenches.info\/wp-content\/uploads\/2023\/11\/Capture-decran-2021-09-28-a-14.33.24-1024x688.png 1024w, https:\/\/lesdeclenches.info\/wp-content\/uploads\/2023\/11\/Capture-decran-2021-09-28-a-14.33.24-300x202.png 300w, https:\/\/lesdeclenches.info\/wp-content\/uploads\/2023\/11\/Capture-decran-2021-09-28-a-14.33.24-768x516.png 768w, https:\/\/lesdeclenches.info\/wp-content\/uploads\/2023\/11\/Capture-decran-2021-09-28-a-14.33.24.png 1123w\" sizes=\"(max-width: 640px) 100vw, 640px\" \/><br \/>\n<img decoding=\"async\" width=\"509\" height=\"340\" src=\"https:\/\/lesdeclenches.info\/wp-content\/uploads\/2023\/11\/Peche-au-Gros.jpg\" alt=\"\" loading=\"lazy\" srcset=\"https:\/\/lesdeclenches.info\/wp-content\/uploads\/2023\/11\/Peche-au-Gros.jpg 509w, https:\/\/lesdeclenches.info\/wp-content\/uploads\/2023\/11\/Peche-au-Gros-300x200.jpg 300w\" sizes=\"(max-width: 509px) 100vw, 509px\" \/><\/p>\n<h2>La Photographie \u00ab\u00a0instantan\u00e9e\u00a0\u00bb en 1900 :<\/h2>\n<h4><b>Entre-Sort Th\u00e9\u00e2tralis\u00e9 Argentique\/Portraits d\u00e9velopp\u00e9s en live<\/b><\/h4>\n<p>Dans une vieille \u00e9choppe Photographique de 1900, un vieux Russe Ivanov et Madame Suzie accueillent dans cet entresort \u00e0 voyager dans le temps, les fans de selfie du XXI\u00e8me si\u00e8cle.<\/p>\n<p>Ils gardent jalousement cach\u00e9 un nouveau proc\u00e9d\u00e9 photographique \u00ab\u00a0instantan\u00e9\u00a0\u00bb permettant de r\u00e9aliser des tirages argentiques en moins de 45 minutes. Cette \u00e9volution insens\u00e9e, fruit de longues nuits blanches d&rsquo;exp\u00e9rimentations, veut \u00eatre r\u00e9cup\u00e9r\u00e9e par les grands labos photographiques qui souhaitent d\u00e9mocratiser \u00ab\u00a0une bo\u00eete \u00e0 Portraits\u00a0\u00bb qu&rsquo;ils appelleraient Le PhotoMaton.<\/p>\n<p>Les futurs mod\u00e8les sont invit\u00e9s \u00e0 p\u00e9n\u00e9trer dans ce studio d&rsquo;un autre temps, pour une s\u00e9ance un peu particuli\u00e8re.<\/p>\n<p><strong>D\u00e8s 4 ans &#8211; 4 heures &#8211; 1 \u00e0 5 personnes &#8211; 6\u00a0passages par heure &#8211;\u00a0Jour et Nuit<\/strong><\/p>\n<p><img decoding=\"async\" width=\"580\" height=\"378\" src=\"https:\/\/lesdeclenches.info\/wp-content\/uploads\/2019\/02\/A__B392-1.jpg\" alt=\"\" loading=\"lazy\" srcset=\"https:\/\/lesdeclenches.info\/wp-content\/uploads\/2019\/02\/A__B392-1.jpg 580w, https:\/\/lesdeclenches.info\/wp-content\/uploads\/2019\/02\/A__B392-1-300x196.jpg 300w\" sizes=\"(max-width: 580px) 100vw, 580px\" \/><br \/>\n<img decoding=\"async\" width=\"221\" height=\"300\" src=\"https:\/\/lesdeclenches.info\/wp-content\/uploads\/2019\/02\/A__92C8-1-221x300.jpg\" alt=\"\" loading=\"lazy\" srcset=\"https:\/\/lesdeclenches.info\/wp-content\/uploads\/2019\/02\/A__92C8-1-221x300.jpg 221w, https:\/\/lesdeclenches.info\/wp-content\/uploads\/2019\/02\/A__92C8-1.jpg 490w\" sizes=\"(max-width: 221px) 100vw, 221px\" \/><br \/>\n<img decoding=\"async\" width=\"231\" height=\"300\" src=\"https:\/\/lesdeclenches.info\/wp-content\/uploads\/2018\/03\/CanarisMarch\u00e9-0012-231x300.jpg\" alt=\"\" loading=\"lazy\" srcset=\"https:\/\/lesdeclenches.info\/wp-content\/uploads\/2018\/03\/CanarisMarch\u00e9-0012-231x300.jpg 231w, https:\/\/lesdeclenches.info\/wp-content\/uploads\/2018\/03\/CanarisMarch\u00e9-0012-768x999.jpg 768w, https:\/\/lesdeclenches.info\/wp-content\/uploads\/2018\/03\/CanarisMarch\u00e9-0012-787x1024.jpg 787w, https:\/\/lesdeclenches.info\/wp-content\/uploads\/2018\/03\/CanarisMarch\u00e9-0012.jpg 1144w\" sizes=\"(max-width: 231px) 100vw, 231px\" \/><br \/>\n<img decoding=\"async\" width=\"225\" height=\"300\" src=\"https:\/\/lesdeclenches.info\/wp-content\/uploads\/2019\/02\/IMG_20180721_160759-225x300.jpg\" alt=\"\" loading=\"lazy\" srcset=\"https:\/\/lesdeclenches.info\/wp-content\/uploads\/2019\/02\/IMG_20180721_160759-225x300.jpg 225w, https:\/\/lesdeclenches.info\/wp-content\/uploads\/2019\/02\/IMG_20180721_160759-768x1024.jpg 768w\" sizes=\"(max-width: 225px) 100vw, 225px\" \/><\/p>\n<h4>Le m\u00eame studio mais en un peu plus Coquin (+18)<\/h4>\n<p><img decoding=\"async\" width=\"640\" height=\"461\" src=\"https:\/\/lesdeclenches.info\/wp-content\/uploads\/2018\/03\/fouf-7-1024x738.jpg\" alt=\"\" loading=\"lazy\" srcset=\"https:\/\/lesdeclenches.info\/wp-content\/uploads\/2018\/03\/fouf-7-1024x738.jpg 1024w, https:\/\/lesdeclenches.info\/wp-content\/uploads\/2018\/03\/fouf-7-300x216.jpg 300w, https:\/\/lesdeclenches.info\/wp-content\/uploads\/2018\/03\/fouf-7-768x553.jpg 768w\" sizes=\"(max-width: 640px) 100vw, 640px\" \/><br \/>\n<img decoding=\"async\" width=\"640\" height=\"922\" src=\"https:\/\/lesdeclenches.info\/wp-content\/uploads\/2018\/03\/valley-82-711x1024.jpg\" alt=\"\" loading=\"lazy\" srcset=\"https:\/\/lesdeclenches.info\/wp-content\/uploads\/2018\/03\/valley-82-711x1024.jpg 711w, https:\/\/lesdeclenches.info\/wp-content\/uploads\/2018\/03\/valley-82-208x300.jpg 208w, https:\/\/lesdeclenches.info\/wp-content\/uploads\/2018\/03\/valley-82-768x1106.jpg 768w\" sizes=\"(max-width: 640px) 100vw, 640px\" \/><\/p>\n<p>Derri\u00e8re la devanture d&rsquo;une \u00e9choppe photographique du d\u00e9but du XIX \u00e8me si\u00e8cle, deux photographes s&rsquo;affairent.\u00a0Las des clich\u00e9s de famille, des portraits de naissance, des photographies de mariage, ils ont am\u00e9nag\u00e9 un studio plus chaud, plus discret, plus intime, plus coquin.<\/p>\n<p>La chaleur des projecteurs, la douceur des \u00e9toffes et le huis clos invitent \u00e0 mettre de c\u00f4t\u00e9 les conventions, les cadrages classiques, \u00e0 laisser appara\u00eetre une \u00e9paule et bien plus encore.<\/p>\n<p>Le gramophone gr\u00e9sille, l&rsquo;obturateur de la chambre photographique s&rsquo;ouvre en grand tandis que les mod\u00e8les se figent le temps d&rsquo;une longue pose pour laisser les grains\u00a0argentiques fixer les grains de peau berc\u00e9s par la lumi\u00e8re !<\/p>\n<p>Les photographes par des chor\u00e9graphies endiabl\u00e9s guident et invitent les mod\u00e8les \u00e0 prendre la pose, sur de folles musiques des ann\u00e9es 20&#8230;<\/p>\n<p>R\u00e9alis\u00e9s avec une chambre 13\/18, d\u00e9velopp\u00e9s en direct, chaque tirage est unique.<\/p>\n<p>Chacun repartira avec un exemplaire dont il ne restera aucune trace.<\/p>\n<p><strong>D\u00e8s 18 ans &#8211;\u00a01 \u00e0 5 personnes &#8211;\u00a08 passages par heure &#8211;\u00a0Jour et Nuit &#8211;\u00a0En d\u00e9cor ext\u00e9rieur + caravane de d\u00e9veloppement<\/strong><\/p>\n<p><img decoding=\"async\" width=\"640\" height=\"853\" src=\"https:\/\/lesdeclenches.info\/wp-content\/uploads\/2021\/03\/768-1024.jpg\" alt=\"\" loading=\"lazy\" srcset=\"https:\/\/lesdeclenches.info\/wp-content\/uploads\/2021\/03\/768-1024.jpg 768w, https:\/\/lesdeclenches.info\/wp-content\/uploads\/2021\/03\/768-1024-225x300.jpg 225w\" sizes=\"(max-width: 640px) 100vw, 640px\" \/><br \/>\n<img decoding=\"async\" width=\"640\" height=\"448\" src=\"https:\/\/lesdeclenches.info\/wp-content\/uploads\/2021\/03\/s1111111.png\" alt=\"\" loading=\"lazy\" srcset=\"https:\/\/lesdeclenches.info\/wp-content\/uploads\/2021\/03\/s1111111.png 800w, https:\/\/lesdeclenches.info\/wp-content\/uploads\/2021\/03\/s1111111-300x210.png 300w, https:\/\/lesdeclenches.info\/wp-content\/uploads\/2021\/03\/s1111111-768x538.png 768w\" sizes=\"(max-width: 640px) 100vw, 640px\" \/><\/p>\n<h2>La Caravane \u00e0 Paulo<\/h2>\n<h5>Entresort Po\u00e9tique Vintage\/projections et diapositives de vacances\/cam\u00e9ra obscura g\u00e9ante<\/h5>\n<p>De retour de vacances en famille sur la c\u00f4te Espagnol, Paulo accueille ses amis chez lui ou plut\u00f4t au coeur de sa caravane pour une projection du film de leurs vacances. Il a \u00e9galement quelques diapos Paulo, \u00e0 distiller \u00e0 l&rsquo;heure de l&rsquo;ap\u00e9ro entre anecdotes truculentes, analyses sociologiques pouss\u00e9es, d\u00e9couvertes ethnologiques chamboulantes, conseils gastronomiques et gastriques poin-tus.&nbsp;<\/p>\n<p>Utilisant des projecteurs Super 8 avec des films de famille des 70\u2019s, une Entresort en caravane et d\u00e9cor ext\u00e9rieur (environ 25 m2). La Caravane mont\u00e9e d&rsquo;une iris photographique est transform\u00e9e en appareil photographique dans lequel les spectateurs p\u00e9n\u00e8trent. Leurs visages pareils \u00e0 des bobines, leurs v\u00eatements pareils \u00e0 du papier photographique vierge ; l&rsquo;ext\u00e9rieur se projette alors dans leur fort int\u00e9rieur.&nbsp;<\/p>\n<p><strong>D\u00e8s 12 ans -4 heures &#8211; 3 \u00e0 6 personnes &#8211; 4 passages\/h &#8211; Jour et Nuit<\/strong><\/p>\n<p><img decoding=\"async\" width=\"640\" height=\"480\" src=\"https:\/\/lesdeclenches.info\/wp-content\/uploads\/2020\/12\/IMG_20190822_143543-768x576.jpg\" alt=\"\" loading=\"lazy\" srcset=\"https:\/\/lesdeclenches.info\/wp-content\/uploads\/2020\/12\/IMG_20190822_143543-768x576.jpg 768w, https:\/\/lesdeclenches.info\/wp-content\/uploads\/2020\/12\/IMG_20190822_143543-300x225.jpg 300w, https:\/\/lesdeclenches.info\/wp-content\/uploads\/2020\/12\/IMG_20190822_143543-1024x768.jpg 1024w, https:\/\/lesdeclenches.info\/wp-content\/uploads\/2020\/12\/IMG_20190822_143543-1536x1152.jpg 1536w, https:\/\/lesdeclenches.info\/wp-content\/uploads\/2020\/12\/IMG_20190822_143543-2048x1536.jpg 2048w\" sizes=\"(max-width: 640px) 100vw, 640px\" \/><\/p>\n<h2>L&rsquo;Ultime Portrait<\/h2>\n<h4>Studio Photographique Mortuaire D\u00e9jant\u00e9<\/h4>\n<p><img decoding=\"async\" width=\"254\" height=\"198\" src=\"https:\/\/lesdeclenches.info\/wp-content\/uploads\/2021\/03\/images.jpg\" alt=\"\" loading=\"lazy\" \/><br \/>\n<img decoding=\"async\" width=\"276\" height=\"182\" src=\"https:\/\/lesdeclenches.info\/wp-content\/uploads\/2021\/03\/images-7.jpg\" alt=\"\" loading=\"lazy\" \/><br \/>\n<img decoding=\"async\" width=\"282\" height=\"179\" src=\"https:\/\/lesdeclenches.info\/wp-content\/uploads\/2021\/03\/images-6.jpg\" alt=\"\" loading=\"lazy\" \/><\/p>\n<p>Des rois anciens aux stars d&rsquo;aujourd&rsquo;hui, de Maradonna \u00e0 L\u00e9nine en passant par des milliers d&rsquo;anonymes&#8230; Le clich\u00e9 mortuaire fait partie du l&rsquo;univers de la photographie et vient questionner le rapport des soci\u00e9t\u00e9s \u00e0 la disparition, \u00e0 la mort et \u00e0 sa repr\u00e9sentation par les ultimes clich\u00e9s d&rsquo;une enveloppe corporelle inanim\u00e9e et inerte aux expressions liss\u00e9es.<\/p>\n<p>Tr\u00e8s r\u00e9pandu au si\u00e8cle dernier, ce rituel codifi\u00e9 tente de donner \u00e0 voir une image fid\u00e8le mais toujours modifi\u00e9e par le maquillage, les v\u00eatements, les \u00e9clairages et les interventions m\u00e9dicales permettant de pr\u00e9senter aux peuples, aux fans, aux voyeurs et aux familles une repr\u00e9sentation \u00ab\u00a0concordante\u00a0\u00bb.<\/p>\n<p>Pour le photographe accompagn\u00e9 de son accessoiriste\/maquilleur Jo le Taxidermiste, issu de l&rsquo;univers du cabaret, la prise de vue est simplifi\u00e9e. Finis les flous, les caprices des mod\u00e8les, les fronts qui perlent sous la chaleur ; le mod\u00e8le se donne corps et sans \u00e2me \u00e0 l&rsquo;artiste.<\/p>\n<p>Ne souriez plus jamais, vous \u00eates photographi\u00e9s !<\/p>\n<p>Venez d\u00e9couvrir ce que vous donnerez \u00e0 voir lorsque votre nom appara\u00eetra dans les pages n\u00e9crologiques.<\/p>\n<p><strong>D\u00e8s 18 ans &#8211; 2 \u00e0 6 pers. &#8211; 4 heures &#8211; 4 passages\/h &#8211; Jour\/Nuit<\/strong><\/p>\n<p><img decoding=\"async\" width=\"280\" height=\"180\" src=\"https:\/\/lesdeclenches.info\/wp-content\/uploads\/2021\/03\/images-1.jpg\" alt=\"\" loading=\"lazy\" \/><br \/>\n<img decoding=\"async\" width=\"272\" height=\"185\" src=\"https:\/\/lesdeclenches.info\/wp-content\/uploads\/2021\/03\/telechargement.jpg\" alt=\"\" loading=\"lazy\" \/><br \/>\n<img decoding=\"async\" width=\"272\" height=\"185\" src=\"https:\/\/lesdeclenches.info\/wp-content\/uploads\/2021\/03\/images-2.jpg\" alt=\"\" loading=\"lazy\" \/><\/p>\n","protected":false},"excerpt":{"rendered":"<p>ANIMAL GREEN WASH \/ Cr\u00e9ation 2025 Tunnel Chamanique 6.0\/Entre-Sort Dans un monde en perp\u00e9tuel mouvement o\u00f9 le Roi dollar transforme nos for\u00eats ancestrales en Center Parcs et nos sources mill\u00e9naires en piscines de refroidissement pour centrales nucl\u00e9aires, il est important que des entreprises du CAC40 se penchent sur la spiritualit\u00e9 d\u2019une g\u00e9n\u00e9ration en pleine perdition. [&hellip;]<\/p>\n","protected":false},"author":2,"featured_media":0,"parent":889,"menu_order":0,"comment_status":"closed","ping_status":"closed","template":"","meta":{"footnotes":""},"_links":{"self":[{"href":"https:\/\/lesdeclenches.info\/index.php\/wp-json\/wp\/v2\/pages\/1063"}],"collection":[{"href":"https:\/\/lesdeclenches.info\/index.php\/wp-json\/wp\/v2\/pages"}],"about":[{"href":"https:\/\/lesdeclenches.info\/index.php\/wp-json\/wp\/v2\/types\/page"}],"author":[{"embeddable":true,"href":"https:\/\/lesdeclenches.info\/index.php\/wp-json\/wp\/v2\/users\/2"}],"replies":[{"embeddable":true,"href":"https:\/\/lesdeclenches.info\/index.php\/wp-json\/wp\/v2\/comments?post=1063"}],"version-history":[{"count":57,"href":"https:\/\/lesdeclenches.info\/index.php\/wp-json\/wp\/v2\/pages\/1063\/revisions"}],"predecessor-version":[{"id":1724,"href":"https:\/\/lesdeclenches.info\/index.php\/wp-json\/wp\/v2\/pages\/1063\/revisions\/1724"}],"up":[{"embeddable":true,"href":"https:\/\/lesdeclenches.info\/index.php\/wp-json\/wp\/v2\/pages\/889"}],"wp:attachment":[{"href":"https:\/\/lesdeclenches.info\/index.php\/wp-json\/wp\/v2\/media?parent=1063"}],"curies":[{"name":"wp","href":"https:\/\/api.w.org\/{rel}","templated":true}]}}