{"id":1737,"date":"2025-10-08T13:36:32","date_gmt":"2025-10-08T11:36:32","guid":{"rendered":"https:\/\/lesdeclenches.info\/?page_id=1737"},"modified":"2025-11-07T10:09:00","modified_gmt":"2025-11-07T09:09:00","slug":"animal-green-wash","status":"publish","type":"page","link":"https:\/\/lesdeclenches.info\/index.php\/les-associes\/spectacles-1\/animal-green-wash\/","title":{"rendered":"ANIMAL GREEN WASH"},"content":{"rendered":"\t\t<div data-elementor-type=\"wp-page\" data-elementor-id=\"1737\" class=\"elementor elementor-1737\">\n\t\t\t\t\t\t\t\t\t<section class=\"elementor-section elementor-top-section elementor-element elementor-element-f10cbf1 elementor-section-boxed elementor-section-height-default elementor-section-height-default\" data-id=\"f10cbf1\" data-element_type=\"section\">\n\t\t\t\t\t\t<div class=\"elementor-container elementor-column-gap-default\">\n\t\t\t\t\t<div class=\"elementor-column elementor-col-100 elementor-top-column elementor-element elementor-element-1079259\" data-id=\"1079259\" data-element_type=\"column\">\n\t\t\t<div class=\"elementor-widget-wrap elementor-element-populated\">\n\t\t\t\t\t\t\t\t<div class=\"elementor-element elementor-element-ee87367 elementor-widget elementor-widget-heading\" data-id=\"ee87367\" data-element_type=\"widget\" data-widget_type=\"heading.default\">\n\t\t\t\t<div class=\"elementor-widget-container\">\n\t\t\t<h4 class=\"elementor-heading-title elementor-size-default\">Tunnel Chamanique 6.0\/Entresort Grand Public\/Ext. Nuit et Jour<\/h4>\t\t<\/div>\n\t\t\t\t<\/div>\n\t\t\t\t\t<\/div>\n\t\t<\/div>\n\t\t\t\t\t\t\t<\/div>\n\t\t<\/section>\n\t\t\t\t<section class=\"elementor-section elementor-top-section elementor-element elementor-element-56270d00 elementor-section-boxed elementor-section-height-default elementor-section-height-default\" data-id=\"56270d00\" data-element_type=\"section\">\n\t\t\t\t\t\t<div class=\"elementor-container elementor-column-gap-default\">\n\t\t\t\t\t<div class=\"elementor-column elementor-col-100 elementor-top-column elementor-element elementor-element-2965140a\" data-id=\"2965140a\" data-element_type=\"column\">\n\t\t\t<div class=\"elementor-widget-wrap elementor-element-populated\">\n\t\t\t\t\t\t\t\t<div class=\"elementor-element elementor-element-1709eadd elementor-widget elementor-widget-text-editor\" data-id=\"1709eadd\" data-element_type=\"widget\" data-widget_type=\"text-editor.default\">\n\t\t\t\t<div class=\"elementor-widget-container\">\n\t\t\t\t\t\t\t<p><!-- wp:heading {\"level\":4} --><\/p>\n<h4 class=\"wp-block-heading\"><span style=\"font-size: 14px;\">Dans un monde en perp\u00e9tuel mouvement o\u00f9 le Roi dollar transforme nos for\u00eats ancestrales en Center Parcs, nos sources mill\u00e9naires en piscines de refroidissement de centrales nucl\u00e9aires, il est important que des entreprises du CAC40 se penchent sur la spiritualit\u00e9 d\u2019une g\u00e9n\u00e9ration en pleine perdition.<\/span><\/h4>\n<p><!-- \/wp:paragraph --><!-- wp:paragraph --><\/p>\n<p><!-- \/wp:paragraph --><!-- wp:paragraph --><\/p>\n<p>Les valeurs et l\u2019expertise de la Chamane Corporation\u00a9 &#8211; multinationale aux nombreuses filiales pharmaceutiques et de d\u00e9veloppement personnel &#8211; permettent de reprendre votre Pacha Mama int\u00e9rieure par la main pour la guider sur le vert chemin de la r\u00e9ussite.<\/p>\n<p><!-- \/wp:paragraph --><!-- wp:paragraph --><\/p>\n<p>Les employ\u00e9.es de la Chamane Corp. (T\u00e9flon 17 &amp; Carbone 14) seront l\u00e0 pour vous guider durant les 3 \u00e9tapes ponctuant cette travers\u00e9e m\u00e9taphysique : ETAPE 1, transformation physique\/ETAPE 2, transformation psychique\/ETAPE 3, entr\u00e9e de l&rsquo;\u00e2me animale. Ce proc\u00e9d\u00e9 de transformation boost\u00e9 par le RAYON X732 pour propulsera et vous expulsera du Tunnel ElectroMystique 6.0 dans la peau de l&rsquo;un de nos 18 animaux disponibles dans notre banque de donn\u00e9e : #bestiaireAGW6.0<\/p>\n<p><!-- \/wp:paragraph --><!-- wp:paragraph --><\/p>\n<p>En r\u00e9v\u00e9lant votre cr\u00e9ature enfouie, vous d\u00e9couvrirez les nouvelles ressources vous permettant enfin de trouver votre place dans ce monde en constante mutation. Adieu humanit\u00e9 ! Bonjour Animalit\u00e9 !<\/p>\n<p><!-- \/wp:paragraph --><!-- wp:paragraph --><\/p>\n<p>ANIMAL GREEN WASH (AGW) est un entresort cr\u00e9\u00e9 pour l\u2019espace public et pens\u00e9 comme une exp\u00e9rience immersive, participative et inclusive.<\/p>\n<p><!-- \/wp:paragraph --><!-- wp:paragraph --><\/p>\n<p>Cet entre-sort est destin\u00e9 aux adolescents et adultes en pleine conscience.<\/p>\n<p><!-- \/wp:paragraph --><!-- wp:paragraph --><\/p>\n<p><strong>D\u00e8s 8 ans\u00a0 &#8211; 4 heures -Jour\/Nuit &#8211; 8 \u00e0 10 passages\/heure<\/strong><\/p>\n<p><!-- \/wp:paragraph --><!-- wp:paragraph --><\/p>\n<figure><\/figure>\t\t\t\t\t\t<\/div>\n\t\t\t\t<\/div>\n\t\t\t\t\t<\/div>\n\t\t<\/div>\n\t\t\t\t\t\t\t<\/div>\n\t\t<\/section>\n\t\t\t\t<section class=\"elementor-section elementor-top-section elementor-element elementor-element-8b93086 elementor-section-boxed elementor-section-height-default elementor-section-height-default\" data-id=\"8b93086\" data-element_type=\"section\">\n\t\t\t\t\t\t<div class=\"elementor-container elementor-column-gap-default\">\n\t\t\t\t\t<div class=\"elementor-column elementor-col-50 elementor-top-column elementor-element elementor-element-f3981aa\" data-id=\"f3981aa\" data-element_type=\"column\">\n\t\t\t<div class=\"elementor-widget-wrap elementor-element-populated\">\n\t\t\t\t\t\t\t\t<div class=\"elementor-element elementor-element-c29f64c elementor-widget elementor-widget-image\" data-id=\"c29f64c\" data-element_type=\"widget\" data-widget_type=\"image.default\">\n\t\t\t\t<div class=\"elementor-widget-container\">\n\t\t\t\t\t\t\t\t\t\t\t\t\t\t\t<img decoding=\"async\" loading=\"lazy\" width=\"640\" height=\"480\" src=\"https:\/\/lesdeclenches.info\/wp-content\/uploads\/2024\/09\/IMG_8924-1024x768.jpeg\" class=\"attachment-large size-large wp-image-1505\" alt=\"\" srcset=\"https:\/\/lesdeclenches.info\/wp-content\/uploads\/2024\/09\/IMG_8924-1024x768.jpeg 1024w, https:\/\/lesdeclenches.info\/wp-content\/uploads\/2024\/09\/IMG_8924-300x225.jpeg 300w, https:\/\/lesdeclenches.info\/wp-content\/uploads\/2024\/09\/IMG_8924-768x576.jpeg 768w, https:\/\/lesdeclenches.info\/wp-content\/uploads\/2024\/09\/IMG_8924-1536x1152.jpeg 1536w\" sizes=\"(max-width: 640px) 100vw, 640px\" \/>\t\t\t\t\t\t\t\t\t\t\t\t\t\t\t<\/div>\n\t\t\t\t<\/div>\n\t\t\t\t\t<\/div>\n\t\t<\/div>\n\t\t\t\t<div class=\"elementor-column elementor-col-50 elementor-top-column elementor-element elementor-element-4aba55a\" data-id=\"4aba55a\" data-element_type=\"column\">\n\t\t\t<div class=\"elementor-widget-wrap elementor-element-populated\">\n\t\t\t\t\t\t\t\t<div class=\"elementor-element elementor-element-a70b2f7 elementor-widget elementor-widget-image\" data-id=\"a70b2f7\" data-element_type=\"widget\" data-widget_type=\"image.default\">\n\t\t\t\t<div class=\"elementor-widget-container\">\n\t\t\t\t\t\t\t\t\t\t\t\t\t\t\t<img decoding=\"async\" loading=\"lazy\" width=\"640\" height=\"480\" src=\"https:\/\/lesdeclenches.info\/wp-content\/uploads\/2024\/09\/IMG_9021-1024x768.jpeg\" class=\"attachment-large size-large wp-image-1510\" alt=\"\" srcset=\"https:\/\/lesdeclenches.info\/wp-content\/uploads\/2024\/09\/IMG_9021-1024x768.jpeg 1024w, https:\/\/lesdeclenches.info\/wp-content\/uploads\/2024\/09\/IMG_9021-300x225.jpeg 300w, https:\/\/lesdeclenches.info\/wp-content\/uploads\/2024\/09\/IMG_9021-768x576.jpeg 768w, https:\/\/lesdeclenches.info\/wp-content\/uploads\/2024\/09\/IMG_9021-1536x1152.jpeg 1536w, https:\/\/lesdeclenches.info\/wp-content\/uploads\/2024\/09\/IMG_9021-2048x1536.jpeg 2048w\" sizes=\"(max-width: 640px) 100vw, 640px\" \/>\t\t\t\t\t\t\t\t\t\t\t\t\t\t\t<\/div>\n\t\t\t\t<\/div>\n\t\t\t\t\t<\/div>\n\t\t<\/div>\n\t\t\t\t\t\t\t<\/div>\n\t\t<\/section>\n\t\t\t\t<section class=\"elementor-section elementor-top-section elementor-element elementor-element-47953c7 elementor-section-boxed elementor-section-height-default elementor-section-height-default\" data-id=\"47953c7\" data-element_type=\"section\">\n\t\t\t\t\t\t<div class=\"elementor-container elementor-column-gap-default\">\n\t\t\t\t\t<div class=\"elementor-column elementor-col-33 elementor-top-column elementor-element elementor-element-426d885\" data-id=\"426d885\" data-element_type=\"column\">\n\t\t\t<div class=\"elementor-widget-wrap elementor-element-populated\">\n\t\t\t\t\t\t\t\t<div class=\"elementor-element elementor-element-492816b elementor-widget elementor-widget-video\" data-id=\"492816b\" data-element_type=\"widget\" data-settings=\"{&quot;youtube_url&quot;:&quot;https:\\\/\\\/www.youtube.com\\\/watch?v=b7mXQvM2_lw&quot;,&quot;video_type&quot;:&quot;youtube&quot;,&quot;controls&quot;:&quot;yes&quot;}\" data-widget_type=\"video.default\">\n\t\t\t\t<div class=\"elementor-widget-container\">\n\t\t\t\t\t<div class=\"elementor-wrapper elementor-open-inline\">\n\t\t\t<div class=\"elementor-video\"><\/div>\t\t<\/div>\n\t\t\t\t<\/div>\n\t\t\t\t<\/div>\n\t\t\t\t\t<\/div>\n\t\t<\/div>\n\t\t\t\t<div class=\"elementor-column elementor-col-33 elementor-top-column elementor-element elementor-element-3f897bc\" data-id=\"3f897bc\" data-element_type=\"column\">\n\t\t\t<div class=\"elementor-widget-wrap elementor-element-populated\">\n\t\t\t\t\t\t\t\t<div class=\"elementor-element elementor-element-eb01d42 elementor-widget elementor-widget-image\" data-id=\"eb01d42\" data-element_type=\"widget\" data-widget_type=\"image.default\">\n\t\t\t\t<div class=\"elementor-widget-container\">\n\t\t\t\t\t\t\t\t\t\t\t\t\t\t\t<img decoding=\"async\" loading=\"lazy\" width=\"640\" height=\"853\" src=\"https:\/\/lesdeclenches.info\/wp-content\/uploads\/2024\/09\/IMG_8915-768x1024.jpeg\" class=\"attachment-large size-large wp-image-1504\" alt=\"\" srcset=\"https:\/\/lesdeclenches.info\/wp-content\/uploads\/2024\/09\/IMG_8915-768x1024.jpeg 768w, https:\/\/lesdeclenches.info\/wp-content\/uploads\/2024\/09\/IMG_8915-225x300.jpeg 225w, https:\/\/lesdeclenches.info\/wp-content\/uploads\/2024\/09\/IMG_8915-1152x1536.jpeg 1152w, https:\/\/lesdeclenches.info\/wp-content\/uploads\/2024\/09\/IMG_8915-1536x2048.jpeg 1536w, https:\/\/lesdeclenches.info\/wp-content\/uploads\/2024\/09\/IMG_8915-scaled.jpeg 1920w\" sizes=\"(max-width: 640px) 100vw, 640px\" \/>\t\t\t\t\t\t\t\t\t\t\t\t\t\t\t<\/div>\n\t\t\t\t<\/div>\n\t\t\t\t\t<\/div>\n\t\t<\/div>\n\t\t\t\t<div class=\"elementor-column elementor-col-33 elementor-top-column elementor-element elementor-element-c13ffde\" data-id=\"c13ffde\" data-element_type=\"column\">\n\t\t\t<div class=\"elementor-widget-wrap elementor-element-populated\">\n\t\t\t\t\t\t\t\t<div class=\"elementor-element elementor-element-0fb26d9 elementor-widget elementor-widget-image\" data-id=\"0fb26d9\" data-element_type=\"widget\" data-widget_type=\"image.default\">\n\t\t\t\t<div class=\"elementor-widget-container\">\n\t\t\t\t\t\t\t\t\t\t\t\t\t\t\t<img decoding=\"async\" loading=\"lazy\" width=\"640\" height=\"360\" src=\"https:\/\/lesdeclenches.info\/wp-content\/uploads\/2025\/11\/AGW-Transfo-24-a-1024x576.jpg\" class=\"attachment-large size-large wp-image-1998\" alt=\"\" srcset=\"https:\/\/lesdeclenches.info\/wp-content\/uploads\/2025\/11\/AGW-Transfo-24-a-1024x576.jpg 1024w, https:\/\/lesdeclenches.info\/wp-content\/uploads\/2025\/11\/AGW-Transfo-24-a-300x169.jpg 300w, https:\/\/lesdeclenches.info\/wp-content\/uploads\/2025\/11\/AGW-Transfo-24-a-768x432.jpg 768w, https:\/\/lesdeclenches.info\/wp-content\/uploads\/2025\/11\/AGW-Transfo-24-a-1536x864.jpg 1536w, https:\/\/lesdeclenches.info\/wp-content\/uploads\/2025\/11\/AGW-Transfo-24-a.jpg 2048w\" sizes=\"(max-width: 640px) 100vw, 640px\" \/>\t\t\t\t\t\t\t\t\t\t\t\t\t\t\t<\/div>\n\t\t\t\t<\/div>\n\t\t\t\t\t<\/div>\n\t\t<\/div>\n\t\t\t\t\t\t\t<\/div>\n\t\t<\/section>\n\t\t\t\t\t\t\t<\/div>\n\t\t","protected":false},"excerpt":{"rendered":"<p>Tunnel Chamanique 6.0\/Entresort Grand Public\/Ext. Nuit et Jour Dans un monde en perp\u00e9tuel mouvement o\u00f9 le Roi dollar transforme nos for\u00eats ancestrales en Center Parcs, nos sources mill\u00e9naires en piscines de refroidissement de centrales nucl\u00e9aires, il est important que des entreprises du CAC40 se penchent sur la spiritualit\u00e9 d\u2019une g\u00e9n\u00e9ration en pleine perdition. Les valeurs [&hellip;]<\/p>\n","protected":false},"author":3,"featured_media":0,"parent":750,"menu_order":0,"comment_status":"closed","ping_status":"closed","template":"","meta":{"footnotes":""},"_links":{"self":[{"href":"https:\/\/lesdeclenches.info\/index.php\/wp-json\/wp\/v2\/pages\/1737"}],"collection":[{"href":"https:\/\/lesdeclenches.info\/index.php\/wp-json\/wp\/v2\/pages"}],"about":[{"href":"https:\/\/lesdeclenches.info\/index.php\/wp-json\/wp\/v2\/types\/page"}],"author":[{"embeddable":true,"href":"https:\/\/lesdeclenches.info\/index.php\/wp-json\/wp\/v2\/users\/3"}],"replies":[{"embeddable":true,"href":"https:\/\/lesdeclenches.info\/index.php\/wp-json\/wp\/v2\/comments?post=1737"}],"version-history":[{"count":26,"href":"https:\/\/lesdeclenches.info\/index.php\/wp-json\/wp\/v2\/pages\/1737\/revisions"}],"predecessor-version":[{"id":2004,"href":"https:\/\/lesdeclenches.info\/index.php\/wp-json\/wp\/v2\/pages\/1737\/revisions\/2004"}],"up":[{"embeddable":true,"href":"https:\/\/lesdeclenches.info\/index.php\/wp-json\/wp\/v2\/pages\/750"}],"wp:attachment":[{"href":"https:\/\/lesdeclenches.info\/index.php\/wp-json\/wp\/v2\/media?parent=1737"}],"curies":[{"name":"wp","href":"https:\/\/api.w.org\/{rel}","templated":true}]}}