{"id":1800,"date":"2025-10-09T12:36:10","date_gmt":"2025-10-09T10:36:10","guid":{"rendered":"https:\/\/lesdeclenches.info\/?page_id=1800"},"modified":"2025-11-07T10:29:42","modified_gmt":"2025-11-07T09:29:42","slug":"baltrap-racc","status":"publish","type":"page","link":"https:\/\/lesdeclenches.info\/index.php\/baltrap-racc\/","title":{"rendered":"BALTRAP"},"content":{"rendered":"\t\t<div data-elementor-type=\"wp-page\" data-elementor-id=\"1800\" class=\"elementor elementor-1800\">\n\t\t\t\t\t\t\t\t\t<section class=\"elementor-section elementor-top-section elementor-element elementor-element-b4f6439 elementor-section-boxed elementor-section-height-default elementor-section-height-default\" data-id=\"b4f6439\" data-element_type=\"section\">\n\t\t\t\t\t\t<div class=\"elementor-container elementor-column-gap-default\">\n\t\t\t\t\t<div class=\"elementor-column elementor-col-100 elementor-top-column elementor-element elementor-element-4bb2501\" data-id=\"4bb2501\" data-element_type=\"column\">\n\t\t\t<div class=\"elementor-widget-wrap elementor-element-populated\">\n\t\t\t\t\t\t\t\t<div class=\"elementor-element elementor-element-e71be0f elementor-widget elementor-widget-heading\" data-id=\"e71be0f\" data-element_type=\"widget\" data-widget_type=\"heading.default\">\n\t\t\t\t<div class=\"elementor-widget-container\">\n\t\t\t<h5 class=\"elementor-heading-title elementor-size-default\">trap\u00e8ze-danse-music live post club-projection argentique et vidjing<\/h5>\t\t<\/div>\n\t\t\t\t<\/div>\n\t\t\t\t\t<\/div>\n\t\t<\/div>\n\t\t\t\t\t\t\t<\/div>\n\t\t<\/section>\n\t\t\t\t<section class=\"elementor-section elementor-top-section elementor-element elementor-element-5f4de3a elementor-section-boxed elementor-section-height-default elementor-section-height-default\" data-id=\"5f4de3a\" data-element_type=\"section\">\n\t\t\t\t\t\t<div class=\"elementor-container elementor-column-gap-default\">\n\t\t\t\t\t<div class=\"elementor-column elementor-col-100 elementor-top-column elementor-element elementor-element-baaec09\" data-id=\"baaec09\" data-element_type=\"column\">\n\t\t\t<div class=\"elementor-widget-wrap elementor-element-populated\">\n\t\t\t\t\t\t\t\t<div class=\"elementor-element elementor-element-43c0948 elementor-widget elementor-widget-heading\" data-id=\"43c0948\" data-element_type=\"widget\" data-widget_type=\"heading.default\">\n\t\t\t\t<div class=\"elementor-widget-container\">\n\t\t\t<h4 class=\"elementor-heading-title elementor-size-default\">Spectacle grand public autour d'une mutation profonde - RUE ET BO\u00ceTE NOIRE - Cr\u00e9ation 2025<\/h4>\t\t<\/div>\n\t\t\t\t<\/div>\n\t\t\t\t\t<\/div>\n\t\t<\/div>\n\t\t\t\t\t\t\t<\/div>\n\t\t<\/section>\n\t\t\t\t<section class=\"elementor-section elementor-top-section elementor-element elementor-element-29ac8b2 elementor-section-boxed elementor-section-height-default elementor-section-height-default\" data-id=\"29ac8b2\" data-element_type=\"section\">\n\t\t\t\t\t\t<div class=\"elementor-container elementor-column-gap-default\">\n\t\t\t\t\t<div class=\"elementor-column elementor-col-100 elementor-top-column elementor-element elementor-element-6130008\" data-id=\"6130008\" data-element_type=\"column\">\n\t\t\t<div class=\"elementor-widget-wrap elementor-element-populated\">\n\t\t\t\t\t\t\t\t<div class=\"elementor-element elementor-element-a34f50e elementor-widget elementor-widget-text-editor\" data-id=\"a34f50e\" data-element_type=\"widget\" data-widget_type=\"text-editor.default\">\n\t\t\t\t<div class=\"elementor-widget-container\">\n\t\t\t\t\t\t\t<p><strong>BALTRAP<\/strong> se trouve au confluent du cirque traditionnel, du cin\u00e9ma, de la musique exp\u00e9rimentale, du film forain et de la danse contemporaine. Poreux \u00e9pidermes d&rsquo;o\u00f9 coule une sueur monstrueuse d\u00e9formant les corps, les tripes et les perceptions dans un univers Lynchien se jouant des codes du cirque et des performances exp\u00e9rimentales ; proposant &#8211; in fine &#8211; une \u0153uvre immersive grand public. Une oeuvre de cirque contemporain totale.<\/p><p>La trap\u00e9ziste performeuse Boby BORDAS se transforme dans un effeuillage physique et psychique progressif. Une mise \u00e0 nue symbolique vers l&rsquo;\u00e9pure, vers une monstruosit\u00e9 profonde, du geste dans\u00e9 humanis\u00e9 vers une profonde physicalit\u00e9e animale archa\u00efque.<\/p><p>Cette transformation est port\u00e9e par une musique visc\u00e9rale o\u00f9 les souffles se m\u00ealent aux impacts cr\u00e9\u00e9s par les mouvements sur le trap\u00e8ze. Nathana\u00ebl SIEFERT propose une musique post club, inspir\u00e9e du milieu rave party et sa r\u00e9appropriation par le monde de la mode.<\/p><p>Yves HEUDES manipule des projecteurs argentiques Super8 charg\u00e9s d&rsquo;images N&amp;B de la trap\u00e9ziste sur son agr\u00e8s de cirque ; contraste saisissant avec les images num\u00e9riques film\u00e9es en live projet\u00e9es sur la structure qui ouvrent le spectacle .<\/p><p>Le public install\u00e9 frontalement se pr\u00e9pare \u00e0 une immersion totale. Une mutation des sens modifiant leur chaire en profondeur.<\/p><p><strong>D\u00e8s 8 ans &#8211; 40 min &#8211; 350 pers.- ext. nuit ou bo\u00eete noire<\/strong><\/p>\t\t\t\t\t\t<\/div>\n\t\t\t\t<\/div>\n\t\t\t\t\t<\/div>\n\t\t<\/div>\n\t\t\t\t\t\t\t<\/div>\n\t\t<\/section>\n\t\t\t\t<section class=\"elementor-section elementor-top-section elementor-element elementor-element-ae77806 elementor-section-boxed elementor-section-height-default elementor-section-height-default\" data-id=\"ae77806\" data-element_type=\"section\">\n\t\t\t\t\t\t<div class=\"elementor-container elementor-column-gap-default\">\n\t\t\t\t\t<div class=\"elementor-column elementor-col-33 elementor-top-column elementor-element elementor-element-b071d97\" data-id=\"b071d97\" data-element_type=\"column\">\n\t\t\t<div class=\"elementor-widget-wrap elementor-element-populated\">\n\t\t\t\t\t\t\t\t<div class=\"elementor-element elementor-element-648e8ab elementor-widget elementor-widget-image\" data-id=\"648e8ab\" data-element_type=\"widget\" data-widget_type=\"image.default\">\n\t\t\t\t<div class=\"elementor-widget-container\">\n\t\t\t\t\t\t\t\t\t\t\t\t\t\t\t<img decoding=\"async\" loading=\"lazy\" width=\"640\" height=\"427\" src=\"https:\/\/lesdeclenches.info\/wp-content\/uploads\/2025\/07\/246_velboata_Shems_y-_Sale-a12-4-2025-Said-Mrigua-1-1024x683.jpg\" class=\"attachment-large size-large wp-image-1629\" alt=\"\" srcset=\"https:\/\/lesdeclenches.info\/wp-content\/uploads\/2025\/07\/246_velboata_Shems_y-_Sale-a12-4-2025-Said-Mrigua-1-1024x683.jpg 1024w, https:\/\/lesdeclenches.info\/wp-content\/uploads\/2025\/07\/246_velboata_Shems_y-_Sale-a12-4-2025-Said-Mrigua-1-300x200.jpg 300w, https:\/\/lesdeclenches.info\/wp-content\/uploads\/2025\/07\/246_velboata_Shems_y-_Sale-a12-4-2025-Said-Mrigua-1-768x512.jpg 768w, https:\/\/lesdeclenches.info\/wp-content\/uploads\/2025\/07\/246_velboata_Shems_y-_Sale-a12-4-2025-Said-Mrigua-1-1536x1024.jpg 1536w\" sizes=\"(max-width: 640px) 100vw, 640px\" \/>\t\t\t\t\t\t\t\t\t\t\t\t\t\t\t<\/div>\n\t\t\t\t<\/div>\n\t\t\t\t\t<\/div>\n\t\t<\/div>\n\t\t\t\t<div class=\"elementor-column elementor-col-33 elementor-top-column elementor-element elementor-element-b0e52fe\" data-id=\"b0e52fe\" data-element_type=\"column\">\n\t\t\t<div class=\"elementor-widget-wrap elementor-element-populated\">\n\t\t\t\t\t\t\t\t<div class=\"elementor-element elementor-element-ed0a992 elementor-widget elementor-widget-image\" data-id=\"ed0a992\" data-element_type=\"widget\" data-widget_type=\"image.default\">\n\t\t\t\t<div class=\"elementor-widget-container\">\n\t\t\t\t\t\t\t\t\t\t\t\t\t\t\t<img decoding=\"async\" loading=\"lazy\" width=\"640\" height=\"427\" src=\"https:\/\/lesdeclenches.info\/wp-content\/uploads\/2025\/07\/192_velboata_Shems_y-_Sale-a12-4-2025-Said-Mrigua-1024x683.jpg\" class=\"attachment-large size-large wp-image-1621\" alt=\"\" srcset=\"https:\/\/lesdeclenches.info\/wp-content\/uploads\/2025\/07\/192_velboata_Shems_y-_Sale-a12-4-2025-Said-Mrigua-1024x683.jpg 1024w, https:\/\/lesdeclenches.info\/wp-content\/uploads\/2025\/07\/192_velboata_Shems_y-_Sale-a12-4-2025-Said-Mrigua-300x200.jpg 300w, https:\/\/lesdeclenches.info\/wp-content\/uploads\/2025\/07\/192_velboata_Shems_y-_Sale-a12-4-2025-Said-Mrigua-768x512.jpg 768w\" sizes=\"(max-width: 640px) 100vw, 640px\" \/>\t\t\t\t\t\t\t\t\t\t\t\t\t\t\t<\/div>\n\t\t\t\t<\/div>\n\t\t\t\t\t<\/div>\n\t\t<\/div>\n\t\t\t\t<div class=\"elementor-column elementor-col-33 elementor-top-column elementor-element elementor-element-be0b732\" data-id=\"be0b732\" data-element_type=\"column\">\n\t\t\t<div class=\"elementor-widget-wrap elementor-element-populated\">\n\t\t\t\t\t\t\t\t<div class=\"elementor-element elementor-element-3cce46c elementor-widget elementor-widget-image\" data-id=\"3cce46c\" data-element_type=\"widget\" data-widget_type=\"image.default\">\n\t\t\t\t<div class=\"elementor-widget-container\">\n\t\t\t\t\t\t\t\t\t\t\t\t\t\t\t<img decoding=\"async\" loading=\"lazy\" width=\"640\" height=\"427\" src=\"https:\/\/lesdeclenches.info\/wp-content\/uploads\/2025\/07\/207_velboata_Shems_y-_Sale\u00a6u12-4-2025-\u00aeSaid-Mrigua-1-1024x683.jpg\" class=\"attachment-large size-large wp-image-1604\" alt=\"\" srcset=\"https:\/\/lesdeclenches.info\/wp-content\/uploads\/2025\/07\/207_velboata_Shems_y-_Sale\u00a6u12-4-2025-\u00aeSaid-Mrigua-1-1024x683.jpg 1024w, https:\/\/lesdeclenches.info\/wp-content\/uploads\/2025\/07\/207_velboata_Shems_y-_Sale\u00a6u12-4-2025-\u00aeSaid-Mrigua-1-300x200.jpg 300w, https:\/\/lesdeclenches.info\/wp-content\/uploads\/2025\/07\/207_velboata_Shems_y-_Sale\u00a6u12-4-2025-\u00aeSaid-Mrigua-1-768x512.jpg 768w, https:\/\/lesdeclenches.info\/wp-content\/uploads\/2025\/07\/207_velboata_Shems_y-_Sale\u00a6u12-4-2025-\u00aeSaid-Mrigua-1-1536x1024.jpg 1536w\" sizes=\"(max-width: 640px) 100vw, 640px\" \/>\t\t\t\t\t\t\t\t\t\t\t\t\t\t\t<\/div>\n\t\t\t\t<\/div>\n\t\t\t\t\t<\/div>\n\t\t<\/div>\n\t\t\t\t\t\t\t<\/div>\n\t\t<\/section>\n\t\t\t\t<section class=\"elementor-section elementor-top-section elementor-element elementor-element-050758e elementor-section-boxed elementor-section-height-default elementor-section-height-default\" data-id=\"050758e\" data-element_type=\"section\">\n\t\t\t\t\t\t<div class=\"elementor-container elementor-column-gap-default\">\n\t\t\t\t\t<div class=\"elementor-column elementor-col-50 elementor-top-column elementor-element elementor-element-b282500\" data-id=\"b282500\" data-element_type=\"column\">\n\t\t\t<div class=\"elementor-widget-wrap elementor-element-populated\">\n\t\t\t\t\t\t\t\t<div class=\"elementor-element elementor-element-e5a4eb4 elementor-widget elementor-widget-image\" data-id=\"e5a4eb4\" data-element_type=\"widget\" data-widget_type=\"image.default\">\n\t\t\t\t<div class=\"elementor-widget-container\">\n\t\t\t\t\t\t\t\t\t\t\t\t\t\t\t<img decoding=\"async\" loading=\"lazy\" width=\"640\" height=\"427\" src=\"https:\/\/lesdeclenches.info\/wp-content\/uploads\/2025\/07\/209_velboata_Shems_y-_Sale-a12-4-2025-Said-Mrigua-3-1024x683.jpg\" class=\"attachment-large size-large wp-image-1631\" alt=\"\" srcset=\"https:\/\/lesdeclenches.info\/wp-content\/uploads\/2025\/07\/209_velboata_Shems_y-_Sale-a12-4-2025-Said-Mrigua-3-1024x683.jpg 1024w, https:\/\/lesdeclenches.info\/wp-content\/uploads\/2025\/07\/209_velboata_Shems_y-_Sale-a12-4-2025-Said-Mrigua-3-300x200.jpg 300w, https:\/\/lesdeclenches.info\/wp-content\/uploads\/2025\/07\/209_velboata_Shems_y-_Sale-a12-4-2025-Said-Mrigua-3-768x512.jpg 768w, https:\/\/lesdeclenches.info\/wp-content\/uploads\/2025\/07\/209_velboata_Shems_y-_Sale-a12-4-2025-Said-Mrigua-3-1536x1024.jpg 1536w, https:\/\/lesdeclenches.info\/wp-content\/uploads\/2025\/07\/209_velboata_Shems_y-_Sale-a12-4-2025-Said-Mrigua-3-2048x1365.jpg 2048w\" sizes=\"(max-width: 640px) 100vw, 640px\" \/>\t\t\t\t\t\t\t\t\t\t\t\t\t\t\t<\/div>\n\t\t\t\t<\/div>\n\t\t\t\t\t<\/div>\n\t\t<\/div>\n\t\t\t\t<div class=\"elementor-column elementor-col-50 elementor-top-column elementor-element elementor-element-e04221f\" data-id=\"e04221f\" data-element_type=\"column\">\n\t\t\t<div class=\"elementor-widget-wrap elementor-element-populated\">\n\t\t\t\t\t\t\t\t<div class=\"elementor-element elementor-element-25db0f4 elementor-widget elementor-widget-image\" data-id=\"25db0f4\" data-element_type=\"widget\" data-widget_type=\"image.default\">\n\t\t\t\t<div class=\"elementor-widget-container\">\n\t\t\t\t\t\t\t\t\t\t\t\t\t\t\t<img decoding=\"async\" loading=\"lazy\" width=\"640\" height=\"426\" src=\"https:\/\/lesdeclenches.info\/wp-content\/uploads\/2025\/07\/184_velboata_Shems_y-_Sale\u00a6u12-4-2025-\u00aeSaid-Mrigua-1024x681.jpg\" class=\"attachment-large size-large wp-image-1579\" alt=\"\" srcset=\"https:\/\/lesdeclenches.info\/wp-content\/uploads\/2025\/07\/184_velboata_Shems_y-_Sale\u00a6u12-4-2025-\u00aeSaid-Mrigua-1024x681.jpg 1024w, https:\/\/lesdeclenches.info\/wp-content\/uploads\/2025\/07\/184_velboata_Shems_y-_Sale\u00a6u12-4-2025-\u00aeSaid-Mrigua-300x200.jpg 300w, https:\/\/lesdeclenches.info\/wp-content\/uploads\/2025\/07\/184_velboata_Shems_y-_Sale\u00a6u12-4-2025-\u00aeSaid-Mrigua-768x511.jpg 768w, https:\/\/lesdeclenches.info\/wp-content\/uploads\/2025\/07\/184_velboata_Shems_y-_Sale\u00a6u12-4-2025-\u00aeSaid-Mrigua-1536x1022.jpg 1536w, https:\/\/lesdeclenches.info\/wp-content\/uploads\/2025\/07\/184_velboata_Shems_y-_Sale\u00a6u12-4-2025-\u00aeSaid-Mrigua-2048x1363.jpg 2048w\" sizes=\"(max-width: 640px) 100vw, 640px\" \/>\t\t\t\t\t\t\t\t\t\t\t\t\t\t\t<\/div>\n\t\t\t\t<\/div>\n\t\t\t\t\t<\/div>\n\t\t<\/div>\n\t\t\t\t\t\t\t<\/div>\n\t\t<\/section>\n\t\t\t\t\t\t\t<\/div>\n\t\t","protected":false},"excerpt":{"rendered":"<p>trap\u00e8ze-danse-music live post club-projection argentique et vidjing Spectacle grand public autour d&rsquo;une mutation profonde &#8211; RUE ET BO\u00ceTE NOIRE &#8211; Cr\u00e9ation 2025 BALTRAP se trouve au confluent du cirque traditionnel, du cin\u00e9ma, de la musique exp\u00e9rimentale, du film forain et de la danse contemporaine. Poreux \u00e9pidermes d&rsquo;o\u00f9 coule une sueur monstrueuse d\u00e9formant les corps, les [&hellip;]<\/p>\n","protected":false},"author":3,"featured_media":0,"parent":0,"menu_order":2,"comment_status":"closed","ping_status":"closed","template":"","meta":{"footnotes":""},"_links":{"self":[{"href":"https:\/\/lesdeclenches.info\/index.php\/wp-json\/wp\/v2\/pages\/1800"}],"collection":[{"href":"https:\/\/lesdeclenches.info\/index.php\/wp-json\/wp\/v2\/pages"}],"about":[{"href":"https:\/\/lesdeclenches.info\/index.php\/wp-json\/wp\/v2\/types\/page"}],"author":[{"embeddable":true,"href":"https:\/\/lesdeclenches.info\/index.php\/wp-json\/wp\/v2\/users\/3"}],"replies":[{"embeddable":true,"href":"https:\/\/lesdeclenches.info\/index.php\/wp-json\/wp\/v2\/comments?post=1800"}],"version-history":[{"count":14,"href":"https:\/\/lesdeclenches.info\/index.php\/wp-json\/wp\/v2\/pages\/1800\/revisions"}],"predecessor-version":[{"id":2017,"href":"https:\/\/lesdeclenches.info\/index.php\/wp-json\/wp\/v2\/pages\/1800\/revisions\/2017"}],"wp:attachment":[{"href":"https:\/\/lesdeclenches.info\/index.php\/wp-json\/wp\/v2\/media?parent=1800"}],"curies":[{"name":"wp","href":"https:\/\/api.w.org\/{rel}","templated":true}]}}