{"id":1815,"date":"2025-10-09T13:02:56","date_gmt":"2025-10-09T11:02:56","guid":{"rendered":"https:\/\/lesdeclenches.info\/?page_id=1815"},"modified":"2026-01-14T19:09:11","modified_gmt":"2026-01-14T18:09:11","slug":"flash-furious-racc","status":"publish","type":"page","link":"https:\/\/lesdeclenches.info\/index.php\/flash-furious-racc\/","title":{"rendered":"FLASH &#038; FURIOUS"},"content":{"rendered":"\t\t<div data-elementor-type=\"wp-page\" data-elementor-id=\"1815\" class=\"elementor elementor-1815\">\n\t\t\t\t\t\t\t\t\t<section class=\"elementor-section elementor-top-section elementor-element elementor-element-669191d elementor-section-boxed elementor-section-height-default elementor-section-height-default\" data-id=\"669191d\" data-element_type=\"section\">\n\t\t\t\t\t\t<div class=\"elementor-container elementor-column-gap-default\">\n\t\t\t\t\t<div class=\"elementor-column elementor-col-100 elementor-top-column elementor-element elementor-element-590a9eb\" data-id=\"590a9eb\" data-element_type=\"column\">\n\t\t\t<div class=\"elementor-widget-wrap elementor-element-populated\">\n\t\t\t\t\t\t\t\t<div class=\"elementor-element elementor-element-d95d803 elementor-widget elementor-widget-heading\" data-id=\"d95d803\" data-element_type=\"widget\" data-widget_type=\"heading.default\">\n\t\t\t\t<div class=\"elementor-widget-container\">\n\t\t\t<h2 class=\"elementor-heading-title elementor-size-default\">FLASH & FURIOUS (2 Versions)<\/h2>\t\t<\/div>\n\t\t\t\t<\/div>\n\t\t\t\t\t<\/div>\n\t\t<\/div>\n\t\t\t\t\t\t\t<\/div>\n\t\t<\/section>\n\t\t\t\t<section class=\"elementor-section elementor-top-section elementor-element elementor-element-697b993 elementor-section-boxed elementor-section-height-default elementor-section-height-default\" data-id=\"697b993\" data-element_type=\"section\">\n\t\t\t\t\t\t<div class=\"elementor-container elementor-column-gap-default\">\n\t\t\t\t\t<div class=\"elementor-column elementor-col-100 elementor-top-column elementor-element elementor-element-e84ad0a\" data-id=\"e84ad0a\" data-element_type=\"column\">\n\t\t\t<div class=\"elementor-widget-wrap elementor-element-populated\">\n\t\t\t\t\t\t\t\t<div class=\"elementor-element elementor-element-fd0bfb5 elementor-widget elementor-widget-heading\" data-id=\"fd0bfb5\" data-element_type=\"widget\" data-widget_type=\"heading.default\">\n\t\t\t\t<div class=\"elementor-widget-container\">\n\t\t\t<h2 class=\"elementor-heading-title elementor-size-default\">Un spectacle participatif sur les FLOTS ou le BITUME<\/h2>\t\t<\/div>\n\t\t\t\t<\/div>\n\t\t\t\t\t<\/div>\n\t\t<\/div>\n\t\t\t\t\t\t\t<\/div>\n\t\t<\/section>\n\t\t\t\t<section class=\"elementor-section elementor-top-section elementor-element elementor-element-c2f834b elementor-section-boxed elementor-section-height-default elementor-section-height-default\" data-id=\"c2f834b\" data-element_type=\"section\">\n\t\t\t\t\t\t<div class=\"elementor-container elementor-column-gap-default\">\n\t\t\t\t\t<div class=\"elementor-column elementor-col-100 elementor-top-column elementor-element elementor-element-ac2bcb5\" data-id=\"ac2bcb5\" data-element_type=\"column\">\n\t\t\t<div class=\"elementor-widget-wrap elementor-element-populated\">\n\t\t\t\t\t\t\t\t<div class=\"elementor-element elementor-element-d7a0db1 elementor-widget elementor-widget-text-editor\" data-id=\"d7a0db1\" data-element_type=\"widget\" data-widget_type=\"text-editor.default\">\n\t\t\t\t<div class=\"elementor-widget-container\">\n\t\t\t\t\t\t\t<p>Flash and Furious est un spectacle immersif et participatif.<\/p>\n<p class=\"has-text-align-left\">Il invite le public \u00e0 se mettre dans la peau de sportifs de haut niveau. Chaque participant se confronte alors aux notions de pressions, de records, de d\u00e9parts manqu\u00e9s et d&rsquo;arriv\u00e9es victorieuses devant un public en d\u00e9lire.<\/p>\n<p>\u00a0<\/p>\n<p class=\"has-text-align-left\">Durant toute la course, le chronom\u00e8tre d\u00e9file au centi\u00e8me de seconde pr\u00e8s. Le temps se suspend lorsque l&#8217;embarcation fusel\u00e9e d\u00e9clenche le flash en coupant la ligne d&rsquo;arriv\u00e9e. Le temps se fige. Le public et les concurrents se retournent alors pour d\u00e9couvrir leur performance ! RECORD ?\u00a0Une photo de leur exploit &#8211; en pleine action &#8211; leur sera remise \u00e0 l&rsquo;issue de ce sprint de folie !<\/p>\n<p class=\"has-text-align-left\">Ces courses sont comment\u00e9es en direct par deux anciennes stars de la piste : Black Piston &amp; BigJo Warning. Les interviews et les anecdotes de courses pleuvent tandis que les participants sont \u00e9quip\u00e9s et coach\u00e9s par une vedette du tarmac &#8211; Jessica 2000 &#8211; recordwoman des 24 heures de Monaco.<\/p>\n<p class=\"has-text-align-left\">Sensations garanties.<\/p>\n<p>\u00a0<\/p>\n<p><strong>D\u00e8s 6 ans &#8211; 1 \u00e0 4 personnes &#8211; 12 passages par heure &#8211; Jour\/Nuit<\/strong><\/p>\t\t\t\t\t\t<\/div>\n\t\t\t\t<\/div>\n\t\t\t\t\t<\/div>\n\t\t<\/div>\n\t\t\t\t\t\t\t<\/div>\n\t\t<\/section>\n\t\t\t\t<section class=\"elementor-section elementor-top-section elementor-element elementor-element-6f01978 elementor-section-boxed elementor-section-height-default elementor-section-height-default\" data-id=\"6f01978\" data-element_type=\"section\">\n\t\t\t\t\t\t<div class=\"elementor-container elementor-column-gap-default\">\n\t\t\t\t\t<div class=\"elementor-column elementor-col-33 elementor-top-column elementor-element elementor-element-5c773c6\" data-id=\"5c773c6\" data-element_type=\"column\">\n\t\t\t<div class=\"elementor-widget-wrap elementor-element-populated\">\n\t\t\t\t\t\t\t\t<div class=\"elementor-element elementor-element-b69fdce elementor-widget elementor-widget-image\" data-id=\"b69fdce\" data-element_type=\"widget\" data-widget_type=\"image.default\">\n\t\t\t\t<div class=\"elementor-widget-container\">\n\t\t\t\t\t\t\t\t\t\t\t\t\t\t\t<img decoding=\"async\" loading=\"lazy\" width=\"640\" height=\"427\" src=\"https:\/\/lesdeclenches.info\/wp-content\/uploads\/2023\/11\/IMG_0113-1-1024x683.jpg\" class=\"attachment-large size-large wp-image-1249\" alt=\"\" srcset=\"https:\/\/lesdeclenches.info\/wp-content\/uploads\/2023\/11\/IMG_0113-1-1024x683.jpg 1024w, https:\/\/lesdeclenches.info\/wp-content\/uploads\/2023\/11\/IMG_0113-1-300x200.jpg 300w, https:\/\/lesdeclenches.info\/wp-content\/uploads\/2023\/11\/IMG_0113-1-768x512.jpg 768w, https:\/\/lesdeclenches.info\/wp-content\/uploads\/2023\/11\/IMG_0113-1-1536x1024.jpg 1536w\" sizes=\"(max-width: 640px) 100vw, 640px\" \/>\t\t\t\t\t\t\t\t\t\t\t\t\t\t\t<\/div>\n\t\t\t\t<\/div>\n\t\t\t\t<div class=\"elementor-element elementor-element-657900c elementor-widget elementor-widget-image\" data-id=\"657900c\" data-element_type=\"widget\" data-widget_type=\"image.default\">\n\t\t\t\t<div class=\"elementor-widget-container\">\n\t\t\t\t\t\t\t\t\t\t\t\t\t\t\t<img decoding=\"async\" loading=\"lazy\" width=\"640\" height=\"427\" src=\"https:\/\/lesdeclenches.info\/wp-content\/uploads\/2022\/11\/IMG_0215-1024x683.jpg\" class=\"attachment-large size-large wp-image-944\" alt=\"\" srcset=\"https:\/\/lesdeclenches.info\/wp-content\/uploads\/2022\/11\/IMG_0215-1024x683.jpg 1024w, https:\/\/lesdeclenches.info\/wp-content\/uploads\/2022\/11\/IMG_0215-300x200.jpg 300w, https:\/\/lesdeclenches.info\/wp-content\/uploads\/2022\/11\/IMG_0215-768x512.jpg 768w, https:\/\/lesdeclenches.info\/wp-content\/uploads\/2022\/11\/IMG_0215-1536x1024.jpg 1536w, https:\/\/lesdeclenches.info\/wp-content\/uploads\/2022\/11\/IMG_0215-2048x1365.jpg 2048w\" sizes=\"(max-width: 640px) 100vw, 640px\" \/>\t\t\t\t\t\t\t\t\t\t\t\t\t\t\t<\/div>\n\t\t\t\t<\/div>\n\t\t\t\t\t<\/div>\n\t\t<\/div>\n\t\t\t\t<div class=\"elementor-column elementor-col-33 elementor-top-column elementor-element elementor-element-1145a38\" data-id=\"1145a38\" data-element_type=\"column\">\n\t\t\t<div class=\"elementor-widget-wrap elementor-element-populated\">\n\t\t\t\t\t\t\t\t<div class=\"elementor-element elementor-element-409a80a elementor-widget elementor-widget-image\" data-id=\"409a80a\" data-element_type=\"widget\" data-widget_type=\"image.default\">\n\t\t\t\t<div class=\"elementor-widget-container\">\n\t\t\t\t\t\t\t\t\t\t\t\t\t\t\t<img decoding=\"async\" loading=\"lazy\" width=\"640\" height=\"905\" src=\"https:\/\/lesdeclenches.info\/wp-content\/uploads\/2023\/11\/Affiche-flash-and-furious-724x1024.jpg\" class=\"attachment-large size-large wp-image-1239\" alt=\"\" srcset=\"https:\/\/lesdeclenches.info\/wp-content\/uploads\/2023\/11\/Affiche-flash-and-furious-724x1024.jpg 724w, https:\/\/lesdeclenches.info\/wp-content\/uploads\/2023\/11\/Affiche-flash-and-furious-212x300.jpg 212w, https:\/\/lesdeclenches.info\/wp-content\/uploads\/2023\/11\/Affiche-flash-and-furious-768x1086.jpg 768w, https:\/\/lesdeclenches.info\/wp-content\/uploads\/2023\/11\/Affiche-flash-and-furious-1086x1536.jpg 1086w, https:\/\/lesdeclenches.info\/wp-content\/uploads\/2023\/11\/Affiche-flash-and-furious.jpg 1414w\" sizes=\"(max-width: 640px) 100vw, 640px\" \/>\t\t\t\t\t\t\t\t\t\t\t\t\t\t\t<\/div>\n\t\t\t\t<\/div>\n\t\t\t\t\t<\/div>\n\t\t<\/div>\n\t\t\t\t<div class=\"elementor-column elementor-col-33 elementor-top-column elementor-element elementor-element-c441e28\" data-id=\"c441e28\" data-element_type=\"column\">\n\t\t\t<div class=\"elementor-widget-wrap elementor-element-populated\">\n\t\t\t\t\t\t\t\t<div class=\"elementor-element elementor-element-f114777 elementor-widget elementor-widget-image\" data-id=\"f114777\" data-element_type=\"widget\" data-widget_type=\"image.default\">\n\t\t\t\t<div class=\"elementor-widget-container\">\n\t\t\t\t\t\t\t\t\t\t\t\t\t\t\t<img decoding=\"async\" loading=\"lazy\" width=\"640\" height=\"427\" src=\"https:\/\/lesdeclenches.info\/wp-content\/uploads\/2025\/07\/DSCF3935-1024x683.jpg\" class=\"attachment-large size-large wp-image-1619\" alt=\"\" srcset=\"https:\/\/lesdeclenches.info\/wp-content\/uploads\/2025\/07\/DSCF3935-1024x683.jpg 1024w, https:\/\/lesdeclenches.info\/wp-content\/uploads\/2025\/07\/DSCF3935-300x200.jpg 300w, https:\/\/lesdeclenches.info\/wp-content\/uploads\/2025\/07\/DSCF3935-768x512.jpg 768w, https:\/\/lesdeclenches.info\/wp-content\/uploads\/2025\/07\/DSCF3935-1536x1024.jpg 1536w\" sizes=\"(max-width: 640px) 100vw, 640px\" \/>\t\t\t\t\t\t\t\t\t\t\t\t\t\t\t<\/div>\n\t\t\t\t<\/div>\n\t\t\t\t<div class=\"elementor-element elementor-element-9ee9a79 elementor-widget elementor-widget-image\" data-id=\"9ee9a79\" data-element_type=\"widget\" data-widget_type=\"image.default\">\n\t\t\t\t<div class=\"elementor-widget-container\">\n\t\t\t\t\t\t\t\t\t\t\t\t\t\t\t<img decoding=\"async\" loading=\"lazy\" width=\"640\" height=\"427\" src=\"https:\/\/lesdeclenches.info\/wp-content\/uploads\/2025\/07\/DSCF3929-1024x683.jpg\" class=\"attachment-large size-large wp-image-1617\" alt=\"\" srcset=\"https:\/\/lesdeclenches.info\/wp-content\/uploads\/2025\/07\/DSCF3929-1024x683.jpg 1024w, https:\/\/lesdeclenches.info\/wp-content\/uploads\/2025\/07\/DSCF3929-300x200.jpg 300w, https:\/\/lesdeclenches.info\/wp-content\/uploads\/2025\/07\/DSCF3929-768x512.jpg 768w, https:\/\/lesdeclenches.info\/wp-content\/uploads\/2025\/07\/DSCF3929-1536x1024.jpg 1536w, https:\/\/lesdeclenches.info\/wp-content\/uploads\/2025\/07\/DSCF3929-2048x1366.jpg 2048w\" sizes=\"(max-width: 640px) 100vw, 640px\" \/>\t\t\t\t\t\t\t\t\t\t\t\t\t\t\t<\/div>\n\t\t\t\t<\/div>\n\t\t\t\t\t<\/div>\n\t\t<\/div>\n\t\t\t\t\t\t\t<\/div>\n\t\t<\/section>\n\t\t\t\t<section class=\"elementor-section elementor-top-section elementor-element elementor-element-98eeb52 elementor-section-boxed elementor-section-height-default elementor-section-height-default\" data-id=\"98eeb52\" data-element_type=\"section\">\n\t\t\t\t\t\t<div class=\"elementor-container elementor-column-gap-default\">\n\t\t\t\t\t<div class=\"elementor-column elementor-col-100 elementor-top-column elementor-element elementor-element-589fba8\" data-id=\"589fba8\" data-element_type=\"column\">\n\t\t\t<div class=\"elementor-widget-wrap elementor-element-populated\">\n\t\t\t\t\t\t\t\t<div class=\"elementor-element elementor-element-b74afe9 elementor-widget elementor-widget-video\" data-id=\"b74afe9\" data-element_type=\"widget\" data-settings=\"{&quot;youtube_url&quot;:&quot;https:\\\/\\\/www.youtube.com\\\/watch?v=rdqhtRVFH0k&quot;,&quot;video_type&quot;:&quot;youtube&quot;,&quot;controls&quot;:&quot;yes&quot;}\" data-widget_type=\"video.default\">\n\t\t\t\t<div class=\"elementor-widget-container\">\n\t\t\t\t\t<div class=\"elementor-wrapper elementor-open-inline\">\n\t\t\t<div class=\"elementor-video\"><\/div>\t\t<\/div>\n\t\t\t\t<\/div>\n\t\t\t\t<\/div>\n\t\t\t\t\t<\/div>\n\t\t<\/div>\n\t\t\t\t\t\t\t<\/div>\n\t\t<\/section>\n\t\t\t\t\t\t\t<\/div>\n\t\t","protected":false},"excerpt":{"rendered":"<p>FLASH &#038; FURIOUS (2 Versions) Un spectacle participatif sur les FLOTS ou le BITUME Flash and Furious est un spectacle immersif et participatif. Il invite le public \u00e0 se mettre dans la peau de sportifs de haut niveau. Chaque participant se confronte alors aux notions de pressions, de records, de d\u00e9parts manqu\u00e9s et d&rsquo;arriv\u00e9es victorieuses [&hellip;]<\/p>\n","protected":false},"author":3,"featured_media":0,"parent":0,"menu_order":2,"comment_status":"closed","ping_status":"closed","template":"","meta":{"footnotes":""},"_links":{"self":[{"href":"https:\/\/lesdeclenches.info\/index.php\/wp-json\/wp\/v2\/pages\/1815"}],"collection":[{"href":"https:\/\/lesdeclenches.info\/index.php\/wp-json\/wp\/v2\/pages"}],"about":[{"href":"https:\/\/lesdeclenches.info\/index.php\/wp-json\/wp\/v2\/types\/page"}],"author":[{"embeddable":true,"href":"https:\/\/lesdeclenches.info\/index.php\/wp-json\/wp\/v2\/users\/3"}],"replies":[{"embeddable":true,"href":"https:\/\/lesdeclenches.info\/index.php\/wp-json\/wp\/v2\/comments?post=1815"}],"version-history":[{"count":9,"href":"https:\/\/lesdeclenches.info\/index.php\/wp-json\/wp\/v2\/pages\/1815\/revisions"}],"predecessor-version":[{"id":2023,"href":"https:\/\/lesdeclenches.info\/index.php\/wp-json\/wp\/v2\/pages\/1815\/revisions\/2023"}],"wp:attachment":[{"href":"https:\/\/lesdeclenches.info\/index.php\/wp-json\/wp\/v2\/media?parent=1815"}],"curies":[{"name":"wp","href":"https:\/\/api.w.org\/{rel}","templated":true}]}}