{"id":1817,"date":"2025-10-09T13:03:58","date_gmt":"2025-10-09T11:03:58","guid":{"rendered":"https:\/\/lesdeclenches.info\/?page_id=1817"},"modified":"2026-01-14T19:41:29","modified_gmt":"2026-01-14T18:41:29","slug":"hymm-alias-marineland-racc","status":"publish","type":"page","link":"https:\/\/lesdeclenches.info\/index.php\/les-associes\/hymm-alias-marineland-racc\/","title":{"rendered":"HYMM alias MARINELAND"},"content":{"rendered":"\t\t<div data-elementor-type=\"wp-page\" data-elementor-id=\"1817\" class=\"elementor elementor-1817\">\n\t\t\t\t\t\t\t\t\t<section class=\"elementor-section elementor-top-section elementor-element elementor-element-061e066 elementor-section-boxed elementor-section-height-default elementor-section-height-default\" data-id=\"061e066\" data-element_type=\"section\">\n\t\t\t\t\t\t<div class=\"elementor-container elementor-column-gap-default\">\n\t\t\t\t\t<div class=\"elementor-column elementor-col-100 elementor-top-column elementor-element elementor-element-afe6308\" data-id=\"afe6308\" data-element_type=\"column\">\n\t\t\t<div class=\"elementor-widget-wrap elementor-element-populated\">\n\t\t\t\t\t\t\t\t<div class=\"elementor-element elementor-element-b83d92a elementor-widget elementor-widget-heading\" data-id=\"b83d92a\" data-element_type=\"widget\" data-widget_type=\"heading.default\">\n\t\t\t\t<div class=\"elementor-widget-container\">\n\t\t\t<h2 class=\"elementor-heading-title elementor-size-default\">HYMNE AUX MONSTRES MARINS alias MARINELAND<\/h2>\t\t<\/div>\n\t\t\t\t<\/div>\n\t\t\t\t\t<\/div>\n\t\t<\/div>\n\t\t\t\t\t\t\t<\/div>\n\t\t<\/section>\n\t\t\t\t<section class=\"elementor-section elementor-top-section elementor-element elementor-element-627c60c elementor-section-boxed elementor-section-height-default elementor-section-height-default\" data-id=\"627c60c\" data-element_type=\"section\">\n\t\t\t\t\t\t<div class=\"elementor-container elementor-column-gap-default\">\n\t\t\t\t\t<div class=\"elementor-column elementor-col-100 elementor-top-column elementor-element elementor-element-0e6af3e\" data-id=\"0e6af3e\" data-element_type=\"column\">\n\t\t\t<div class=\"elementor-widget-wrap elementor-element-populated\">\n\t\t\t\t\t\t\t\t<div class=\"elementor-element elementor-element-7debaf6 elementor-widget elementor-widget-heading\" data-id=\"7debaf6\" data-element_type=\"widget\" data-widget_type=\"heading.default\">\n\t\t\t\t<div class=\"elementor-widget-container\">\n\t\t\t<h5 class=\"elementor-heading-title elementor-size-default\">Projection Super8, Musique des Profondeurs et Po\u00e9sies Abyssales<\/h5>\t\t<\/div>\n\t\t\t\t<\/div>\n\t\t\t\t\t<\/div>\n\t\t<\/div>\n\t\t\t\t\t\t\t<\/div>\n\t\t<\/section>\n\t\t\t\t<section class=\"elementor-section elementor-top-section elementor-element elementor-element-409df0c elementor-section-boxed elementor-section-height-default elementor-section-height-default\" data-id=\"409df0c\" data-element_type=\"section\">\n\t\t\t\t\t\t<div class=\"elementor-container elementor-column-gap-default\">\n\t\t\t\t\t<div class=\"elementor-column elementor-col-100 elementor-top-column elementor-element elementor-element-e94df56\" data-id=\"e94df56\" data-element_type=\"column\">\n\t\t\t<div class=\"elementor-widget-wrap elementor-element-populated\">\n\t\t\t\t\t\t\t\t<div class=\"elementor-element elementor-element-ea0dde9 elementor-widget elementor-widget-heading\" data-id=\"ea0dde9\" data-element_type=\"widget\" data-widget_type=\"heading.default\">\n\t\t\t\t<div class=\"elementor-widget-container\">\n\t\t\t<h4 class=\"elementor-heading-title elementor-size-default\">Forme entresort en caravane - Grande jauge In-Situ <\/h4>\t\t<\/div>\n\t\t\t\t<\/div>\n\t\t\t\t\t<\/div>\n\t\t<\/div>\n\t\t\t\t\t\t\t<\/div>\n\t\t<\/section>\n\t\t\t\t<section class=\"elementor-section elementor-top-section elementor-element elementor-element-bf2e8d1 elementor-section-boxed elementor-section-height-default elementor-section-height-default\" data-id=\"bf2e8d1\" data-element_type=\"section\">\n\t\t\t\t\t\t<div class=\"elementor-container elementor-column-gap-default\">\n\t\t\t\t\t<div class=\"elementor-column elementor-col-100 elementor-top-column elementor-element elementor-element-b730b28\" data-id=\"b730b28\" data-element_type=\"column\">\n\t\t\t<div class=\"elementor-widget-wrap elementor-element-populated\">\n\t\t\t\t\t\t\t\t<div class=\"elementor-element elementor-element-1f14853 elementor-widget elementor-widget-text-editor\" data-id=\"1f14853\" data-element_type=\"widget\" data-widget_type=\"text-editor.default\">\n\t\t\t\t<div class=\"elementor-widget-container\">\n\t\t\t\t\t\t\t<p>Entrez dans le ventre de cette baleine m\u00e9canique o\u00f9 Pinocchio en personne aurait \u00e9t\u00e9 ravi de se faire filtrer. Les 8 projecteurs Super 8 malgr\u00e9 leur immersion prolong\u00e9e vont se mettre \u00e0 ronronner !<\/p><p>Un cin\u00e9ma embarqu\u00e9 o\u00f9 le matelot projectionniste et le capitaine po\u00e8te vous accueillent dans les cales enfum\u00e9es de leur vieux voilier. Lieu sombre et p\u00e9tri d&rsquo;aventure o\u00f9 les voix poissonneuses se m\u00ealent aux images des tr\u00e9fonds des abysses.<\/p><p>Cette projection en Super 8 de films anciens d\u00e9di\u00e9s \u00e0 la mer et \u00e0 l\u2019univers oc\u00e9anique d\u00e9ferle sur le public o\u00f9 l\u2019\u00e9cho de la po\u00e9sie des textes d\u2019Alessandro Baricco, d\u2019Ernest Hemingway, d\u2019Alphonse de Lamartine, d&rsquo;Antonin Artaud entre autres r\u00e9pondent \u00e0 l\u2019\u00e9cho des vagues et du son des projecteurs Super8 amplifi\u00e9s et loop\u00e9s &#8211; en live &#8211; par des musicien.nes.<\/p><p>Raz de mar\u00e9e infini.<\/p><p>\u00a0<\/p><p><strong>Tout Public<\/strong><\/p><p><strong>ENTRE-SORT : 1 \u00e0 6 pers. &#8211;\u00a06 passages par heure &#8211;\u00a0Jour\/Nuit en caravane ou lieu clos non d\u00e9di\u00e9s<\/strong><\/p><p><strong>SPECTACLE : 350 pers. &#8211; 1 \u00e0 2 repr\u00e9senta\u00b0\/Jour &#8211; Ext\/Nuit &#8211; Int\/Jour et\/ou Nuit<\/strong><\/p>\t\t\t\t\t\t<\/div>\n\t\t\t\t<\/div>\n\t\t\t\t\t<\/div>\n\t\t<\/div>\n\t\t\t\t\t\t\t<\/div>\n\t\t<\/section>\n\t\t\t\t<section class=\"elementor-section elementor-top-section elementor-element elementor-element-a26f8b3 elementor-section-boxed elementor-section-height-default elementor-section-height-default\" data-id=\"a26f8b3\" data-element_type=\"section\">\n\t\t\t\t\t\t<div class=\"elementor-container elementor-column-gap-default\">\n\t\t\t\t\t<div class=\"elementor-column elementor-col-33 elementor-top-column elementor-element elementor-element-062fbc5\" data-id=\"062fbc5\" data-element_type=\"column\">\n\t\t\t<div class=\"elementor-widget-wrap elementor-element-populated\">\n\t\t\t\t\t\t\t\t<div class=\"elementor-element elementor-element-7794874 elementor-widget elementor-widget-image\" data-id=\"7794874\" data-element_type=\"widget\" data-widget_type=\"image.default\">\n\t\t\t\t<div class=\"elementor-widget-container\">\n\t\t\t\t\t\t\t\t\t\t\t\t\t\t\t<img decoding=\"async\" loading=\"lazy\" width=\"640\" height=\"853\" src=\"https:\/\/lesdeclenches.info\/wp-content\/uploads\/2025\/10\/IMG-20250507-WA0027-768x1024.jpg\" class=\"attachment-large size-large wp-image-1943\" alt=\"\" srcset=\"https:\/\/lesdeclenches.info\/wp-content\/uploads\/2025\/10\/IMG-20250507-WA0027-768x1024.jpg 768w, https:\/\/lesdeclenches.info\/wp-content\/uploads\/2025\/10\/IMG-20250507-WA0027-225x300.jpg 225w, https:\/\/lesdeclenches.info\/wp-content\/uploads\/2025\/10\/IMG-20250507-WA0027-1152x1536.jpg 1152w, https:\/\/lesdeclenches.info\/wp-content\/uploads\/2025\/10\/IMG-20250507-WA0027.jpg 1536w\" sizes=\"(max-width: 640px) 100vw, 640px\" \/>\t\t\t\t\t\t\t\t\t\t\t\t\t\t\t<\/div>\n\t\t\t\t<\/div>\n\t\t\t\t\t<\/div>\n\t\t<\/div>\n\t\t\t\t<div class=\"elementor-column elementor-col-33 elementor-top-column elementor-element elementor-element-7779b49\" data-id=\"7779b49\" data-element_type=\"column\">\n\t\t\t<div class=\"elementor-widget-wrap elementor-element-populated\">\n\t\t\t\t\t\t\t\t<div class=\"elementor-element elementor-element-95b3c94 elementor-widget elementor-widget-image\" data-id=\"95b3c94\" data-element_type=\"widget\" data-widget_type=\"image.default\">\n\t\t\t\t<div class=\"elementor-widget-container\">\n\t\t\t\t\t\t\t\t\t\t\t\t\t\t\t<img decoding=\"async\" loading=\"lazy\" width=\"640\" height=\"480\" src=\"https:\/\/lesdeclenches.info\/wp-content\/uploads\/2025\/10\/IMG-20250624-WA0004-1024x768.jpg\" class=\"attachment-large size-large wp-image-1945\" alt=\"\" srcset=\"https:\/\/lesdeclenches.info\/wp-content\/uploads\/2025\/10\/IMG-20250624-WA0004-1024x768.jpg 1024w, https:\/\/lesdeclenches.info\/wp-content\/uploads\/2025\/10\/IMG-20250624-WA0004-300x225.jpg 300w, https:\/\/lesdeclenches.info\/wp-content\/uploads\/2025\/10\/IMG-20250624-WA0004-768x576.jpg 768w, https:\/\/lesdeclenches.info\/wp-content\/uploads\/2025\/10\/IMG-20250624-WA0004.jpg 1280w\" sizes=\"(max-width: 640px) 100vw, 640px\" \/>\t\t\t\t\t\t\t\t\t\t\t\t\t\t\t<\/div>\n\t\t\t\t<\/div>\n\t\t\t\t<div class=\"elementor-element elementor-element-9c09495 elementor-widget elementor-widget-image\" data-id=\"9c09495\" data-element_type=\"widget\" data-widget_type=\"image.default\">\n\t\t\t\t<div class=\"elementor-widget-container\">\n\t\t\t\t\t\t\t\t\t\t\t\t\t\t\t<img decoding=\"async\" loading=\"lazy\" width=\"640\" height=\"324\" src=\"https:\/\/lesdeclenches.info\/wp-content\/uploads\/2025\/10\/2-1024x518.jpg\" class=\"attachment-large size-large wp-image-1939\" alt=\"\" srcset=\"https:\/\/lesdeclenches.info\/wp-content\/uploads\/2025\/10\/2-1024x518.jpg 1024w, https:\/\/lesdeclenches.info\/wp-content\/uploads\/2025\/10\/2-300x152.jpg 300w, https:\/\/lesdeclenches.info\/wp-content\/uploads\/2025\/10\/2-768x389.jpg 768w, https:\/\/lesdeclenches.info\/wp-content\/uploads\/2025\/10\/2-1536x777.jpg 1536w, https:\/\/lesdeclenches.info\/wp-content\/uploads\/2025\/10\/2.jpg 1895w\" sizes=\"(max-width: 640px) 100vw, 640px\" \/>\t\t\t\t\t\t\t\t\t\t\t\t\t\t\t<\/div>\n\t\t\t\t<\/div>\n\t\t\t\t\t<\/div>\n\t\t<\/div>\n\t\t\t\t<div class=\"elementor-column elementor-col-33 elementor-top-column elementor-element elementor-element-17f648a\" data-id=\"17f648a\" data-element_type=\"column\">\n\t\t\t<div class=\"elementor-widget-wrap elementor-element-populated\">\n\t\t\t\t\t\t\t\t<div class=\"elementor-element elementor-element-325d24b elementor-widget elementor-widget-image\" data-id=\"325d24b\" data-element_type=\"widget\" data-widget_type=\"image.default\">\n\t\t\t\t<div class=\"elementor-widget-container\">\n\t\t\t\t\t\t\t\t\t\t\t\t\t\t\t<img decoding=\"async\" loading=\"lazy\" width=\"640\" height=\"853\" src=\"https:\/\/lesdeclenches.info\/wp-content\/uploads\/2025\/10\/Copy-of-IMG-20240617-WA0032-768x1024.jpg\" class=\"attachment-large size-large wp-image-1941\" alt=\"\" srcset=\"https:\/\/lesdeclenches.info\/wp-content\/uploads\/2025\/10\/Copy-of-IMG-20240617-WA0032-768x1024.jpg 768w, https:\/\/lesdeclenches.info\/wp-content\/uploads\/2025\/10\/Copy-of-IMG-20240617-WA0032-225x300.jpg 225w, https:\/\/lesdeclenches.info\/wp-content\/uploads\/2025\/10\/Copy-of-IMG-20240617-WA0032-1152x1536.jpg 1152w, https:\/\/lesdeclenches.info\/wp-content\/uploads\/2025\/10\/Copy-of-IMG-20240617-WA0032.jpg 1536w\" sizes=\"(max-width: 640px) 100vw, 640px\" \/>\t\t\t\t\t\t\t\t\t\t\t\t\t\t\t<\/div>\n\t\t\t\t<\/div>\n\t\t\t\t\t<\/div>\n\t\t<\/div>\n\t\t\t\t\t\t\t<\/div>\n\t\t<\/section>\n\t\t\t\t<section class=\"elementor-section elementor-top-section elementor-element elementor-element-a57b22c elementor-section-boxed elementor-section-height-default elementor-section-height-default\" data-id=\"a57b22c\" data-element_type=\"section\">\n\t\t\t\t\t\t<div class=\"elementor-container elementor-column-gap-default\">\n\t\t\t\t\t<div class=\"elementor-column elementor-col-33 elementor-top-column elementor-element elementor-element-9123370\" data-id=\"9123370\" data-element_type=\"column\">\n\t\t\t<div class=\"elementor-widget-wrap elementor-element-populated\">\n\t\t\t\t\t\t\t\t<div class=\"elementor-element elementor-element-a259822 elementor-widget elementor-widget-image\" data-id=\"a259822\" data-element_type=\"widget\" data-widget_type=\"image.default\">\n\t\t\t\t<div class=\"elementor-widget-container\">\n\t\t\t\t\t\t\t\t\t\t\t\t\t\t\t<img decoding=\"async\" loading=\"lazy\" width=\"640\" height=\"427\" src=\"https:\/\/lesdeclenches.info\/wp-content\/uploads\/2026\/01\/HAMM-10-1024x683.jpg\" class=\"attachment-large size-large wp-image-2036\" alt=\"\" srcset=\"https:\/\/lesdeclenches.info\/wp-content\/uploads\/2026\/01\/HAMM-10-1024x683.jpg 1024w, https:\/\/lesdeclenches.info\/wp-content\/uploads\/2026\/01\/HAMM-10-300x200.jpg 300w, https:\/\/lesdeclenches.info\/wp-content\/uploads\/2026\/01\/HAMM-10-768x512.jpg 768w, https:\/\/lesdeclenches.info\/wp-content\/uploads\/2026\/01\/HAMM-10-1536x1024.jpg 1536w, https:\/\/lesdeclenches.info\/wp-content\/uploads\/2026\/01\/HAMM-10-2048x1365.jpg 2048w\" sizes=\"(max-width: 640px) 100vw, 640px\" \/>\t\t\t\t\t\t\t\t\t\t\t\t\t\t\t<\/div>\n\t\t\t\t<\/div>\n\t\t\t\t\t<\/div>\n\t\t<\/div>\n\t\t\t\t<div class=\"elementor-column elementor-col-33 elementor-top-column elementor-element elementor-element-241a1a5\" data-id=\"241a1a5\" data-element_type=\"column\">\n\t\t\t<div class=\"elementor-widget-wrap elementor-element-populated\">\n\t\t\t\t\t\t\t\t<div class=\"elementor-element elementor-element-70c81eb elementor-widget elementor-widget-image\" data-id=\"70c81eb\" data-element_type=\"widget\" data-widget_type=\"image.default\">\n\t\t\t\t<div class=\"elementor-widget-container\">\n\t\t\t\t\t\t\t\t\t\t\t\t\t\t\t<img decoding=\"async\" loading=\"lazy\" width=\"640\" height=\"480\" src=\"https:\/\/lesdeclenches.info\/wp-content\/uploads\/2026\/01\/HAMM-19-1024x768.jpg\" class=\"attachment-large size-large wp-image-2044\" alt=\"\" srcset=\"https:\/\/lesdeclenches.info\/wp-content\/uploads\/2026\/01\/HAMM-19-1024x768.jpg 1024w, https:\/\/lesdeclenches.info\/wp-content\/uploads\/2026\/01\/HAMM-19-300x225.jpg 300w, https:\/\/lesdeclenches.info\/wp-content\/uploads\/2026\/01\/HAMM-19-768x576.jpg 768w, https:\/\/lesdeclenches.info\/wp-content\/uploads\/2026\/01\/HAMM-19-1536x1152.jpg 1536w, https:\/\/lesdeclenches.info\/wp-content\/uploads\/2026\/01\/HAMM-19-2048x1536.jpg 2048w\" sizes=\"(max-width: 640px) 100vw, 640px\" \/>\t\t\t\t\t\t\t\t\t\t\t\t\t\t\t<\/div>\n\t\t\t\t<\/div>\n\t\t\t\t\t<\/div>\n\t\t<\/div>\n\t\t\t\t<div class=\"elementor-column elementor-col-33 elementor-top-column elementor-element elementor-element-806a8fc\" data-id=\"806a8fc\" data-element_type=\"column\">\n\t\t\t<div class=\"elementor-widget-wrap elementor-element-populated\">\n\t\t\t\t\t\t\t\t<div class=\"elementor-element elementor-element-edeed13 elementor-widget elementor-widget-image\" data-id=\"edeed13\" data-element_type=\"widget\" data-widget_type=\"image.default\">\n\t\t\t\t<div class=\"elementor-widget-container\">\n\t\t\t\t\t\t\t\t\t\t\t\t\t\t\t<img decoding=\"async\" loading=\"lazy\" width=\"640\" height=\"480\" src=\"https:\/\/lesdeclenches.info\/wp-content\/uploads\/2024\/02\/IMG_20190420_054218-1024x768.jpg\" class=\"attachment-large size-large wp-image-1375\" alt=\"\" srcset=\"https:\/\/lesdeclenches.info\/wp-content\/uploads\/2024\/02\/IMG_20190420_054218-1024x768.jpg 1024w, https:\/\/lesdeclenches.info\/wp-content\/uploads\/2024\/02\/IMG_20190420_054218-300x225.jpg 300w, https:\/\/lesdeclenches.info\/wp-content\/uploads\/2024\/02\/IMG_20190420_054218-768x576.jpg 768w, https:\/\/lesdeclenches.info\/wp-content\/uploads\/2024\/02\/IMG_20190420_054218-1536x1152.jpg 1536w, https:\/\/lesdeclenches.info\/wp-content\/uploads\/2024\/02\/IMG_20190420_054218-2048x1536.jpg 2048w, https:\/\/lesdeclenches.info\/wp-content\/uploads\/2024\/02\/elementor\/thumbs\/IMG_20190420_054218-scaled-qk17vy1n1kkc6z3ur6tbm134zfexjyaj69lzqo9rew.jpg 240w\" sizes=\"(max-width: 640px) 100vw, 640px\" \/>\t\t\t\t\t\t\t\t\t\t\t\t\t\t\t<\/div>\n\t\t\t\t<\/div>\n\t\t\t\t\t<\/div>\n\t\t<\/div>\n\t\t\t\t\t\t\t<\/div>\n\t\t<\/section>\n\t\t\t\t\t\t\t<\/div>\n\t\t","protected":false},"excerpt":{"rendered":"<p>HYMNE AUX MONSTRES MARINS alias MARINELAND Projection Super8, Musique des Profondeurs et Po\u00e9sies Abyssales Forme entresort en caravane &#8211; Grande jauge In-Situ Entrez dans le ventre de cette baleine m\u00e9canique o\u00f9 Pinocchio en personne aurait \u00e9t\u00e9 ravi de se faire filtrer. Les 8 projecteurs Super 8 malgr\u00e9 leur immersion prolong\u00e9e vont se mettre \u00e0 ronronner [&hellip;]<\/p>\n","protected":false},"author":3,"featured_media":0,"parent":889,"menu_order":2,"comment_status":"closed","ping_status":"closed","template":"","meta":{"footnotes":""},"_links":{"self":[{"href":"https:\/\/lesdeclenches.info\/index.php\/wp-json\/wp\/v2\/pages\/1817"}],"collection":[{"href":"https:\/\/lesdeclenches.info\/index.php\/wp-json\/wp\/v2\/pages"}],"about":[{"href":"https:\/\/lesdeclenches.info\/index.php\/wp-json\/wp\/v2\/types\/page"}],"author":[{"embeddable":true,"href":"https:\/\/lesdeclenches.info\/index.php\/wp-json\/wp\/v2\/users\/3"}],"replies":[{"embeddable":true,"href":"https:\/\/lesdeclenches.info\/index.php\/wp-json\/wp\/v2\/comments?post=1817"}],"version-history":[{"count":17,"href":"https:\/\/lesdeclenches.info\/index.php\/wp-json\/wp\/v2\/pages\/1817\/revisions"}],"predecessor-version":[{"id":2055,"href":"https:\/\/lesdeclenches.info\/index.php\/wp-json\/wp\/v2\/pages\/1817\/revisions\/2055"}],"up":[{"embeddable":true,"href":"https:\/\/lesdeclenches.info\/index.php\/wp-json\/wp\/v2\/pages\/889"}],"wp:attachment":[{"href":"https:\/\/lesdeclenches.info\/index.php\/wp-json\/wp\/v2\/media?parent=1817"}],"curies":[{"name":"wp","href":"https:\/\/api.w.org\/{rel}","templated":true}]}}