{"id":1819,"date":"2025-10-09T13:04:48","date_gmt":"2025-10-09T11:04:48","guid":{"rendered":"https:\/\/lesdeclenches.info\/?page_id=1819"},"modified":"2026-01-14T20:12:08","modified_gmt":"2026-01-14T19:12:08","slug":"studio-1900-racc","status":"publish","type":"page","link":"https:\/\/lesdeclenches.info\/index.php\/les-associes\/studio-1900-racc\/","title":{"rendered":"STUDIO 1900"},"content":{"rendered":"\t\t<div data-elementor-type=\"wp-page\" data-elementor-id=\"1819\" class=\"elementor elementor-1819\">\n\t\t\t\t\t\t\t\t\t<section class=\"elementor-section elementor-top-section elementor-element elementor-element-9e3ed2d elementor-section-boxed elementor-section-height-default elementor-section-height-default\" data-id=\"9e3ed2d\" data-element_type=\"section\">\n\t\t\t\t\t\t<div class=\"elementor-container elementor-column-gap-default\">\n\t\t\t\t\t<div class=\"elementor-column elementor-col-100 elementor-top-column elementor-element elementor-element-ba7e280\" data-id=\"ba7e280\" data-element_type=\"column\">\n\t\t\t<div class=\"elementor-widget-wrap elementor-element-populated\">\n\t\t\t\t\t\t\t\t<div class=\"elementor-element elementor-element-7fa5d3e elementor-widget elementor-widget-heading\" data-id=\"7fa5d3e\" data-element_type=\"widget\" data-widget_type=\"heading.default\">\n\t\t\t\t<div class=\"elementor-widget-container\">\n\t\t\t<h2 class=\"elementor-heading-title elementor-size-default\">LA PHOTOGRAPHIE \"instantan\u00e9e\" EN 1900 :<\/h2>\t\t<\/div>\n\t\t\t\t<\/div>\n\t\t\t\t\t<\/div>\n\t\t<\/div>\n\t\t\t\t\t\t\t<\/div>\n\t\t<\/section>\n\t\t\t\t<section class=\"elementor-section elementor-top-section elementor-element elementor-element-4155632 elementor-section-boxed elementor-section-height-default elementor-section-height-default\" data-id=\"4155632\" data-element_type=\"section\">\n\t\t\t\t\t\t<div class=\"elementor-container elementor-column-gap-default\">\n\t\t\t\t\t<div class=\"elementor-column elementor-col-100 elementor-top-column elementor-element elementor-element-d301f99\" data-id=\"d301f99\" data-element_type=\"column\">\n\t\t\t<div class=\"elementor-widget-wrap elementor-element-populated\">\n\t\t\t\t\t\t\t\t<div class=\"elementor-element elementor-element-458bc2b elementor-widget elementor-widget-heading\" data-id=\"458bc2b\" data-element_type=\"widget\" data-widget_type=\"heading.default\">\n\t\t\t\t<div class=\"elementor-widget-container\">\n\t\t\t<h4 class=\"elementor-heading-title elementor-size-default\">Entre-Sort Th\u00e9\u00e2tralis\u00e9 Argentique\/Portraits d\u00e9velopp\u00e9s en live<\/h4>\t\t<\/div>\n\t\t\t\t<\/div>\n\t\t\t\t\t<\/div>\n\t\t<\/div>\n\t\t\t\t\t\t\t<\/div>\n\t\t<\/section>\n\t\t\t\t<section class=\"elementor-section elementor-top-section elementor-element elementor-element-3b50a42 elementor-section-boxed elementor-section-height-default elementor-section-height-default\" data-id=\"3b50a42\" data-element_type=\"section\">\n\t\t\t\t\t\t<div class=\"elementor-container elementor-column-gap-default\">\n\t\t\t\t\t<div class=\"elementor-column elementor-col-100 elementor-top-column elementor-element elementor-element-5be9ad1\" data-id=\"5be9ad1\" data-element_type=\"column\">\n\t\t\t<div class=\"elementor-widget-wrap elementor-element-populated\">\n\t\t\t\t\t\t\t\t<div class=\"elementor-element elementor-element-5c78137 elementor-widget elementor-widget-text-editor\" data-id=\"5c78137\" data-element_type=\"widget\" data-widget_type=\"text-editor.default\">\n\t\t\t\t<div class=\"elementor-widget-container\">\n\t\t\t\t\t\t\t<p>Dans une vieille \u00e9choppe Photographique de 1900, un vieux Russe Ivanov et Madame Suzie accueillent dans cet entresort \u00e0 voyager dans le temps, les fans de selfie du XXI\u00e8me si\u00e8cle.<\/p>\n<p>Ils gardent jalousement cach\u00e9 un nouveau proc\u00e9d\u00e9 photographique \u00ab\u00a0instantan\u00e9\u00a0\u00bb permettant de r\u00e9aliser des tirages argentiques en moins de 45 minutes. Cette \u00e9volution insens\u00e9e, fruit de longues nuits blanches d&rsquo;exp\u00e9rimentations, veut \u00eatre r\u00e9cup\u00e9r\u00e9e par les grands labos photographiques qui souhaitent d\u00e9mocratiser \u00ab\u00a0une bo\u00eete \u00e0 Portraits\u00a0\u00bb qu&rsquo;ils appelleraient Le PhotoMaton.<\/p>\n<p>Les futurs mod\u00e8les sont invit\u00e9s \u00e0 p\u00e9n\u00e9trer dans ce studio d&rsquo;un autre temps, pour une s\u00e9ance un peu particuli\u00e8re.<\/p>\n<p>\u00a0<\/p>\n<p><strong>D\u00e8s 4 ans &#8211; 4 heures &#8211; 1 \u00e0 5 personnes &#8211; 6\u00a0passages par heure &#8211;\u00a0Jour et Nuit<\/strong><\/p>\t\t\t\t\t\t<\/div>\n\t\t\t\t<\/div>\n\t\t\t\t\t<\/div>\n\t\t<\/div>\n\t\t\t\t\t\t\t<\/div>\n\t\t<\/section>\n\t\t\t\t<section class=\"elementor-section elementor-top-section elementor-element elementor-element-c0ec778 elementor-section-boxed elementor-section-height-default elementor-section-height-default\" data-id=\"c0ec778\" data-element_type=\"section\">\n\t\t\t\t\t\t<div class=\"elementor-container elementor-column-gap-default\">\n\t\t\t\t\t<div class=\"elementor-column elementor-col-100 elementor-top-column elementor-element elementor-element-2e1596c\" data-id=\"2e1596c\" data-element_type=\"column\">\n\t\t\t<div class=\"elementor-widget-wrap elementor-element-populated\">\n\t\t\t\t\t\t\t\t<div class=\"elementor-element elementor-element-9ada863 elementor-widget elementor-widget-heading\" data-id=\"9ada863\" data-element_type=\"widget\" data-widget_type=\"heading.default\">\n\t\t\t\t<div class=\"elementor-widget-container\">\n\t\t\t<h4 class=\"elementor-heading-title elementor-size-default\">Le m\u00eame studio mais en un peu plus Coquin (+18)<\/h4>\t\t<\/div>\n\t\t\t\t<\/div>\n\t\t\t\t\t<\/div>\n\t\t<\/div>\n\t\t\t\t\t\t\t<\/div>\n\t\t<\/section>\n\t\t\t\t<section class=\"elementor-section elementor-top-section elementor-element elementor-element-808c613 elementor-section-boxed elementor-section-height-default elementor-section-height-default\" data-id=\"808c613\" data-element_type=\"section\">\n\t\t\t\t\t\t<div class=\"elementor-container elementor-column-gap-default\">\n\t\t\t\t\t<div class=\"elementor-column elementor-col-100 elementor-top-column elementor-element elementor-element-6982bf8\" data-id=\"6982bf8\" data-element_type=\"column\">\n\t\t\t<div class=\"elementor-widget-wrap elementor-element-populated\">\n\t\t\t\t\t\t\t\t<div class=\"elementor-element elementor-element-ec955e6 elementor-widget elementor-widget-text-editor\" data-id=\"ec955e6\" data-element_type=\"widget\" data-widget_type=\"text-editor.default\">\n\t\t\t\t<div class=\"elementor-widget-container\">\n\t\t\t\t\t\t\t<h5 class=\"wp-block-heading\">Derri\u00e8re la devanture d&rsquo;une \u00e9choppe photographique du d\u00e9but du XIX \u00e8me si\u00e8cle, deux photographes s&rsquo;affairent.\u00a0Las des clich\u00e9s de famille, des portraits de naissance, des photographies de mariage, ils ont am\u00e9nag\u00e9 un studio plus chaud, plus discret, plus intime, plus coquin.<\/h5>\n<p>La chaleur des projecteurs, la douceur des \u00e9toffes et le huis clos invitent \u00e0 mettre de c\u00f4t\u00e9 les conventions, les cadrages classiques, \u00e0 laisser appara\u00eetre une \u00e9paule et bien plus encore.<\/p>\n<p>Le gramophone gr\u00e9sille, l&rsquo;obturateur de la chambre photographique s&rsquo;ouvre en grand tandis que les mod\u00e8les se figent le temps d&rsquo;une longue pose pour laisser les grains\u00a0argentiques fixer les grains de peau berc\u00e9s par la lumi\u00e8re !<\/p>\n<p>Les photographes par des chor\u00e9graphies endiabl\u00e9s guident et invitent les mod\u00e8les \u00e0 prendre la pose, sur de folles musiques des ann\u00e9es 20\u2026<\/p>\n<p>R\u00e9alis\u00e9s avec une chambre 13\/18, d\u00e9velopp\u00e9s en direct, chaque tirage est unique. Chacun.e repartira avec un exemplaire dont il ne restera aucune trace.<\/p>\n<p>\u00a0<\/p>\n<p><strong>D\u00e8s 18 ans &#8211; 1 \u00e0 5 personnes &#8211; 8 passages par heure &#8211; Jour\/Nuit &#8211; D\u00e9cor ext\u00e9rieur + caravane de d\u00e9veloppement<\/strong><\/p>\t\t\t\t\t\t<\/div>\n\t\t\t\t<\/div>\n\t\t\t\t\t<\/div>\n\t\t<\/div>\n\t\t\t\t\t\t\t<\/div>\n\t\t<\/section>\n\t\t\t\t<section class=\"elementor-section elementor-top-section elementor-element elementor-element-371db53 elementor-section-boxed elementor-section-height-default elementor-section-height-default\" data-id=\"371db53\" data-element_type=\"section\">\n\t\t\t\t\t\t<div class=\"elementor-container elementor-column-gap-default\">\n\t\t\t\t\t<div class=\"elementor-column elementor-col-33 elementor-top-column elementor-element elementor-element-b6df487\" data-id=\"b6df487\" data-element_type=\"column\">\n\t\t\t<div class=\"elementor-widget-wrap elementor-element-populated\">\n\t\t\t\t\t\t\t\t<div class=\"elementor-element elementor-element-408c3e3 elementor-widget elementor-widget-image\" data-id=\"408c3e3\" data-element_type=\"widget\" data-widget_type=\"image.default\">\n\t\t\t\t<div class=\"elementor-widget-container\">\n\t\t\t\t\t\t\t\t\t\t\t\t\t\t\t<img decoding=\"async\" loading=\"lazy\" width=\"490\" height=\"665\" src=\"https:\/\/lesdeclenches.info\/wp-content\/uploads\/2019\/02\/A__92C8-1.jpg\" class=\"attachment-large size-large wp-image-482\" alt=\"\" srcset=\"https:\/\/lesdeclenches.info\/wp-content\/uploads\/2019\/02\/A__92C8-1.jpg 490w, https:\/\/lesdeclenches.info\/wp-content\/uploads\/2019\/02\/A__92C8-1-221x300.jpg 221w\" sizes=\"(max-width: 490px) 100vw, 490px\" \/>\t\t\t\t\t\t\t\t\t\t\t\t\t\t\t<\/div>\n\t\t\t\t<\/div>\n\t\t\t\t\t<\/div>\n\t\t<\/div>\n\t\t\t\t<div class=\"elementor-column elementor-col-33 elementor-top-column elementor-element elementor-element-f2f0a49\" data-id=\"f2f0a49\" data-element_type=\"column\">\n\t\t\t<div class=\"elementor-widget-wrap elementor-element-populated\">\n\t\t\t\t\t\t\t\t<div class=\"elementor-element elementor-element-022c6f2 elementor-widget elementor-widget-image\" data-id=\"022c6f2\" data-element_type=\"widget\" data-widget_type=\"image.default\">\n\t\t\t\t<div class=\"elementor-widget-container\">\n\t\t\t\t\t\t\t\t\t\t\t\t\t\t\t<img decoding=\"async\" loading=\"lazy\" width=\"640\" height=\"448\" src=\"https:\/\/lesdeclenches.info\/wp-content\/uploads\/2021\/03\/s1111111.png\" class=\"attachment-large size-large wp-image-730\" alt=\"\" srcset=\"https:\/\/lesdeclenches.info\/wp-content\/uploads\/2021\/03\/s1111111.png 800w, https:\/\/lesdeclenches.info\/wp-content\/uploads\/2021\/03\/s1111111-300x210.png 300w, https:\/\/lesdeclenches.info\/wp-content\/uploads\/2021\/03\/s1111111-768x538.png 768w\" sizes=\"(max-width: 640px) 100vw, 640px\" \/>\t\t\t\t\t\t\t\t\t\t\t\t\t\t\t<\/div>\n\t\t\t\t<\/div>\n\t\t\t\t<div class=\"elementor-element elementor-element-be83c50 elementor-widget elementor-widget-image\" data-id=\"be83c50\" data-element_type=\"widget\" data-widget_type=\"image.default\">\n\t\t\t\t<div class=\"elementor-widget-container\">\n\t\t\t\t\t\t\t\t\t\t\t\t\t\t\t<img decoding=\"async\" loading=\"lazy\" width=\"640\" height=\"461\" src=\"https:\/\/lesdeclenches.info\/wp-content\/uploads\/2018\/03\/fouf-7-1024x738.jpg\" class=\"attachment-large size-large wp-image-266\" alt=\"\" srcset=\"https:\/\/lesdeclenches.info\/wp-content\/uploads\/2018\/03\/fouf-7-1024x738.jpg 1024w, https:\/\/lesdeclenches.info\/wp-content\/uploads\/2018\/03\/fouf-7-300x216.jpg 300w, https:\/\/lesdeclenches.info\/wp-content\/uploads\/2018\/03\/fouf-7-768x553.jpg 768w\" sizes=\"(max-width: 640px) 100vw, 640px\" \/>\t\t\t\t\t\t\t\t\t\t\t\t\t\t\t<\/div>\n\t\t\t\t<\/div>\n\t\t\t\t\t<\/div>\n\t\t<\/div>\n\t\t\t\t<div class=\"elementor-column elementor-col-33 elementor-top-column elementor-element elementor-element-72257ba\" data-id=\"72257ba\" data-element_type=\"column\">\n\t\t\t<div class=\"elementor-widget-wrap elementor-element-populated\">\n\t\t\t\t\t\t\t\t<div class=\"elementor-element elementor-element-77e3ba8 elementor-widget elementor-widget-image\" data-id=\"77e3ba8\" data-element_type=\"widget\" data-widget_type=\"image.default\">\n\t\t\t\t<div class=\"elementor-widget-container\">\n\t\t\t\t\t\t\t\t\t\t\t\t\t\t\t<img decoding=\"async\" loading=\"lazy\" width=\"640\" height=\"853\" src=\"https:\/\/lesdeclenches.info\/wp-content\/uploads\/2019\/02\/IMG_20180721_160759-768x1024.jpg\" class=\"attachment-large size-large wp-image-468\" alt=\"\" srcset=\"https:\/\/lesdeclenches.info\/wp-content\/uploads\/2019\/02\/IMG_20180721_160759-768x1024.jpg 768w, https:\/\/lesdeclenches.info\/wp-content\/uploads\/2019\/02\/IMG_20180721_160759-225x300.jpg 225w\" sizes=\"(max-width: 640px) 100vw, 640px\" \/>\t\t\t\t\t\t\t\t\t\t\t\t\t\t\t<\/div>\n\t\t\t\t<\/div>\n\t\t\t\t\t<\/div>\n\t\t<\/div>\n\t\t\t\t\t\t\t<\/div>\n\t\t<\/section>\n\t\t\t\t\t\t\t<\/div>\n\t\t","protected":false},"excerpt":{"rendered":"<p>LA PHOTOGRAPHIE \u00ab\u00a0instantan\u00e9e\u00a0\u00bb EN 1900 : Entre-Sort Th\u00e9\u00e2tralis\u00e9 Argentique\/Portraits d\u00e9velopp\u00e9s en live Dans une vieille \u00e9choppe Photographique de 1900, un vieux Russe Ivanov et Madame Suzie accueillent dans cet entresort \u00e0 voyager dans le temps, les fans de selfie du XXI\u00e8me si\u00e8cle. Ils gardent jalousement cach\u00e9 un nouveau proc\u00e9d\u00e9 photographique \u00ab\u00a0instantan\u00e9\u00a0\u00bb permettant de r\u00e9aliser des [&hellip;]<\/p>\n","protected":false},"author":3,"featured_media":0,"parent":889,"menu_order":2,"comment_status":"closed","ping_status":"closed","template":"","meta":{"footnotes":""},"_links":{"self":[{"href":"https:\/\/lesdeclenches.info\/index.php\/wp-json\/wp\/v2\/pages\/1819"}],"collection":[{"href":"https:\/\/lesdeclenches.info\/index.php\/wp-json\/wp\/v2\/pages"}],"about":[{"href":"https:\/\/lesdeclenches.info\/index.php\/wp-json\/wp\/v2\/types\/page"}],"author":[{"embeddable":true,"href":"https:\/\/lesdeclenches.info\/index.php\/wp-json\/wp\/v2\/users\/3"}],"replies":[{"embeddable":true,"href":"https:\/\/lesdeclenches.info\/index.php\/wp-json\/wp\/v2\/comments?post=1819"}],"version-history":[{"count":8,"href":"https:\/\/lesdeclenches.info\/index.php\/wp-json\/wp\/v2\/pages\/1819\/revisions"}],"predecessor-version":[{"id":2065,"href":"https:\/\/lesdeclenches.info\/index.php\/wp-json\/wp\/v2\/pages\/1819\/revisions\/2065"}],"up":[{"embeddable":true,"href":"https:\/\/lesdeclenches.info\/index.php\/wp-json\/wp\/v2\/pages\/889"}],"wp:attachment":[{"href":"https:\/\/lesdeclenches.info\/index.php\/wp-json\/wp\/v2\/media?parent=1819"}],"curies":[{"name":"wp","href":"https:\/\/api.w.org\/{rel}","templated":true}]}}