{"id":1823,"date":"2025-10-09T13:06:44","date_gmt":"2025-10-09T11:06:44","guid":{"rendered":"https:\/\/lesdeclenches.info\/?page_id=1823"},"modified":"2026-01-14T20:21:54","modified_gmt":"2026-01-14T19:21:54","slug":"ete-76-collectif-palp-racc","status":"publish","type":"page","link":"https:\/\/lesdeclenches.info\/index.php\/les-associes\/ete-76-collectif-palp-racc\/","title":{"rendered":"ETE 76 \/ Collectif PALP"},"content":{"rendered":"\t\t<div data-elementor-type=\"wp-page\" data-elementor-id=\"1823\" class=\"elementor elementor-1823\">\n\t\t\t\t\t\t\t\t\t<section class=\"elementor-section elementor-top-section elementor-element elementor-element-f8b57c5 elementor-section-boxed elementor-section-height-default elementor-section-height-default\" data-id=\"f8b57c5\" data-element_type=\"section\">\n\t\t\t\t\t\t<div class=\"elementor-container elementor-column-gap-default\">\n\t\t\t\t\t<div class=\"elementor-column elementor-col-100 elementor-top-column elementor-element elementor-element-d4e4650\" data-id=\"d4e4650\" data-element_type=\"column\">\n\t\t\t<div class=\"elementor-widget-wrap elementor-element-populated\">\n\t\t\t\t\t\t\t\t<div class=\"elementor-element elementor-element-6cb7187 elementor-widget elementor-widget-heading\" data-id=\"6cb7187\" data-element_type=\"widget\" data-widget_type=\"heading.default\">\n\t\t\t\t<div class=\"elementor-widget-container\">\n\t\t\t<h2 class=\"elementor-heading-title elementor-size-default\">\u00c9T\u00c9 76, Compagnie PAULINE A LA PLAGE (PALP)<\/h2>\t\t<\/div>\n\t\t\t\t<\/div>\n\t\t\t\t\t<\/div>\n\t\t<\/div>\n\t\t\t\t\t\t\t<\/div>\n\t\t<\/section>\n\t\t\t\t<section class=\"elementor-section elementor-top-section elementor-element elementor-element-5497666 elementor-section-boxed elementor-section-height-default elementor-section-height-default\" data-id=\"5497666\" data-element_type=\"section\">\n\t\t\t\t\t\t<div class=\"elementor-container elementor-column-gap-default\">\n\t\t\t\t\t<div class=\"elementor-column elementor-col-100 elementor-top-column elementor-element elementor-element-eaa5723\" data-id=\"eaa5723\" data-element_type=\"column\">\n\t\t\t<div class=\"elementor-widget-wrap elementor-element-populated\">\n\t\t\t\t\t\t\t\t<div class=\"elementor-element elementor-element-102e073 elementor-widget elementor-widget-heading\" data-id=\"102e073\" data-element_type=\"widget\" data-widget_type=\"heading.default\">\n\t\t\t\t<div class=\"elementor-widget-container\">\n\t\t\t<h5 class=\"elementor-heading-title elementor-size-default\">Projection Super8 - Musique Live et Po\u00e9sie<\/h5>\t\t<\/div>\n\t\t\t\t<\/div>\n\t\t\t\t\t<\/div>\n\t\t<\/div>\n\t\t\t\t\t\t\t<\/div>\n\t\t<\/section>\n\t\t\t\t<section class=\"elementor-section elementor-top-section elementor-element elementor-element-f5fa3b5 elementor-section-boxed elementor-section-height-default elementor-section-height-default\" data-id=\"f5fa3b5\" data-element_type=\"section\">\n\t\t\t\t\t\t<div class=\"elementor-container elementor-column-gap-default\">\n\t\t\t\t\t<div class=\"elementor-column elementor-col-100 elementor-top-column elementor-element elementor-element-1ee69fc\" data-id=\"1ee69fc\" data-element_type=\"column\">\n\t\t\t<div class=\"elementor-widget-wrap elementor-element-populated\">\n\t\t\t\t\t\t\t\t<div class=\"elementor-element elementor-element-940a8e4 elementor-widget elementor-widget-heading\" data-id=\"940a8e4\" data-element_type=\"widget\" data-widget_type=\"heading.default\">\n\t\t\t\t<div class=\"elementor-widget-container\">\n\t\t\t<h4 class=\"elementor-heading-title elementor-size-default\">L'Heureuse Nostalgie des Souvenirs - Projet Exp\u00e9rimental & Evolutif \n\n<\/h4>\t\t<\/div>\n\t\t\t\t<\/div>\n\t\t\t\t\t<\/div>\n\t\t<\/div>\n\t\t\t\t\t\t\t<\/div>\n\t\t<\/section>\n\t\t\t\t<section class=\"elementor-section elementor-top-section elementor-element elementor-element-40b0ad3 elementor-section-boxed elementor-section-height-default elementor-section-height-default\" data-id=\"40b0ad3\" data-element_type=\"section\">\n\t\t\t\t\t\t<div class=\"elementor-container elementor-column-gap-default\">\n\t\t\t\t\t<div class=\"elementor-column elementor-col-100 elementor-top-column elementor-element elementor-element-580d798\" data-id=\"580d798\" data-element_type=\"column\">\n\t\t\t<div class=\"elementor-widget-wrap elementor-element-populated\">\n\t\t\t\t\t\t\t\t<div class=\"elementor-element elementor-element-2ad7c53 elementor-widget elementor-widget-text-editor\" data-id=\"2ad7c53\" data-element_type=\"widget\" data-widget_type=\"text-editor.default\">\n\t\t\t\t<div class=\"elementor-widget-container\">\n\t\t\t\t\t\t\t<p>Cette cr\u00e9ation est un voyage aux confins de la m\u00e9moire et des souvenirs.<br \/>Les films de famille projet\u00e9s en Super8, le pouvoir envo\u00fbtant et \u00e9vocateur des chants et musiques \u00e9lectroniques embarquent le spectateur dans une machine \u00e0 voyager dans sa propre histoire.\u00a0<\/p>\n<p>\u00a0<\/p>\n<p>Il est ici question de la m\u00e9moire au sens du t\u00e9moignage et de la trace. Ce langage cin\u00e9matographique &#8211; le film de famille &#8211; est une cat\u00e9gorie \u00e0 part qui vient documenter la p\u00e9riode d\u2019apr\u00e8s-guerre et interroge plus largement la question de l\u2019enregistrement par des anonymes d\u2019un pan de notre histoire ; par le prisme de leur fiction personnelle.<\/p>\n<p><br \/>Cette cr\u00e9ation vient \u00e9galement questionner le besoin de documenter, de garder des souvenirs sur des supports physiques, la peur de l\u2019oubli et l\u2019arriv\u00e9e aupr\u00e8s du grand public des nouvelles technologies. Elle questionne aussi l&rsquo;usage de l&rsquo;image que nous faisons au quotidien.<\/p>\n<p>\u00a0<\/p>\n<p>Cette oeuvre cin\u00e9matographique et musicale vivante, se r\u00e9\u00e9crit sans cesse selon les lieux, les \u00e9poques, les contraintes et les rencontres\/mat\u00e9riaux d\u00e9busqu\u00e9s sur les lieux. Un travail In-Situ bien souvent qui voit d\u00e9barquer plusieurs jours en amont, le trio de du Collectif PALP.<\/p>\n<p>\u00a0<\/p>\n<p><strong>D\u00e8s 4 ans &#8211; 350 pers. &#8211; 1 \u00e0 2 repr\u00e9sentation(s)\/jr &#8211; Ext. nuit ou bo\u00eete noire<\/strong><\/p>\n<figure class=\"wp-block-embed is-type-video is-provider-youtube wp-block-embed-youtube wp-embed-aspect-16-9 wp-has-aspect-ratio\">\n<div class=\"wp-block-embed__wrapper\">\u00a0<\/div>\n<\/figure>\t\t\t\t\t\t<\/div>\n\t\t\t\t<\/div>\n\t\t\t\t\t<\/div>\n\t\t<\/div>\n\t\t\t\t\t\t\t<\/div>\n\t\t<\/section>\n\t\t\t\t<section class=\"elementor-section elementor-top-section elementor-element elementor-element-1ad7885 elementor-section-boxed elementor-section-height-default elementor-section-height-default\" data-id=\"1ad7885\" data-element_type=\"section\">\n\t\t\t\t\t\t<div class=\"elementor-container elementor-column-gap-default\">\n\t\t\t\t\t<div class=\"elementor-column elementor-col-33 elementor-top-column elementor-element elementor-element-25f7d53\" data-id=\"25f7d53\" data-element_type=\"column\">\n\t\t\t<div class=\"elementor-widget-wrap elementor-element-populated\">\n\t\t\t\t\t\t\t\t<div class=\"elementor-element elementor-element-02ea61b elementor-widget elementor-widget-image\" data-id=\"02ea61b\" data-element_type=\"widget\" data-widget_type=\"image.default\">\n\t\t\t\t<div class=\"elementor-widget-container\">\n\t\t\t\t\t\t\t\t\t\t\t\t\t\t\t<img decoding=\"async\" loading=\"lazy\" width=\"640\" height=\"427\" src=\"https:\/\/lesdeclenches.info\/wp-content\/uploads\/2024\/01\/Noir-et-Blanc.jpg\" class=\"attachment-large size-large wp-image-1269\" alt=\"\" srcset=\"https:\/\/lesdeclenches.info\/wp-content\/uploads\/2024\/01\/Noir-et-Blanc.jpg 960w, https:\/\/lesdeclenches.info\/wp-content\/uploads\/2024\/01\/Noir-et-Blanc-300x200.jpg 300w, https:\/\/lesdeclenches.info\/wp-content\/uploads\/2024\/01\/Noir-et-Blanc-768x512.jpg 768w\" sizes=\"(max-width: 640px) 100vw, 640px\" \/>\t\t\t\t\t\t\t\t\t\t\t\t\t\t\t<\/div>\n\t\t\t\t<\/div>\n\t\t\t\t<div class=\"elementor-element elementor-element-6398bb7 elementor-widget elementor-widget-image\" data-id=\"6398bb7\" data-element_type=\"widget\" data-widget_type=\"image.default\">\n\t\t\t\t<div class=\"elementor-widget-container\">\n\t\t\t\t\t\t\t\t\t\t\t\t\t\t\t<img decoding=\"async\" loading=\"lazy\" width=\"640\" height=\"641\" src=\"https:\/\/lesdeclenches.info\/wp-content\/uploads\/2024\/01\/349640796_273484705053335_1038389771334589421_n.jpg\" class=\"attachment-large size-large wp-image-1270\" alt=\"\" srcset=\"https:\/\/lesdeclenches.info\/wp-content\/uploads\/2024\/01\/349640796_273484705053335_1038389771334589421_n.jpg 817w, https:\/\/lesdeclenches.info\/wp-content\/uploads\/2024\/01\/349640796_273484705053335_1038389771334589421_n-300x300.jpg 300w, https:\/\/lesdeclenches.info\/wp-content\/uploads\/2024\/01\/349640796_273484705053335_1038389771334589421_n-150x150.jpg 150w, https:\/\/lesdeclenches.info\/wp-content\/uploads\/2024\/01\/349640796_273484705053335_1038389771334589421_n-768x769.jpg 768w\" sizes=\"(max-width: 640px) 100vw, 640px\" \/>\t\t\t\t\t\t\t\t\t\t\t\t\t\t\t<\/div>\n\t\t\t\t<\/div>\n\t\t\t\t\t<\/div>\n\t\t<\/div>\n\t\t\t\t<div class=\"elementor-column elementor-col-33 elementor-top-column elementor-element elementor-element-c682707\" data-id=\"c682707\" data-element_type=\"column\">\n\t\t\t<div class=\"elementor-widget-wrap elementor-element-populated\">\n\t\t\t\t\t\t\t\t<div class=\"elementor-element elementor-element-5b48902 elementor-widget elementor-widget-image\" data-id=\"5b48902\" data-element_type=\"widget\" data-widget_type=\"image.default\">\n\t\t\t\t<div class=\"elementor-widget-container\">\n\t\t\t\t\t\t\t\t\t\t\t\t\t\t\t<img decoding=\"async\" loading=\"lazy\" width=\"640\" height=\"361\" src=\"https:\/\/lesdeclenches.info\/wp-content\/uploads\/2024\/01\/PALP-1024x577.jpg\" class=\"attachment-large size-large wp-image-1267\" alt=\"\" srcset=\"https:\/\/lesdeclenches.info\/wp-content\/uploads\/2024\/01\/PALP-1024x577.jpg 1024w, https:\/\/lesdeclenches.info\/wp-content\/uploads\/2024\/01\/PALP-300x169.jpg 300w, https:\/\/lesdeclenches.info\/wp-content\/uploads\/2024\/01\/PALP-768x433.jpg 768w, https:\/\/lesdeclenches.info\/wp-content\/uploads\/2024\/01\/PALP-1536x866.jpg 1536w, https:\/\/lesdeclenches.info\/wp-content\/uploads\/2024\/01\/PALP-2048x1154.jpg 2048w\" sizes=\"(max-width: 640px) 100vw, 640px\" \/>\t\t\t\t\t\t\t\t\t\t\t\t\t\t\t<\/div>\n\t\t\t\t<\/div>\n\t\t\t\t<div class=\"elementor-element elementor-element-118bf32 elementor-widget elementor-widget-image\" data-id=\"118bf32\" data-element_type=\"widget\" data-widget_type=\"image.default\">\n\t\t\t\t<div class=\"elementor-widget-container\">\n\t\t\t\t\t\t\t\t\t\t\t\t\t\t\t<img decoding=\"async\" loading=\"lazy\" width=\"640\" height=\"853\" src=\"https:\/\/lesdeclenches.info\/wp-content\/uploads\/2023\/10\/IMG-20220312-WA0004.jpg\" class=\"attachment-large size-large wp-image-1168\" alt=\"\" srcset=\"https:\/\/lesdeclenches.info\/wp-content\/uploads\/2023\/10\/IMG-20220312-WA0004.jpg 768w, https:\/\/lesdeclenches.info\/wp-content\/uploads\/2023\/10\/IMG-20220312-WA0004-225x300.jpg 225w\" sizes=\"(max-width: 640px) 100vw, 640px\" \/>\t\t\t\t\t\t\t\t\t\t\t\t\t\t\t<\/div>\n\t\t\t\t<\/div>\n\t\t\t\t\t<\/div>\n\t\t<\/div>\n\t\t\t\t<div class=\"elementor-column elementor-col-33 elementor-top-column elementor-element elementor-element-2052d7f\" data-id=\"2052d7f\" data-element_type=\"column\">\n\t\t\t<div class=\"elementor-widget-wrap elementor-element-populated\">\n\t\t\t\t\t\t\t\t<div class=\"elementor-element elementor-element-599ca1b elementor-widget elementor-widget-image\" data-id=\"599ca1b\" data-element_type=\"widget\" data-widget_type=\"image.default\">\n\t\t\t\t<div class=\"elementor-widget-container\">\n\t\t\t\t\t\t\t\t\t\t\t\t\t\t\t<img decoding=\"async\" loading=\"lazy\" width=\"640\" height=\"427\" src=\"https:\/\/lesdeclenches.info\/wp-content\/uploads\/2024\/01\/194684440_507602977322892_8847881285788225298_n.jpg\" class=\"attachment-large size-large wp-image-1268\" alt=\"\" srcset=\"https:\/\/lesdeclenches.info\/wp-content\/uploads\/2024\/01\/194684440_507602977322892_8847881285788225298_n.jpg 960w, https:\/\/lesdeclenches.info\/wp-content\/uploads\/2024\/01\/194684440_507602977322892_8847881285788225298_n-300x200.jpg 300w, https:\/\/lesdeclenches.info\/wp-content\/uploads\/2024\/01\/194684440_507602977322892_8847881285788225298_n-768x512.jpg 768w\" sizes=\"(max-width: 640px) 100vw, 640px\" \/>\t\t\t\t\t\t\t\t\t\t\t\t\t\t\t<\/div>\n\t\t\t\t<\/div>\n\t\t\t\t<div class=\"elementor-element elementor-element-33da47c elementor-widget elementor-widget-image\" data-id=\"33da47c\" data-element_type=\"widget\" data-widget_type=\"image.default\">\n\t\t\t\t<div class=\"elementor-widget-container\">\n\t\t\t\t\t\t\t\t\t\t\t\t\t\t\t<img decoding=\"async\" loading=\"lazy\" width=\"640\" height=\"360\" src=\"https:\/\/lesdeclenches.info\/wp-content\/uploads\/2021\/03\/cine-Fam-1024x576.jpg\" class=\"attachment-large size-large wp-image-732\" alt=\"\" srcset=\"https:\/\/lesdeclenches.info\/wp-content\/uploads\/2021\/03\/cine-Fam-1024x576.jpg 1024w, https:\/\/lesdeclenches.info\/wp-content\/uploads\/2021\/03\/cine-Fam-300x169.jpg 300w, https:\/\/lesdeclenches.info\/wp-content\/uploads\/2021\/03\/cine-Fam-768x432.jpg 768w, https:\/\/lesdeclenches.info\/wp-content\/uploads\/2021\/03\/cine-Fam-1536x864.jpg 1536w, https:\/\/lesdeclenches.info\/wp-content\/uploads\/2021\/03\/cine-Fam.jpg 1920w\" sizes=\"(max-width: 640px) 100vw, 640px\" \/>\t\t\t\t\t\t\t\t\t\t\t\t\t\t\t<\/div>\n\t\t\t\t<\/div>\n\t\t\t\t\t<\/div>\n\t\t<\/div>\n\t\t\t\t\t\t\t<\/div>\n\t\t<\/section>\n\t\t\t\t<section class=\"elementor-section elementor-top-section elementor-element elementor-element-956eb9c elementor-section-boxed elementor-section-height-default elementor-section-height-default\" data-id=\"956eb9c\" data-element_type=\"section\">\n\t\t\t\t\t\t<div class=\"elementor-container elementor-column-gap-default\">\n\t\t\t\t\t<div class=\"elementor-column elementor-col-33 elementor-top-column elementor-element elementor-element-1111fba\" data-id=\"1111fba\" data-element_type=\"column\">\n\t\t\t<div class=\"elementor-widget-wrap\">\n\t\t\t\t\t\t\t\t\t<\/div>\n\t\t<\/div>\n\t\t\t\t<div class=\"elementor-column elementor-col-33 elementor-top-column elementor-element elementor-element-5d00e8a\" data-id=\"5d00e8a\" data-element_type=\"column\">\n\t\t\t<div class=\"elementor-widget-wrap\">\n\t\t\t\t\t\t\t\t\t<\/div>\n\t\t<\/div>\n\t\t\t\t<div class=\"elementor-column elementor-col-33 elementor-top-column elementor-element elementor-element-1fded3d\" data-id=\"1fded3d\" data-element_type=\"column\">\n\t\t\t<div class=\"elementor-widget-wrap\">\n\t\t\t\t\t\t\t\t\t<\/div>\n\t\t<\/div>\n\t\t\t\t\t\t\t<\/div>\n\t\t<\/section>\n\t\t\t\t<section class=\"elementor-section elementor-top-section elementor-element elementor-element-22301f9 elementor-section-boxed elementor-section-height-default elementor-section-height-default\" data-id=\"22301f9\" data-element_type=\"section\">\n\t\t\t\t\t\t<div class=\"elementor-container elementor-column-gap-default\">\n\t\t\t\t\t<div class=\"elementor-column elementor-col-100 elementor-top-column elementor-element elementor-element-09425c0\" data-id=\"09425c0\" data-element_type=\"column\">\n\t\t\t<div class=\"elementor-widget-wrap elementor-element-populated\">\n\t\t\t\t\t\t\t\t<div class=\"elementor-element elementor-element-f1f32a7 elementor-widget elementor-widget-video\" data-id=\"f1f32a7\" data-element_type=\"widget\" data-settings=\"{&quot;youtube_url&quot;:&quot;https:\\\/\\\/www.youtube.com\\\/watch?v=ukK5DRkgZOc&quot;,&quot;video_type&quot;:&quot;youtube&quot;,&quot;controls&quot;:&quot;yes&quot;}\" data-widget_type=\"video.default\">\n\t\t\t\t<div class=\"elementor-widget-container\">\n\t\t\t\t\t<div class=\"elementor-wrapper elementor-open-inline\">\n\t\t\t<div class=\"elementor-video\"><\/div>\t\t<\/div>\n\t\t\t\t<\/div>\n\t\t\t\t<\/div>\n\t\t\t\t\t<\/div>\n\t\t<\/div>\n\t\t\t\t\t\t\t<\/div>\n\t\t<\/section>\n\t\t\t\t\t\t\t<\/div>\n\t\t","protected":false},"excerpt":{"rendered":"<p>\u00c9T\u00c9 76, Compagnie PAULINE A LA PLAGE (PALP) Projection Super8 &#8211; Musique Live et Po\u00e9sie L&rsquo;Heureuse Nostalgie des Souvenirs &#8211; Projet Exp\u00e9rimental &#038; Evolutif Cette cr\u00e9ation est un voyage aux confins de la m\u00e9moire et des souvenirs.Les films de famille projet\u00e9s en Super8, le pouvoir envo\u00fbtant et \u00e9vocateur des chants et musiques \u00e9lectroniques embarquent le [&hellip;]<\/p>\n","protected":false},"author":3,"featured_media":0,"parent":889,"menu_order":2,"comment_status":"closed","ping_status":"closed","template":"","meta":{"footnotes":""},"_links":{"self":[{"href":"https:\/\/lesdeclenches.info\/index.php\/wp-json\/wp\/v2\/pages\/1823"}],"collection":[{"href":"https:\/\/lesdeclenches.info\/index.php\/wp-json\/wp\/v2\/pages"}],"about":[{"href":"https:\/\/lesdeclenches.info\/index.php\/wp-json\/wp\/v2\/types\/page"}],"author":[{"embeddable":true,"href":"https:\/\/lesdeclenches.info\/index.php\/wp-json\/wp\/v2\/users\/3"}],"replies":[{"embeddable":true,"href":"https:\/\/lesdeclenches.info\/index.php\/wp-json\/wp\/v2\/comments?post=1823"}],"version-history":[{"count":8,"href":"https:\/\/lesdeclenches.info\/index.php\/wp-json\/wp\/v2\/pages\/1823\/revisions"}],"predecessor-version":[{"id":2069,"href":"https:\/\/lesdeclenches.info\/index.php\/wp-json\/wp\/v2\/pages\/1823\/revisions\/2069"}],"up":[{"embeddable":true,"href":"https:\/\/lesdeclenches.info\/index.php\/wp-json\/wp\/v2\/pages\/889"}],"wp:attachment":[{"href":"https:\/\/lesdeclenches.info\/index.php\/wp-json\/wp\/v2\/media?parent=1823"}],"curies":[{"name":"wp","href":"https:\/\/api.w.org\/{rel}","templated":true}]}}