{"id":60,"date":"2018-03-01T01:33:11","date_gmt":"2018-03-01T00:33:11","guid":{"rendered":"https:\/\/lesdeclenches.info\/?page_id=60"},"modified":"2025-10-08T12:35:13","modified_gmt":"2025-10-08T10:35:13","slug":"studio","status":"publish","type":"page","link":"https:\/\/lesdeclenches.info\/index.php\/les-studios\/studio\/","title":{"rendered":"Studios In-Situ"},"content":{"rendered":"\t\t<div data-elementor-type=\"wp-post\" data-elementor-id=\"60\" class=\"elementor elementor-60\">\n\t\t\t\t\t\t\t\t\t<section class=\"elementor-section elementor-top-section elementor-element elementor-element-58a97c3 elementor-section-boxed elementor-section-height-default elementor-section-height-default\" data-id=\"58a97c3\" data-element_type=\"section\">\n\t\t\t\t\t\t<div class=\"elementor-container elementor-column-gap-default\">\n\t\t\t\t\t<div class=\"elementor-column elementor-col-33 elementor-top-column elementor-element elementor-element-0f5cab5\" data-id=\"0f5cab5\" data-element_type=\"column\">\n\t\t\t<div class=\"elementor-widget-wrap elementor-element-populated\">\n\t\t\t\t\t\t\t\t<div class=\"elementor-element elementor-element-61da809 elementor-widget elementor-widget-image\" data-id=\"61da809\" data-element_type=\"widget\" data-widget_type=\"image.default\">\n\t\t\t\t<div class=\"elementor-widget-container\">\n\t\t\t\t\t\t\t\t\t\t\t\t\t\t\t<img decoding=\"async\" loading=\"lazy\" width=\"190\" height=\"300\" src=\"https:\/\/lesdeclenches.info\/wp-content\/uploads\/2018\/03\/photos-piem-190x300.jpeg\" class=\"attachment-medium size-medium wp-image-380\" alt=\"\" srcset=\"https:\/\/lesdeclenches.info\/wp-content\/uploads\/2018\/03\/photos-piem-190x300.jpeg 190w, https:\/\/lesdeclenches.info\/wp-content\/uploads\/2018\/03\/photos-piem-768x1211.jpeg 768w, https:\/\/lesdeclenches.info\/wp-content\/uploads\/2018\/03\/photos-piem-649x1024.jpeg 649w, https:\/\/lesdeclenches.info\/wp-content\/uploads\/2018\/03\/photos-piem.jpeg 938w\" sizes=\"(max-width: 190px) 100vw, 190px\" \/>\t\t\t\t\t\t\t\t\t\t\t\t\t\t\t<\/div>\n\t\t\t\t<\/div>\n\t\t\t\t\t<\/div>\n\t\t<\/div>\n\t\t\t\t<div class=\"elementor-column elementor-col-33 elementor-top-column elementor-element elementor-element-9c07a4d\" data-id=\"9c07a4d\" data-element_type=\"column\">\n\t\t\t<div class=\"elementor-widget-wrap elementor-element-populated\">\n\t\t\t\t\t\t\t\t<div class=\"elementor-element elementor-element-1712ef3 elementor-widget elementor-widget-image\" data-id=\"1712ef3\" data-element_type=\"widget\" data-widget_type=\"image.default\">\n\t\t\t\t<div class=\"elementor-widget-container\">\n\t\t\t\t\t\t\t\t\t\t\t\t\t\t\t<img decoding=\"async\" loading=\"lazy\" width=\"225\" height=\"300\" src=\"https:\/\/lesdeclenches.info\/wp-content\/uploads\/2023\/11\/IMG-20220610-WA0007-225x300.jpg\" class=\"attachment-medium size-medium wp-image-1198\" alt=\"\" srcset=\"https:\/\/lesdeclenches.info\/wp-content\/uploads\/2023\/11\/IMG-20220610-WA0007-225x300.jpg 225w, https:\/\/lesdeclenches.info\/wp-content\/uploads\/2023\/11\/IMG-20220610-WA0007-768x1024.jpg 768w, https:\/\/lesdeclenches.info\/wp-content\/uploads\/2023\/11\/IMG-20220610-WA0007-1152x1536.jpg 1152w, https:\/\/lesdeclenches.info\/wp-content\/uploads\/2023\/11\/IMG-20220610-WA0007.jpg 1500w\" sizes=\"(max-width: 225px) 100vw, 225px\" \/>\t\t\t\t\t\t\t\t\t\t\t\t\t\t\t<\/div>\n\t\t\t\t<\/div>\n\t\t\t\t\t<\/div>\n\t\t<\/div>\n\t\t\t\t<div class=\"elementor-column elementor-col-33 elementor-top-column elementor-element elementor-element-b3ee070\" data-id=\"b3ee070\" data-element_type=\"column\">\n\t\t\t<div class=\"elementor-widget-wrap elementor-element-populated\">\n\t\t\t\t\t\t\t\t<div class=\"elementor-element elementor-element-7bcf7ec elementor-widget elementor-widget-image\" data-id=\"7bcf7ec\" data-element_type=\"widget\" data-widget_type=\"image.default\">\n\t\t\t\t<div class=\"elementor-widget-container\">\n\t\t\t\t\t\t\t\t\t\t\t\t\t\t\t<img decoding=\"async\" loading=\"lazy\" width=\"225\" height=\"300\" src=\"https:\/\/lesdeclenches.info\/wp-content\/uploads\/2019\/02\/IMG_20180628_122251-e1549805296500-225x300.jpg\" class=\"attachment-medium size-medium wp-image-459\" alt=\"\" srcset=\"https:\/\/lesdeclenches.info\/wp-content\/uploads\/2019\/02\/IMG_20180628_122251-e1549805296500-225x300.jpg 225w, https:\/\/lesdeclenches.info\/wp-content\/uploads\/2019\/02\/IMG_20180628_122251-e1549805296500-768x1024.jpg 768w\" sizes=\"(max-width: 225px) 100vw, 225px\" \/>\t\t\t\t\t\t\t\t\t\t\t\t\t\t\t<\/div>\n\t\t\t\t<\/div>\n\t\t\t\t\t<\/div>\n\t\t<\/div>\n\t\t\t\t\t\t\t<\/div>\n\t\t<\/section>\n\t\t\t\t<section class=\"elementor-section elementor-top-section elementor-element elementor-element-60950eb elementor-section-boxed elementor-section-height-default elementor-section-height-default\" data-id=\"60950eb\" data-element_type=\"section\">\n\t\t\t\t\t\t<div class=\"elementor-container elementor-column-gap-default\">\n\t\t\t\t\t<div class=\"elementor-column elementor-col-50 elementor-top-column elementor-element elementor-element-5bfbd46\" data-id=\"5bfbd46\" data-element_type=\"column\">\n\t\t\t<div class=\"elementor-widget-wrap elementor-element-populated\">\n\t\t\t\t\t\t\t\t<div class=\"elementor-element elementor-element-90e3771 elementor-widget elementor-widget-text-editor\" data-id=\"90e3771\" data-element_type=\"widget\" data-widget_type=\"text-editor.default\">\n\t\t\t\t<div class=\"elementor-widget-container\">\n\t\t\t\t\t\t\t<p>Les D\u00e9clench\u00e9s ont pris pour habitude d&rsquo;\u00eatre convi\u00e9s aux quatre coins du monde. Ils d\u00e9barquent chambres photographiques sur l&rsquo;\u00e9paule, laboratoire sous le bras, les poches pleines de chimie magique et investissent les espaces : cales de bateaux, vieux conteneurs, donjons de manoirs, pontons ondulants sur les flots&#8230;<\/p>\t\t\t\t\t\t<\/div>\n\t\t\t\t<\/div>\n\t\t\t\t<div class=\"elementor-element elementor-element-d15e8da elementor-widget elementor-widget-text-editor\" data-id=\"d15e8da\" data-element_type=\"widget\" data-widget_type=\"text-editor.default\">\n\t\t\t\t<div class=\"elementor-widget-container\">\n\t\t\t\t\t\t\t<p>Parfois, ils installent des fonds ou se saisissent du d\u00e9cor naturel, utilisent des \u00e9clairages de cin\u00e9ma ou jouent avec l&rsquo;astre solaire, font poser les p\u00eacheurs ou des locaux amus\u00e9s, d\u00e9ambulent pour d\u00e9busquer leurs proies ou les laissent patiemment venir \u00e0 eux un sourire au coin des l\u00e8vres.<\/p>\t\t\t\t\t\t<\/div>\n\t\t\t\t<\/div>\n\t\t\t\t<div class=\"elementor-element elementor-element-9ee0d2b elementor-widget elementor-widget-image\" data-id=\"9ee0d2b\" data-element_type=\"widget\" data-widget_type=\"image.default\">\n\t\t\t\t<div class=\"elementor-widget-container\">\n\t\t\t\t\t\t\t\t\t\t\t\t\t\t\t<img decoding=\"async\" loading=\"lazy\" width=\"640\" height=\"480\" src=\"https:\/\/lesdeclenches.info\/wp-content\/uploads\/2023\/11\/IMG-20220610-WA0002-1024x768.jpg\" class=\"attachment-large size-large wp-image-1197\" alt=\"\" srcset=\"https:\/\/lesdeclenches.info\/wp-content\/uploads\/2023\/11\/IMG-20220610-WA0002-1024x768.jpg 1024w, https:\/\/lesdeclenches.info\/wp-content\/uploads\/2023\/11\/IMG-20220610-WA0002-300x225.jpg 300w, https:\/\/lesdeclenches.info\/wp-content\/uploads\/2023\/11\/IMG-20220610-WA0002-768x576.jpg 768w, https:\/\/lesdeclenches.info\/wp-content\/uploads\/2023\/11\/IMG-20220610-WA0002-1536x1152.jpg 1536w, https:\/\/lesdeclenches.info\/wp-content\/uploads\/2023\/11\/IMG-20220610-WA0002.jpg 2000w\" sizes=\"(max-width: 640px) 100vw, 640px\" \/>\t\t\t\t\t\t\t\t\t\t\t\t\t\t\t<\/div>\n\t\t\t\t<\/div>\n\t\t\t\t\t<\/div>\n\t\t<\/div>\n\t\t\t\t<div class=\"elementor-column elementor-col-50 elementor-top-column elementor-element elementor-element-c5fedc8\" data-id=\"c5fedc8\" data-element_type=\"column\">\n\t\t\t<div class=\"elementor-widget-wrap elementor-element-populated\">\n\t\t\t\t\t\t\t\t<div class=\"elementor-element elementor-element-8e05b65 elementor-widget elementor-widget-image\" data-id=\"8e05b65\" data-element_type=\"widget\" data-widget_type=\"image.default\">\n\t\t\t\t<div class=\"elementor-widget-container\">\n\t\t\t\t\t\t\t\t\t\t\t\t\t\t\t\t<a href=\"https:\/\/lesdeclenches.info\/wp-content\/uploads\/2018\/03\/18700561_1800127636969539_8923560048550039229_o.jpg\" data-elementor-open-lightbox=\"yes\" data-elementor-lightbox-title=\"18700561_1800127636969539_8923560048550039229_o\" data-e-action-hash=\"#elementor-action%3Aaction%3Dlightbox%26settings%3DeyJpZCI6MzgsInVybCI6Imh0dHBzOlwvXC9sZXNkZWNsZW5jaGVzLmluZm9cL3dwLWNvbnRlbnRcL3VwbG9hZHNcLzIwMThcLzAzXC8xODcwMDU2MV8xODAwMTI3NjM2OTY5NTM5Xzg5MjM1NjAwNDg1NTAwMzkyMjlfby5qcGcifQ%3D%3D\">\n\t\t\t\t\t\t\t<img decoding=\"async\" loading=\"lazy\" width=\"640\" height=\"428\" src=\"https:\/\/lesdeclenches.info\/wp-content\/uploads\/2018\/03\/18700561_1800127636969539_8923560048550039229_o-1024x684.jpg\" class=\"attachment-large size-large wp-image-38\" alt=\"\" srcset=\"https:\/\/lesdeclenches.info\/wp-content\/uploads\/2018\/03\/18700561_1800127636969539_8923560048550039229_o-1024x684.jpg 1024w, https:\/\/lesdeclenches.info\/wp-content\/uploads\/2018\/03\/18700561_1800127636969539_8923560048550039229_o-300x200.jpg 300w, https:\/\/lesdeclenches.info\/wp-content\/uploads\/2018\/03\/18700561_1800127636969539_8923560048550039229_o-768x513.jpg 768w, https:\/\/lesdeclenches.info\/wp-content\/uploads\/2018\/03\/18700561_1800127636969539_8923560048550039229_o.jpg 2048w\" sizes=\"(max-width: 640px) 100vw, 640px\" \/>\t\t\t\t\t\t\t\t<\/a>\n\t\t\t\t\t\t\t\t\t\t\t\t\t\t\t<\/div>\n\t\t\t\t<\/div>\n\t\t\t\t<div class=\"elementor-element elementor-element-abe07d5 elementor-widget elementor-widget-text-editor\" data-id=\"abe07d5\" data-element_type=\"widget\" data-widget_type=\"text-editor.default\">\n\t\t\t\t<div class=\"elementor-widget-container\">\n\t\t\t\t\t\t\t<p>Ils ont choisi de prendre le temps de prendre le temps. Comment pourrait-il en \u00eatre autrement lorsque l&rsquo;on fait le choix de photographier les gens avec des chambres du d\u00e9but du si\u00e8cle, des afghans boxs faites maison, des bo\u00eetes de g\u00e2teaux perc\u00e9es d&rsquo;un trou d&rsquo;aiguille le tout avec du papier argentique, \u00e0 la sensibilit\u00e9 tr\u00e8s basse ? Les mod\u00e8les d&rsquo;un jour se retrouvent embarqu\u00e9s pour une exp\u00e9rience avec le temps ; ce moment \u00e9tir\u00e9 durant lequel il faut poser de longues secondes, voir minutes, pour avoir une photographie de qualit\u00e9. Qu&rsquo;est-ce que cela implique me direz-vous ?\u00a0 Des postures d&rsquo;antan, des torses bomb\u00e9s, des expressions fortes et marqu\u00e9es, un v\u00e9ritable moment de rencontre entre les photographes et leurs mod\u00e8les avec qui se construit la photographie future. Elle passera de bain en bain puis de main en main, d\u00e9velopp\u00e9e directement dans la rue.<\/p>\t\t\t\t\t\t<\/div>\n\t\t\t\t<\/div>\n\t\t\t\t\t<\/div>\n\t\t<\/div>\n\t\t\t\t\t\t\t<\/div>\n\t\t<\/section>\n\t\t\t\t<section class=\"elementor-section elementor-top-section elementor-element elementor-element-d5e4fbb elementor-section-boxed elementor-section-height-default elementor-section-height-default\" data-id=\"d5e4fbb\" data-element_type=\"section\">\n\t\t\t\t\t\t<div class=\"elementor-container elementor-column-gap-default\">\n\t\t\t\t\t<div class=\"elementor-column elementor-col-33 elementor-top-column elementor-element elementor-element-1ca596a\" data-id=\"1ca596a\" data-element_type=\"column\">\n\t\t\t<div class=\"elementor-widget-wrap elementor-element-populated\">\n\t\t\t\t\t\t\t\t<div class=\"elementor-element elementor-element-09146ad elementor-widget elementor-widget-image\" data-id=\"09146ad\" data-element_type=\"widget\" data-widget_type=\"image.default\">\n\t\t\t\t<div class=\"elementor-widget-container\">\n\t\t\t\t\t\t\t\t\t\t\t\t\t\t\t<img decoding=\"async\" loading=\"lazy\" width=\"640\" height=\"427\" src=\"https:\/\/lesdeclenches.info\/wp-content\/uploads\/2018\/03\/JeromeEMERIAU-0002-1-768x512.jpg\" class=\"attachment-medium_large size-medium_large wp-image-123\" alt=\"\" srcset=\"https:\/\/lesdeclenches.info\/wp-content\/uploads\/2018\/03\/JeromeEMERIAU-0002-1-768x512.jpg 768w, https:\/\/lesdeclenches.info\/wp-content\/uploads\/2018\/03\/JeromeEMERIAU-0002-1-300x200.jpg 300w, https:\/\/lesdeclenches.info\/wp-content\/uploads\/2018\/03\/JeromeEMERIAU-0002-1-1024x683.jpg 1024w, https:\/\/lesdeclenches.info\/wp-content\/uploads\/2018\/03\/JeromeEMERIAU-0002-1-e1551031887221.jpg 1000w\" sizes=\"(max-width: 640px) 100vw, 640px\" \/>\t\t\t\t\t\t\t\t\t\t\t\t\t\t\t<\/div>\n\t\t\t\t<\/div>\n\t\t\t\t\t<\/div>\n\t\t<\/div>\n\t\t\t\t<div class=\"elementor-column elementor-col-33 elementor-top-column elementor-element elementor-element-77775eb\" data-id=\"77775eb\" data-element_type=\"column\">\n\t\t\t<div class=\"elementor-widget-wrap elementor-element-populated\">\n\t\t\t\t\t\t\t\t<div class=\"elementor-element elementor-element-5dc5592 elementor-widget elementor-widget-image\" data-id=\"5dc5592\" data-element_type=\"widget\" data-widget_type=\"image.default\">\n\t\t\t\t<div class=\"elementor-widget-container\">\n\t\t\t\t\t\t\t\t\t\t\t\t\t\t\t<img decoding=\"async\" loading=\"lazy\" width=\"225\" height=\"300\" src=\"https:\/\/lesdeclenches.info\/wp-content\/uploads\/2018\/03\/P1170390-e1522328792852-225x300.jpg\" class=\"attachment-medium size-medium wp-image-350\" alt=\"\" srcset=\"https:\/\/lesdeclenches.info\/wp-content\/uploads\/2018\/03\/P1170390-e1522328792852-225x300.jpg 225w, https:\/\/lesdeclenches.info\/wp-content\/uploads\/2018\/03\/P1170390-e1522328792852-768x1024.jpg 768w\" sizes=\"(max-width: 225px) 100vw, 225px\" \/>\t\t\t\t\t\t\t\t\t\t\t\t\t\t\t<\/div>\n\t\t\t\t<\/div>\n\t\t\t\t\t<\/div>\n\t\t<\/div>\n\t\t\t\t<div class=\"elementor-column elementor-col-33 elementor-top-column elementor-element elementor-element-214b05a\" data-id=\"214b05a\" data-element_type=\"column\">\n\t\t\t<div class=\"elementor-widget-wrap elementor-element-populated\">\n\t\t\t\t\t\t\t\t<div class=\"elementor-element elementor-element-e8a0b5d elementor-widget elementor-widget-image\" data-id=\"e8a0b5d\" data-element_type=\"widget\" data-widget_type=\"image.default\">\n\t\t\t\t<div class=\"elementor-widget-container\">\n\t\t\t\t\t\t\t\t\t\t\t\t\t\t\t<img decoding=\"async\" loading=\"lazy\" width=\"640\" height=\"480\" src=\"https:\/\/lesdeclenches.info\/wp-content\/uploads\/2023\/11\/converted_IMG_20230914_234909253-1024x768.jpg\" class=\"attachment-large size-large wp-image-1205\" alt=\"\" srcset=\"https:\/\/lesdeclenches.info\/wp-content\/uploads\/2023\/11\/converted_IMG_20230914_234909253-1024x768.jpg 1024w, https:\/\/lesdeclenches.info\/wp-content\/uploads\/2023\/11\/converted_IMG_20230914_234909253-300x225.jpg 300w, https:\/\/lesdeclenches.info\/wp-content\/uploads\/2023\/11\/converted_IMG_20230914_234909253-768x576.jpg 768w, https:\/\/lesdeclenches.info\/wp-content\/uploads\/2023\/11\/converted_IMG_20230914_234909253-1536x1152.jpg 1536w, https:\/\/lesdeclenches.info\/wp-content\/uploads\/2023\/11\/converted_IMG_20230914_234909253-2048x1536.jpg 2048w\" sizes=\"(max-width: 640px) 100vw, 640px\" \/>\t\t\t\t\t\t\t\t\t\t\t\t\t\t\t<\/div>\n\t\t\t\t<\/div>\n\t\t\t\t\t<\/div>\n\t\t<\/div>\n\t\t\t\t\t\t\t<\/div>\n\t\t<\/section>\n\t\t\t\t<section class=\"elementor-section elementor-top-section elementor-element elementor-element-2a8ff71 elementor-section-boxed elementor-section-height-default elementor-section-height-default\" data-id=\"2a8ff71\" data-element_type=\"section\">\n\t\t\t\t\t\t<div class=\"elementor-container elementor-column-gap-default\">\n\t\t\t\t\t<div class=\"elementor-column elementor-col-33 elementor-top-column elementor-element elementor-element-e2e1f14\" data-id=\"e2e1f14\" data-element_type=\"column\">\n\t\t\t<div class=\"elementor-widget-wrap elementor-element-populated\">\n\t\t\t\t\t\t\t\t<div class=\"elementor-element elementor-element-eb787a7 elementor-widget elementor-widget-image\" data-id=\"eb787a7\" data-element_type=\"widget\" data-widget_type=\"image.default\">\n\t\t\t\t<div class=\"elementor-widget-container\">\n\t\t\t\t\t\t\t\t\t\t\t\t\t\t\t<img decoding=\"async\" loading=\"lazy\" width=\"640\" height=\"480\" src=\"https:\/\/lesdeclenches.info\/wp-content\/uploads\/2023\/11\/converted_IMG_20230914_201110276-1024x768.jpg\" class=\"attachment-large size-large wp-image-1203\" alt=\"\" srcset=\"https:\/\/lesdeclenches.info\/wp-content\/uploads\/2023\/11\/converted_IMG_20230914_201110276-1024x768.jpg 1024w, https:\/\/lesdeclenches.info\/wp-content\/uploads\/2023\/11\/converted_IMG_20230914_201110276-300x225.jpg 300w, https:\/\/lesdeclenches.info\/wp-content\/uploads\/2023\/11\/converted_IMG_20230914_201110276-768x576.jpg 768w, https:\/\/lesdeclenches.info\/wp-content\/uploads\/2023\/11\/converted_IMG_20230914_201110276-1536x1152.jpg 1536w, https:\/\/lesdeclenches.info\/wp-content\/uploads\/2023\/11\/converted_IMG_20230914_201110276-2048x1536.jpg 2048w\" sizes=\"(max-width: 640px) 100vw, 640px\" \/>\t\t\t\t\t\t\t\t\t\t\t\t\t\t\t<\/div>\n\t\t\t\t<\/div>\n\t\t\t\t\t<\/div>\n\t\t<\/div>\n\t\t\t\t<div class=\"elementor-column elementor-col-33 elementor-top-column elementor-element elementor-element-5b0ffc4\" data-id=\"5b0ffc4\" data-element_type=\"column\">\n\t\t\t<div class=\"elementor-widget-wrap\">\n\t\t\t\t\t\t\t\t\t<\/div>\n\t\t<\/div>\n\t\t\t\t<div class=\"elementor-column elementor-col-33 elementor-top-column elementor-element elementor-element-a95ad5f\" data-id=\"a95ad5f\" data-element_type=\"column\">\n\t\t\t<div class=\"elementor-widget-wrap\">\n\t\t\t\t\t\t\t\t\t<\/div>\n\t\t<\/div>\n\t\t\t\t\t\t\t<\/div>\n\t\t<\/section>\n\t\t\t\t\t\t\t<\/div>\n\t\t","protected":false},"excerpt":{"rendered":"<p>Les D\u00e9clench\u00e9s ont pris pour habitude d&rsquo;\u00eatre convi\u00e9s aux quatre coins du monde. Ils d\u00e9barquent chambres photographiques sur l&rsquo;\u00e9paule, laboratoire sous le bras, les poches pleines de chimie magique et investissent les espaces : cales de bateaux, vieux conteneurs, donjons de manoirs, pontons ondulants sur les flots&#8230; Parfois, ils installent des fonds ou se saisissent [&hellip;]<\/p>\n","protected":false},"author":2,"featured_media":0,"parent":1310,"menu_order":5,"comment_status":"closed","ping_status":"closed","template":"","meta":{"footnotes":""},"_links":{"self":[{"href":"https:\/\/lesdeclenches.info\/index.php\/wp-json\/wp\/v2\/pages\/60"}],"collection":[{"href":"https:\/\/lesdeclenches.info\/index.php\/wp-json\/wp\/v2\/pages"}],"about":[{"href":"https:\/\/lesdeclenches.info\/index.php\/wp-json\/wp\/v2\/types\/page"}],"author":[{"embeddable":true,"href":"https:\/\/lesdeclenches.info\/index.php\/wp-json\/wp\/v2\/users\/2"}],"replies":[{"embeddable":true,"href":"https:\/\/lesdeclenches.info\/index.php\/wp-json\/wp\/v2\/comments?post=60"}],"version-history":[{"count":18,"href":"https:\/\/lesdeclenches.info\/index.php\/wp-json\/wp\/v2\/pages\/60\/revisions"}],"predecessor-version":[{"id":1351,"href":"https:\/\/lesdeclenches.info\/index.php\/wp-json\/wp\/v2\/pages\/60\/revisions\/1351"}],"up":[{"embeddable":true,"href":"https:\/\/lesdeclenches.info\/index.php\/wp-json\/wp\/v2\/pages\/1310"}],"wp:attachment":[{"href":"https:\/\/lesdeclenches.info\/index.php\/wp-json\/wp\/v2\/media?parent=60"}],"curies":[{"name":"wp","href":"https:\/\/api.w.org\/{rel}","templated":true}]}}