{"id":71,"date":"2018-03-01T01:36:04","date_gmt":"2018-03-01T00:36:04","guid":{"rendered":"https:\/\/lesdeclenches.info\/?page_id=71"},"modified":"2025-10-08T12:35:55","modified_gmt":"2025-10-08T10:35:55","slug":"photo-de-rue","status":"publish","type":"page","link":"https:\/\/lesdeclenches.info\/index.php\/les-studios\/photo-de-rue\/","title":{"rendered":"Photo de rue"},"content":{"rendered":"\t\t<div data-elementor-type=\"wp-post\" data-elementor-id=\"71\" class=\"elementor elementor-71\">\n\t\t\t\t\t\t\t\t\t<section class=\"elementor-section elementor-top-section elementor-element elementor-element-3acad295 elementor-section-boxed elementor-section-height-default elementor-section-height-default\" data-id=\"3acad295\" data-element_type=\"section\">\n\t\t\t\t\t\t<div class=\"elementor-container elementor-column-gap-default\">\n\t\t\t\t\t<div class=\"elementor-column elementor-col-50 elementor-top-column elementor-element elementor-element-590fb58c\" data-id=\"590fb58c\" data-element_type=\"column\">\n\t\t\t<div class=\"elementor-widget-wrap elementor-element-populated\">\n\t\t\t\t\t\t\t\t<div class=\"elementor-element elementor-element-2c1e6a2 elementor-widget elementor-widget-text-editor\" data-id=\"2c1e6a2\" data-element_type=\"widget\" data-widget_type=\"text-editor.default\">\n\t\t\t\t<div class=\"elementor-widget-container\">\n\t\t\t\t\t\t\t<p>Les D\u00e9clench\u00e9s battent le pav\u00e9, appareil sur l&rsquo;\u00e9paule ils croisent au gr\u00e9 de leur chemin des marcheurs, des curieux, des badauds, des gueules, des troupes, des meutes, des solitaires, des dormeurs, des r\u00eaveurs ! Ils sont alors saisis et interpell\u00e9s ou ils saisissent et interpellent ou saisissent en interpellant ou interpellent en saisissant&#8230; Enfin, peu importe, un lien s&rsquo;\u00e9tablit, une rencontre se fait qui m\u00e8nera, peut-\u00eatre, \u00e0 la r\u00e9alisation d&rsquo;un clich\u00e9 ! La vie continue autour, rien ne s&rsquo;arr\u00eate mais pour les mod\u00e8les d&rsquo;un jour, le temps ralentit et se suspend! Ils s&rsquo;installent guid\u00e9s par les D\u00e9clench\u00e9s ou sur leur inspiration propre puis la mise au point est faite<\/p>\n<p><\/p>\t\t\t\t\t\t<\/div>\n\t\t\t\t<\/div>\n\t\t\t\t<div class=\"elementor-element elementor-element-37371e9 elementor-widget elementor-widget-image\" data-id=\"37371e9\" data-element_type=\"widget\" data-widget_type=\"image.default\">\n\t\t\t\t<div class=\"elementor-widget-container\">\n\t\t\t\t\t\t\t\t\t\t\t\t\t\t\t<img decoding=\"async\" loading=\"lazy\" width=\"640\" height=\"480\" src=\"https:\/\/lesdeclenches.info\/wp-content\/uploads\/2020\/12\/IMG_20190925_162130-1024x768.jpg\" class=\"attachment-large size-large wp-image-592\" alt=\"\" srcset=\"https:\/\/lesdeclenches.info\/wp-content\/uploads\/2020\/12\/IMG_20190925_162130-1024x768.jpg 1024w, https:\/\/lesdeclenches.info\/wp-content\/uploads\/2020\/12\/IMG_20190925_162130-300x225.jpg 300w, https:\/\/lesdeclenches.info\/wp-content\/uploads\/2020\/12\/IMG_20190925_162130-768x576.jpg 768w, https:\/\/lesdeclenches.info\/wp-content\/uploads\/2020\/12\/IMG_20190925_162130-1536x1152.jpg 1536w, https:\/\/lesdeclenches.info\/wp-content\/uploads\/2020\/12\/IMG_20190925_162130-2048x1536.jpg 2048w\" sizes=\"(max-width: 640px) 100vw, 640px\" \/>\t\t\t\t\t\t\t\t\t\t\t\t\t\t\t<\/div>\n\t\t\t\t<\/div>\n\t\t\t\t\t<\/div>\n\t\t<\/div>\n\t\t\t\t<div class=\"elementor-column elementor-col-50 elementor-top-column elementor-element elementor-element-6735d0a\" data-id=\"6735d0a\" data-element_type=\"column\">\n\t\t\t<div class=\"elementor-widget-wrap elementor-element-populated\">\n\t\t\t\t\t\t\t\t<div class=\"elementor-element elementor-element-fb7cd29 elementor-widget elementor-widget-image\" data-id=\"fb7cd29\" data-element_type=\"widget\" data-widget_type=\"image.default\">\n\t\t\t\t<div class=\"elementor-widget-container\">\n\t\t\t\t\t\t\t\t\t\t\t\t\t\t\t<img decoding=\"async\" src=\"https:\/\/lesdeclenches.info\/wp-content\/uploads\/elementor\/thumbs\/IMG_20190920_185937-scaled-ozgw2u14lyy7x4ep1jkmgm8scfqywnqrkfxwjk0qps.jpg\" title=\"dav\" alt=\"dav\" loading=\"lazy\" \/>\t\t\t\t\t\t\t\t\t\t\t\t\t\t\t<\/div>\n\t\t\t\t<\/div>\n\t\t\t\t<div class=\"elementor-element elementor-element-3c1d1b3 elementor-widget elementor-widget-text-editor\" data-id=\"3c1d1b3\" data-element_type=\"widget\" data-widget_type=\"text-editor.default\">\n\t\t\t\t<div class=\"elementor-widget-container\">\n\t\t\t\t\t\t\t<p>L&rsquo;objectif s&rsquo;ouvre quelques secondes et les mod\u00e8les le souffle coup\u00e9 sont comme fig\u00e9s sous le regard et le d\u00e9compte des photographes. Ce temps est n\u00e9cessaire pour que les grains d&rsquo;argent se sensibilisent et gardent en latence jusqu&rsquo;au d\u00e9veloppement, une trace de cet instant d\u00e9cisif, \u00e9tir\u00e9.<\/p><p>Le d\u00e9veloppement est r\u00e9alis\u00e9 dans la foul\u00e9e. Les D\u00e9clench\u00e9s, ces personnages loufoques, compulsifs du d\u00e9clenchement se remettent \u00e0 battre le pav\u00e9, par\u00e9s de leurs tocs, leurs tics et leurs chambres photographiques.<\/p>\t\t\t\t\t\t<\/div>\n\t\t\t\t<\/div>\n\t\t\t\t\t<\/div>\n\t\t<\/div>\n\t\t\t\t\t\t\t<\/div>\n\t\t<\/section>\n\t\t\t\t<section class=\"elementor-section elementor-top-section elementor-element elementor-element-318efb4 elementor-section-boxed elementor-section-height-default elementor-section-height-default\" data-id=\"318efb4\" data-element_type=\"section\">\n\t\t\t\t\t\t<div class=\"elementor-container elementor-column-gap-default\">\n\t\t\t\t\t<div class=\"elementor-column elementor-col-100 elementor-top-column elementor-element elementor-element-81d6ea6\" data-id=\"81d6ea6\" data-element_type=\"column\">\n\t\t\t<div class=\"elementor-widget-wrap elementor-element-populated\">\n\t\t\t\t\t\t\t\t<div class=\"elementor-element elementor-element-0317abe elementor-widget-divider--view-line elementor-widget elementor-widget-divider\" data-id=\"0317abe\" data-element_type=\"widget\" data-widget_type=\"divider.default\">\n\t\t\t\t<div class=\"elementor-widget-container\">\n\t\t\t\t\t<div class=\"elementor-divider\">\n\t\t\t<span class=\"elementor-divider-separator\">\n\t\t\t\t\t\t<\/span>\n\t\t<\/div>\n\t\t\t\t<\/div>\n\t\t\t\t<\/div>\n\t\t\t\t\t<\/div>\n\t\t<\/div>\n\t\t\t\t\t\t\t<\/div>\n\t\t<\/section>\n\t\t\t\t<section class=\"elementor-section elementor-top-section elementor-element elementor-element-9d65376 elementor-section-boxed elementor-section-height-default elementor-section-height-default\" data-id=\"9d65376\" data-element_type=\"section\">\n\t\t\t\t\t\t<div class=\"elementor-container elementor-column-gap-default\">\n\t\t\t\t\t<div class=\"elementor-column elementor-col-100 elementor-top-column elementor-element elementor-element-a8cf4a5\" data-id=\"a8cf4a5\" data-element_type=\"column\">\n\t\t\t<div class=\"elementor-widget-wrap elementor-element-populated\">\n\t\t\t\t\t\t\t\t<section class=\"elementor-section elementor-inner-section elementor-element elementor-element-bef699f elementor-section-boxed elementor-section-height-default elementor-section-height-default\" data-id=\"bef699f\" data-element_type=\"section\">\n\t\t\t\t\t\t<div class=\"elementor-container elementor-column-gap-default\">\n\t\t\t\t\t<div class=\"elementor-column elementor-col-50 elementor-inner-column elementor-element elementor-element-2f27099\" data-id=\"2f27099\" data-element_type=\"column\">\n\t\t\t<div class=\"elementor-widget-wrap elementor-element-populated\">\n\t\t\t\t\t\t\t\t<div class=\"elementor-element elementor-element-dc2a0a7 elementor-widget elementor-widget-image\" data-id=\"dc2a0a7\" data-element_type=\"widget\" data-widget_type=\"image.default\">\n\t\t\t\t<div class=\"elementor-widget-container\">\n\t\t\t\t\t\t\t\t\t\t\t\t\t\t\t<img decoding=\"async\" loading=\"lazy\" width=\"640\" height=\"853\" src=\"https:\/\/lesdeclenches.info\/wp-content\/uploads\/2019\/02\/IMG_20180722_154634-768x1024.jpg\" class=\"attachment-large size-large wp-image-469\" alt=\"\" srcset=\"https:\/\/lesdeclenches.info\/wp-content\/uploads\/2019\/02\/IMG_20180722_154634-768x1024.jpg 768w, https:\/\/lesdeclenches.info\/wp-content\/uploads\/2019\/02\/IMG_20180722_154634-225x300.jpg 225w\" sizes=\"(max-width: 640px) 100vw, 640px\" \/>\t\t\t\t\t\t\t\t\t\t\t\t\t\t\t<\/div>\n\t\t\t\t<\/div>\n\t\t\t\t\t<\/div>\n\t\t<\/div>\n\t\t\t\t<div class=\"elementor-column elementor-col-50 elementor-inner-column elementor-element elementor-element-5c4d400\" data-id=\"5c4d400\" data-element_type=\"column\">\n\t\t\t<div class=\"elementor-widget-wrap elementor-element-populated\">\n\t\t\t\t\t\t\t\t<div class=\"elementor-element elementor-element-b0e0f56 elementor-widget elementor-widget-image\" data-id=\"b0e0f56\" data-element_type=\"widget\" data-widget_type=\"image.default\">\n\t\t\t\t<div class=\"elementor-widget-container\">\n\t\t\t\t\t\t\t\t\t\t\t\t\t\t\t<img decoding=\"async\" loading=\"lazy\" width=\"640\" height=\"853\" src=\"https:\/\/lesdeclenches.info\/wp-content\/uploads\/2019\/02\/IMG_20180721_160759-768x1024.jpg\" class=\"attachment-large size-large wp-image-468\" alt=\"\" srcset=\"https:\/\/lesdeclenches.info\/wp-content\/uploads\/2019\/02\/IMG_20180721_160759-768x1024.jpg 768w, https:\/\/lesdeclenches.info\/wp-content\/uploads\/2019\/02\/IMG_20180721_160759-225x300.jpg 225w\" sizes=\"(max-width: 640px) 100vw, 640px\" \/>\t\t\t\t\t\t\t\t\t\t\t\t\t\t\t<\/div>\n\t\t\t\t<\/div>\n\t\t\t\t\t<\/div>\n\t\t<\/div>\n\t\t\t\t\t\t\t<\/div>\n\t\t<\/section>\n\t\t\t\t\t<\/div>\n\t\t<\/div>\n\t\t\t\t\t\t\t<\/div>\n\t\t<\/section>\n\t\t\t\t<section class=\"elementor-section elementor-top-section elementor-element elementor-element-e9f9f40 elementor-section-boxed elementor-section-height-default elementor-section-height-default\" data-id=\"e9f9f40\" data-element_type=\"section\">\n\t\t\t\t\t\t<div class=\"elementor-container elementor-column-gap-default\">\n\t\t\t\t\t<div class=\"elementor-column elementor-col-100 elementor-top-column elementor-element elementor-element-a3010e9\" data-id=\"a3010e9\" data-element_type=\"column\">\n\t\t\t<div class=\"elementor-widget-wrap elementor-element-populated\">\n\t\t\t\t\t\t\t\t<section class=\"elementor-section elementor-inner-section elementor-element elementor-element-e06afa6 elementor-section-boxed elementor-section-height-default elementor-section-height-default\" data-id=\"e06afa6\" data-element_type=\"section\">\n\t\t\t\t\t\t<div class=\"elementor-container elementor-column-gap-default\">\n\t\t\t\t\t<div class=\"elementor-column elementor-col-50 elementor-inner-column elementor-element elementor-element-fb9708f\" data-id=\"fb9708f\" data-element_type=\"column\">\n\t\t\t<div class=\"elementor-widget-wrap elementor-element-populated\">\n\t\t\t\t\t\t\t\t<div class=\"elementor-element elementor-element-a541bda elementor-widget elementor-widget-image\" data-id=\"a541bda\" data-element_type=\"widget\" data-widget_type=\"image.default\">\n\t\t\t\t<div class=\"elementor-widget-container\">\n\t\t\t\t\t\t\t\t\t\t\t\t\t\t\t<img decoding=\"async\" loading=\"lazy\" width=\"640\" height=\"361\" src=\"https:\/\/lesdeclenches.info\/wp-content\/uploads\/2018\/03\/DSC07648-1024x577.jpg\" class=\"attachment-large size-large wp-image-62\" alt=\"\" srcset=\"https:\/\/lesdeclenches.info\/wp-content\/uploads\/2018\/03\/DSC07648-1024x577.jpg 1024w, https:\/\/lesdeclenches.info\/wp-content\/uploads\/2018\/03\/DSC07648-300x169.jpg 300w, https:\/\/lesdeclenches.info\/wp-content\/uploads\/2018\/03\/DSC07648-768x433.jpg 768w\" sizes=\"(max-width: 640px) 100vw, 640px\" \/>\t\t\t\t\t\t\t\t\t\t\t\t\t\t\t<\/div>\n\t\t\t\t<\/div>\n\t\t\t\t\t<\/div>\n\t\t<\/div>\n\t\t\t\t<div class=\"elementor-column elementor-col-50 elementor-inner-column elementor-element elementor-element-232874d\" data-id=\"232874d\" data-element_type=\"column\">\n\t\t\t<div class=\"elementor-widget-wrap elementor-element-populated\">\n\t\t\t\t\t\t\t\t<div class=\"elementor-element elementor-element-8be2d58 elementor-widget elementor-widget-image\" data-id=\"8be2d58\" data-element_type=\"widget\" data-widget_type=\"image.default\">\n\t\t\t\t<div class=\"elementor-widget-container\">\n\t\t\t\t\t\t\t\t\t\t\t\t\t\t\t<img decoding=\"async\" loading=\"lazy\" width=\"640\" height=\"480\" src=\"https:\/\/lesdeclenches.info\/wp-content\/uploads\/2019\/02\/IMG_20180909_142110-1024x768.jpg\" class=\"attachment-large size-large wp-image-471\" alt=\"\" srcset=\"https:\/\/lesdeclenches.info\/wp-content\/uploads\/2019\/02\/IMG_20180909_142110-1024x768.jpg 1024w, https:\/\/lesdeclenches.info\/wp-content\/uploads\/2019\/02\/IMG_20180909_142110-300x225.jpg 300w, https:\/\/lesdeclenches.info\/wp-content\/uploads\/2019\/02\/IMG_20180909_142110-768x576.jpg 768w\" sizes=\"(max-width: 640px) 100vw, 640px\" \/>\t\t\t\t\t\t\t\t\t\t\t\t\t\t\t<\/div>\n\t\t\t\t<\/div>\n\t\t\t\t\t<\/div>\n\t\t<\/div>\n\t\t\t\t\t\t\t<\/div>\n\t\t<\/section>\n\t\t\t\t\t<\/div>\n\t\t<\/div>\n\t\t\t\t\t\t\t<\/div>\n\t\t<\/section>\n\t\t\t\t\t\t\t<\/div>\n\t\t","protected":false},"excerpt":{"rendered":"<p>Les D\u00e9clench\u00e9s battent le pav\u00e9, appareil sur l&rsquo;\u00e9paule ils croisent au gr\u00e9 de leur chemin des marcheurs, des curieux, des badauds, des gueules, des troupes, des meutes, des solitaires, des dormeurs, des r\u00eaveurs ! Ils sont alors saisis et interpell\u00e9s ou ils saisissent et interpellent ou saisissent en interpellant ou interpellent en saisissant&#8230; Enfin, peu [&hellip;]<\/p>\n","protected":false},"author":2,"featured_media":0,"parent":1310,"menu_order":4,"comment_status":"closed","ping_status":"closed","template":"","meta":{"footnotes":""},"_links":{"self":[{"href":"https:\/\/lesdeclenches.info\/index.php\/wp-json\/wp\/v2\/pages\/71"}],"collection":[{"href":"https:\/\/lesdeclenches.info\/index.php\/wp-json\/wp\/v2\/pages"}],"about":[{"href":"https:\/\/lesdeclenches.info\/index.php\/wp-json\/wp\/v2\/types\/page"}],"author":[{"embeddable":true,"href":"https:\/\/lesdeclenches.info\/index.php\/wp-json\/wp\/v2\/users\/2"}],"replies":[{"embeddable":true,"href":"https:\/\/lesdeclenches.info\/index.php\/wp-json\/wp\/v2\/comments?post=71"}],"version-history":[{"count":20,"href":"https:\/\/lesdeclenches.info\/index.php\/wp-json\/wp\/v2\/pages\/71\/revisions"}],"predecessor-version":[{"id":1315,"href":"https:\/\/lesdeclenches.info\/index.php\/wp-json\/wp\/v2\/pages\/71\/revisions\/1315"}],"up":[{"embeddable":true,"href":"https:\/\/lesdeclenches.info\/index.php\/wp-json\/wp\/v2\/pages\/1310"}],"wp:attachment":[{"href":"https:\/\/lesdeclenches.info\/index.php\/wp-json\/wp\/v2\/media?parent=71"}],"curies":[{"name":"wp","href":"https:\/\/api.w.org\/{rel}","templated":true}]}}