{"id":914,"date":"2022-11-23T15:59:45","date_gmt":"2022-11-23T14:59:45","guid":{"rendered":"https:\/\/lesdeclenches.info\/?page_id=914"},"modified":"2025-10-08T12:32:22","modified_gmt":"2025-10-08T10:32:22","slug":"ateliers","status":"publish","type":"page","link":"https:\/\/lesdeclenches.info\/index.php\/les-dissocies\/ateliers\/","title":{"rendered":"Ateliers"},"content":{"rendered":"\t\t<div data-elementor-type=\"wp-page\" data-elementor-id=\"914\" class=\"elementor elementor-914\">\n\t\t\t\t\t\t\t\t\t<section class=\"elementor-section elementor-top-section elementor-element elementor-element-dfcf83d elementor-section-boxed elementor-section-height-default elementor-section-height-default\" data-id=\"dfcf83d\" data-element_type=\"section\">\n\t\t\t\t\t\t<div class=\"elementor-container elementor-column-gap-default\">\n\t\t\t\t\t<div class=\"elementor-column elementor-col-100 elementor-top-column elementor-element elementor-element-88594b4\" data-id=\"88594b4\" data-element_type=\"column\">\n\t\t\t<div class=\"elementor-widget-wrap elementor-element-populated\">\n\t\t\t\t\t\t\t\t<div class=\"elementor-element elementor-element-4e3c3f5 elementor-widget elementor-widget-heading\" data-id=\"4e3c3f5\" data-element_type=\"widget\" data-widget_type=\"heading.default\">\n\t\t\t\t<div class=\"elementor-widget-container\">\n\t\t\t<h2 class=\"elementor-heading-title elementor-size-default\">PLAN LARGE\/Atelier St\u00e9nop\u00e9 (Coll\u00e8ge Jean Moulin)<\/h2>\t\t<\/div>\n\t\t\t\t<\/div>\n\t\t\t\t\t<\/div>\n\t\t<\/div>\n\t\t\t\t\t\t\t<\/div>\n\t\t<\/section>\n\t\t\t\t<section class=\"elementor-section elementor-top-section elementor-element elementor-element-681e693 elementor-section-boxed elementor-section-height-default elementor-section-height-default\" data-id=\"681e693\" data-element_type=\"section\">\n\t\t\t\t\t\t<div class=\"elementor-container elementor-column-gap-default\">\n\t\t\t\t\t<div class=\"elementor-column elementor-col-100 elementor-top-column elementor-element elementor-element-1b4ae73\" data-id=\"1b4ae73\" data-element_type=\"column\">\n\t\t\t<div class=\"elementor-widget-wrap elementor-element-populated\">\n\t\t\t\t\t\t\t\t<div class=\"elementor-element elementor-element-95083cf elementor-widget elementor-widget-text-editor\" data-id=\"95083cf\" data-element_type=\"widget\" data-widget_type=\"text-editor.default\">\n\t\t\t\t<div class=\"elementor-widget-container\">\n\t\t\t\t\t\t\t<h4><em><strong>SELFIE EN CANETTE OU L&rsquo;AUTOPORTRAIT R\u00c9TRO-FUTURISTE<\/strong><\/em><\/h4>\t\t\t\t\t\t<\/div>\n\t\t\t\t<\/div>\n\t\t\t\t\t<\/div>\n\t\t<\/div>\n\t\t\t\t\t\t\t<\/div>\n\t\t<\/section>\n\t\t\t\t<section class=\"elementor-section elementor-top-section elementor-element elementor-element-47917f1 elementor-section-boxed elementor-section-height-default elementor-section-height-default\" data-id=\"47917f1\" data-element_type=\"section\">\n\t\t\t\t\t\t<div class=\"elementor-container elementor-column-gap-default\">\n\t\t\t\t\t<div class=\"elementor-column elementor-col-33 elementor-top-column elementor-element elementor-element-d056fb8\" data-id=\"d056fb8\" data-element_type=\"column\">\n\t\t\t<div class=\"elementor-widget-wrap elementor-element-populated\">\n\t\t\t\t\t\t\t\t<div class=\"elementor-element elementor-element-ddcbafe elementor-widget elementor-widget-image\" data-id=\"ddcbafe\" data-element_type=\"widget\" data-widget_type=\"image.default\">\n\t\t\t\t<div class=\"elementor-widget-container\">\n\t\t\t\t\t\t\t\t\t\t\t\t\t\t\t<img decoding=\"async\" loading=\"lazy\" width=\"640\" height=\"443\" src=\"https:\/\/lesdeclenches.info\/wp-content\/uploads\/2024\/02\/12-1024x709.jpg\" class=\"attachment-large size-large wp-image-1423\" alt=\"\" srcset=\"https:\/\/lesdeclenches.info\/wp-content\/uploads\/2024\/02\/12-1024x709.jpg 1024w, https:\/\/lesdeclenches.info\/wp-content\/uploads\/2024\/02\/12-300x208.jpg 300w, https:\/\/lesdeclenches.info\/wp-content\/uploads\/2024\/02\/12-768x532.jpg 768w, https:\/\/lesdeclenches.info\/wp-content\/uploads\/2024\/02\/12-1536x1064.jpg 1536w, https:\/\/lesdeclenches.info\/wp-content\/uploads\/2024\/02\/12-2048x1418.jpg 2048w\" sizes=\"(max-width: 640px) 100vw, 640px\" \/>\t\t\t\t\t\t\t\t\t\t\t\t\t\t\t<\/div>\n\t\t\t\t<\/div>\n\t\t\t\t<div class=\"elementor-element elementor-element-297a8e1 elementor-widget elementor-widget-image\" data-id=\"297a8e1\" data-element_type=\"widget\" data-widget_type=\"image.default\">\n\t\t\t\t<div class=\"elementor-widget-container\">\n\t\t\t\t\t\t\t\t\t\t\t\t\t\t\t<img decoding=\"async\" loading=\"lazy\" width=\"640\" height=\"534\" src=\"https:\/\/lesdeclenches.info\/wp-content\/uploads\/2024\/02\/scan-Plan-Large-021-1024x855.jpg\" class=\"attachment-large size-large wp-image-1438\" alt=\"\" srcset=\"https:\/\/lesdeclenches.info\/wp-content\/uploads\/2024\/02\/scan-Plan-Large-021-1024x855.jpg 1024w, https:\/\/lesdeclenches.info\/wp-content\/uploads\/2024\/02\/scan-Plan-Large-021-300x251.jpg 300w, https:\/\/lesdeclenches.info\/wp-content\/uploads\/2024\/02\/scan-Plan-Large-021-768x641.jpg 768w, https:\/\/lesdeclenches.info\/wp-content\/uploads\/2024\/02\/scan-Plan-Large-021-1536x1283.jpg 1536w\" sizes=\"(max-width: 640px) 100vw, 640px\" \/>\t\t\t\t\t\t\t\t\t\t\t\t\t\t\t<\/div>\n\t\t\t\t<\/div>\n\t\t\t\t\t<\/div>\n\t\t<\/div>\n\t\t\t\t<div class=\"elementor-column elementor-col-33 elementor-top-column elementor-element elementor-element-87c7c10\" data-id=\"87c7c10\" data-element_type=\"column\">\n\t\t\t<div class=\"elementor-widget-wrap elementor-element-populated\">\n\t\t\t\t\t\t\t\t<div class=\"elementor-element elementor-element-5d95c88 elementor-widget elementor-widget-image\" data-id=\"5d95c88\" data-element_type=\"widget\" data-widget_type=\"image.default\">\n\t\t\t\t<div class=\"elementor-widget-container\">\n\t\t\t\t\t\t\t\t\t\t\t\t\t\t\t<img decoding=\"async\" loading=\"lazy\" width=\"640\" height=\"477\" src=\"https:\/\/lesdeclenches.info\/wp-content\/uploads\/2024\/02\/scan-Plan-Large-020-1024x763.jpg\" class=\"attachment-large size-large wp-image-1435\" alt=\"\" srcset=\"https:\/\/lesdeclenches.info\/wp-content\/uploads\/2024\/02\/scan-Plan-Large-020-1024x763.jpg 1024w, https:\/\/lesdeclenches.info\/wp-content\/uploads\/2024\/02\/scan-Plan-Large-020-300x223.jpg 300w, https:\/\/lesdeclenches.info\/wp-content\/uploads\/2024\/02\/scan-Plan-Large-020-768x572.jpg 768w, https:\/\/lesdeclenches.info\/wp-content\/uploads\/2024\/02\/scan-Plan-Large-020-1536x1144.jpg 1536w, https:\/\/lesdeclenches.info\/wp-content\/uploads\/2024\/02\/scan-Plan-Large-020-2048x1525.jpg 2048w\" sizes=\"(max-width: 640px) 100vw, 640px\" \/>\t\t\t\t\t\t\t\t\t\t\t\t\t\t\t<\/div>\n\t\t\t\t<\/div>\n\t\t\t\t<div class=\"elementor-element elementor-element-7dee853 elementor-widget elementor-widget-image\" data-id=\"7dee853\" data-element_type=\"widget\" data-widget_type=\"image.default\">\n\t\t\t\t<div class=\"elementor-widget-container\">\n\t\t\t\t\t\t\t\t\t\t\t\t\t\t\t<img decoding=\"async\" loading=\"lazy\" width=\"640\" height=\"473\" src=\"https:\/\/lesdeclenches.info\/wp-content\/uploads\/2024\/02\/scan-Plan-Large-013-1-1024x757.jpg\" class=\"attachment-large size-large wp-image-1431\" alt=\"\" srcset=\"https:\/\/lesdeclenches.info\/wp-content\/uploads\/2024\/02\/scan-Plan-Large-013-1-1024x757.jpg 1024w, https:\/\/lesdeclenches.info\/wp-content\/uploads\/2024\/02\/scan-Plan-Large-013-1-300x222.jpg 300w, https:\/\/lesdeclenches.info\/wp-content\/uploads\/2024\/02\/scan-Plan-Large-013-1-768x568.jpg 768w, https:\/\/lesdeclenches.info\/wp-content\/uploads\/2024\/02\/scan-Plan-Large-013-1-1536x1136.jpg 1536w\" sizes=\"(max-width: 640px) 100vw, 640px\" \/>\t\t\t\t\t\t\t\t\t\t\t\t\t\t\t<\/div>\n\t\t\t\t<\/div>\n\t\t\t\t\t<\/div>\n\t\t<\/div>\n\t\t\t\t<div class=\"elementor-column elementor-col-33 elementor-top-column elementor-element elementor-element-b319d5a\" data-id=\"b319d5a\" data-element_type=\"column\">\n\t\t\t<div class=\"elementor-widget-wrap elementor-element-populated\">\n\t\t\t\t\t\t\t\t<div class=\"elementor-element elementor-element-10df940 elementor-widget elementor-widget-image\" data-id=\"10df940\" data-element_type=\"widget\" data-widget_type=\"image.default\">\n\t\t\t\t<div class=\"elementor-widget-container\">\n\t\t\t\t\t\t\t\t\t\t\t\t\t\t\t<img decoding=\"async\" loading=\"lazy\" width=\"640\" height=\"798\" src=\"https:\/\/lesdeclenches.info\/wp-content\/uploads\/2024\/02\/scan-Plan-Large-017-1-821x1024.jpg\" class=\"attachment-large size-large wp-image-1433\" alt=\"\" srcset=\"https:\/\/lesdeclenches.info\/wp-content\/uploads\/2024\/02\/scan-Plan-Large-017-1-821x1024.jpg 821w, https:\/\/lesdeclenches.info\/wp-content\/uploads\/2024\/02\/scan-Plan-Large-017-1-240x300.jpg 240w, https:\/\/lesdeclenches.info\/wp-content\/uploads\/2024\/02\/scan-Plan-Large-017-1-768x958.jpg 768w, https:\/\/lesdeclenches.info\/wp-content\/uploads\/2024\/02\/scan-Plan-Large-017-1-1231x1536.jpg 1231w, https:\/\/lesdeclenches.info\/wp-content\/uploads\/2024\/02\/scan-Plan-Large-017-1-1641x2048.jpg 1641w\" sizes=\"(max-width: 640px) 100vw, 640px\" \/>\t\t\t\t\t\t\t\t\t\t\t\t\t\t\t<\/div>\n\t\t\t\t<\/div>\n\t\t\t\t\t<\/div>\n\t\t<\/div>\n\t\t\t\t\t\t\t<\/div>\n\t\t<\/section>\n\t\t\t\t<section class=\"elementor-section elementor-top-section elementor-element elementor-element-4eeae4ef elementor-section-boxed elementor-section-height-default elementor-section-height-default\" data-id=\"4eeae4ef\" data-element_type=\"section\">\n\t\t\t\t\t\t<div class=\"elementor-container elementor-column-gap-default\">\n\t\t\t\t\t<div class=\"elementor-column elementor-col-100 elementor-top-column elementor-element elementor-element-66970be3\" data-id=\"66970be3\" data-element_type=\"column\">\n\t\t\t<div class=\"elementor-widget-wrap elementor-element-populated\">\n\t\t\t\t\t\t\t\t<div class=\"elementor-element elementor-element-c8130f5 elementor-widget elementor-widget-spacer\" data-id=\"c8130f5\" data-element_type=\"widget\" data-widget_type=\"spacer.default\">\n\t\t\t\t<div class=\"elementor-widget-container\">\n\t\t\t\t\t<div class=\"elementor-spacer\">\n\t\t\t<div class=\"elementor-spacer-inner\"><\/div>\n\t\t<\/div>\n\t\t\t\t<\/div>\n\t\t\t\t<\/div>\n\t\t\t\t<div class=\"elementor-element elementor-element-147c99b9 elementor-widget elementor-widget-heading\" data-id=\"147c99b9\" data-element_type=\"widget\" data-widget_type=\"heading.default\">\n\t\t\t\t<div class=\"elementor-widget-container\">\n\t\t\t<h2 class=\"elementor-heading-title elementor-size-default\">Ateliers Studio\/Fabrication Appareil Photo\/St\u00e9nop\u00e9<\/h2>\t\t<\/div>\n\t\t\t\t<\/div>\n\t\t\t\t\t<\/div>\n\t\t<\/div>\n\t\t\t\t\t\t\t<\/div>\n\t\t<\/section>\n\t\t\t\t<section class=\"elementor-section elementor-top-section elementor-element elementor-element-20f928c7 elementor-section-boxed elementor-section-height-default elementor-section-height-default\" data-id=\"20f928c7\" data-element_type=\"section\">\n\t\t\t\t\t\t<div class=\"elementor-container elementor-column-gap-default\">\n\t\t\t\t\t<div class=\"elementor-column elementor-col-100 elementor-top-column elementor-element elementor-element-777eb3a1\" data-id=\"777eb3a1\" data-element_type=\"column\">\n\t\t\t<div class=\"elementor-widget-wrap elementor-element-populated\">\n\t\t\t\t\t\t\t\t<div class=\"elementor-element elementor-element-293a0015 elementor-widget elementor-widget-text-editor\" data-id=\"293a0015\" data-element_type=\"widget\" data-widget_type=\"text-editor.default\">\n\t\t\t\t<div class=\"elementor-widget-container\">\n\t\t\t\t\t\t\t<p>Envie de voir l&rsquo;envers du d\u00e9cor ? De vous glisser sous le drap noir ou de fabriquer vos propres appareils photos ? Les d\u00e9clench\u00e9s associes vous proposent des ateliers d&rsquo;initiation \u00e0 la chambre photographique et de r\u00e9alisation de st\u00e9nop\u00e9, entre autres !<\/p>\t\t\t\t\t\t<\/div>\n\t\t\t\t<\/div>\n\t\t\t\t<div class=\"elementor-element elementor-element-6cb44f4f elementor-arrows-position-inside elementor-widget elementor-widget-image-carousel\" data-id=\"6cb44f4f\" data-element_type=\"widget\" data-settings=\"{&quot;slides_to_show&quot;:&quot;1&quot;,&quot;navigation&quot;:&quot;arrows&quot;,&quot;autoplay_speed&quot;:3000,&quot;autoplay&quot;:&quot;yes&quot;,&quot;pause_on_hover&quot;:&quot;yes&quot;,&quot;pause_on_interaction&quot;:&quot;yes&quot;,&quot;infinite&quot;:&quot;yes&quot;,&quot;effect&quot;:&quot;slide&quot;,&quot;speed&quot;:500}\" data-widget_type=\"image-carousel.default\">\n\t\t\t\t<div class=\"elementor-widget-container\">\n\t\t\t\t\t<div class=\"elementor-image-carousel-wrapper swiper-container\" dir=\"ltr\">\n\t\t\t<div class=\"elementor-image-carousel swiper-wrapper\" aria-live=\"off\">\n\t\t\t\t\t\t\t\t<div class=\"swiper-slide\" role=\"group\" aria-roledescription=\"slide\" aria-label=\"1 sur 4\"><figure class=\"swiper-slide-inner\"><img decoding=\"async\" class=\"swiper-slide-image\" src=\"https:\/\/lesdeclenches.info\/wp-content\/uploads\/2019\/02\/IMG_20180718_151811-1024x768.jpg\" alt=\"sdr\" \/><\/figure><\/div><div class=\"swiper-slide\" role=\"group\" aria-roledescription=\"slide\" aria-label=\"2 sur 4\"><figure class=\"swiper-slide-inner\"><img decoding=\"async\" class=\"swiper-slide-image\" src=\"https:\/\/lesdeclenches.info\/wp-content\/uploads\/2019\/02\/IMG_20180718_173241-1024x768.jpg\" alt=\"dav\" \/><\/figure><\/div><div class=\"swiper-slide\" role=\"group\" aria-roledescription=\"slide\" aria-label=\"3 sur 4\"><figure class=\"swiper-slide-inner\"><img decoding=\"async\" class=\"swiper-slide-image\" src=\"https:\/\/lesdeclenches.info\/wp-content\/uploads\/2018\/03\/20180224_175949-e1521054863245-1024x576.jpg\" alt=\"20180224_175949\" \/><\/figure><\/div><div class=\"swiper-slide\" role=\"group\" aria-roledescription=\"slide\" aria-label=\"4 sur 4\"><figure class=\"swiper-slide-inner\"><img decoding=\"async\" class=\"swiper-slide-image\" src=\"https:\/\/lesdeclenches.info\/wp-content\/uploads\/2018\/03\/20180224_180037-1-1024x576.jpg\" alt=\"20180224_180037\" \/><\/figure><\/div>\t\t\t<\/div>\n\t\t\t\t\t\t\t\t\t\t\t\t<div class=\"elementor-swiper-button elementor-swiper-button-prev\" role=\"button\" tabindex=\"0\">\n\t\t\t\t\t\t<i aria-hidden=\"true\" class=\"eicon-chevron-left\"><\/i>\t\t\t\t\t<\/div>\n\t\t\t\t\t<div class=\"elementor-swiper-button elementor-swiper-button-next\" role=\"button\" tabindex=\"0\">\n\t\t\t\t\t\t<i aria-hidden=\"true\" class=\"eicon-chevron-right\"><\/i>\t\t\t\t\t<\/div>\n\t\t\t\t\n\t\t\t\t\t\t\t\t\t<\/div>\n\t\t\t\t<\/div>\n\t\t\t\t<\/div>\n\t\t\t\t\t<\/div>\n\t\t<\/div>\n\t\t\t\t\t\t\t<\/div>\n\t\t<\/section>\n\t\t\t\t\t\t\t<\/div>\n\t\t","protected":false},"excerpt":{"rendered":"<p>PLAN LARGE\/Atelier St\u00e9nop\u00e9 (Coll\u00e8ge Jean Moulin) SELFIE EN CANETTE OU L&rsquo;AUTOPORTRAIT R\u00c9TRO-FUTURISTE Ateliers Studio\/Fabrication Appareil Photo\/St\u00e9nop\u00e9 Envie de voir l&rsquo;envers du d\u00e9cor ? De vous glisser sous le drap noir ou de fabriquer vos propres appareils photos ? Les d\u00e9clench\u00e9s associes vous proposent des ateliers d&rsquo;initiation \u00e0 la chambre photographique et de r\u00e9alisation de st\u00e9nop\u00e9, [&hellip;]<\/p>\n","protected":false},"author":2,"featured_media":0,"parent":68,"menu_order":0,"comment_status":"closed","ping_status":"closed","template":"","meta":{"footnotes":""},"_links":{"self":[{"href":"https:\/\/lesdeclenches.info\/index.php\/wp-json\/wp\/v2\/pages\/914"}],"collection":[{"href":"https:\/\/lesdeclenches.info\/index.php\/wp-json\/wp\/v2\/pages"}],"about":[{"href":"https:\/\/lesdeclenches.info\/index.php\/wp-json\/wp\/v2\/types\/page"}],"author":[{"embeddable":true,"href":"https:\/\/lesdeclenches.info\/index.php\/wp-json\/wp\/v2\/users\/2"}],"replies":[{"embeddable":true,"href":"https:\/\/lesdeclenches.info\/index.php\/wp-json\/wp\/v2\/comments?post=914"}],"version-history":[{"count":12,"href":"https:\/\/lesdeclenches.info\/index.php\/wp-json\/wp\/v2\/pages\/914\/revisions"}],"predecessor-version":[{"id":1441,"href":"https:\/\/lesdeclenches.info\/index.php\/wp-json\/wp\/v2\/pages\/914\/revisions\/1441"}],"up":[{"embeddable":true,"href":"https:\/\/lesdeclenches.info\/index.php\/wp-json\/wp\/v2\/pages\/68"}],"wp:attachment":[{"href":"https:\/\/lesdeclenches.info\/index.php\/wp-json\/wp\/v2\/media?parent=914"}],"curies":[{"name":"wp","href":"https:\/\/api.w.org\/{rel}","templated":true}]}}